{"id":24416,"date":"2025-01-03T16:23:18","date_gmt":"2025-01-03T15:23:18","guid":{"rendered":"https:\/\/dinaturez.com\/?post_type=product&#038;p=24416"},"modified":"2025-01-03T16:23:19","modified_gmt":"2025-01-03T15:23:19","slug":"alimentador-automatico-eurohunt-6-v","status":"publish","type":"product","link":"https:\/\/dinaturez.com\/pt\/product\/alimentador-automatico-eurohunt-6-v\/","title":{"rendered":"Sistema de alimenta\u00e7\u00e3o autom\u00e1tica EUROHUNT - 6 V"},"content":{"rendered":"<h3>Sistema de alimenta\u00e7\u00e3o autom\u00e1tica EUROHUNT - 6 V<\/h3>\n<p>A solu\u00e7\u00e3o ideal para uma gest\u00e3o eficiente e controlada dos seus confinamentos! Este alimentador autom\u00e1tico destaca-se pelo seu design pr\u00e1tico e resistente, garantindo o melhor desempenho em qualquer terreno.<\/p>\n<p>&nbsp;<\/p>\n<h4>Carater\u00edsticas principais:<\/h4>\n<p><strong>Caixa em ABS \u00e0 prova de \u00e1gua:<\/strong> Leve, duradouro e concebido para resistir aos elementos.<\/p>\n<p><strong>Temporizador digital:<\/strong> Permite programar at\u00e9 6 dispensas por dia.<\/p>\n<p><strong>Tempo de alimenta\u00e7\u00e3o ajust\u00e1vel:<\/strong> Definir entre 1 e 60 segundos por dispensa.<\/p>\n<p><strong>Pot\u00eancia do motor ajust\u00e1vel:<\/strong> Personalize a pot\u00eancia para 100%, 75% ou 50%, de acordo com as suas necessidades.<\/p>\n<p><strong>Temporizador de 24 horas:<\/strong> M\u00e1xima flexibilidade na programa\u00e7\u00e3o.<\/p>\n<p><strong>Compatibilidade energ\u00e9tica:<\/strong> \u00c9 alimentado por uma bateria de 6V e oferece a possibilidade de utilizar um painel solar (n\u00e3o inclu\u00eddo).<\/p>\n<p><strong>Dimens\u00f5es compactas:<\/strong> Aprox. 22,5 x 14,5 x 14,5 cm (A x L x C).<\/p>\n<p>&nbsp;<\/p>\n<h4>Vantagens do alimentador autom\u00e1tico EUROHUNT:<\/h4>\n<ul>\n<li>Controlo total sobre a alimenta\u00e7\u00e3o nas suas terras.<\/li>\n<li>F\u00e1cil instala\u00e7\u00e3o e manuten\u00e7\u00e3o.<\/li>\n<li>Seguran\u00e7a refor\u00e7ada gra\u00e7as \u00e0 sua conce\u00e7\u00e3o robusta.<\/li>\n<\/ul>\n<p>&nbsp;<\/p>\n<p><strong>Encomende agora na Dinaturez e optimize a gest\u00e3o dos seus confinamentos!<\/strong><\/p>\n<p>Com o alimentador autom\u00e1tico EUROHUNT - 6 V, disp\u00f5e de uma ferramenta fi\u00e1vel para garantir uma alimenta\u00e7\u00e3o precisa e eficiente.<\/p>","protected":false},"excerpt":{"rendered":"<p><strong>EUROHUNT - Comedouro autom\u00e1tico de 6 V com caixa em ABS \u00e0 prova de \u00e1gua, temporizador digital para um m\u00e1ximo de 6 distribui\u00e7\u00f5es por dia, tempo de alimenta\u00e7\u00e3o ajust\u00e1vel (1-60 segundos), pot\u00eancia do motor ajust\u00e1vel e compatibilidade com bateria de 6 V e painel solar (n\u00e3o inclu\u00eddos).<\/strong><\/p>","protected":false},"featured_media":24417,"template":"","meta":[],"product_brand":[],"product_cat":[105,184,186,164],"product_tag":[],"class_list":{"0":"post-24416","1":"product","2":"type-product","3":"status-publish","4":"has-post-thumbnail","6":"product_cat-accesorios","7":"product_cat-comederos","8":"product_cat-comederos-automaticos","9":"product_cat-eurohunt","11":"first","12":"instock","13":"taxable","14":"shipping-taxable","15":"purchasable","16":"product-type-simple","17":"add-to-wishlist-after_add_to_cart"},"_links":{"self":[{"href":"https:\/\/dinaturez.com\/pt\/wp-json\/wp\/v2\/product\/24416","targetHints":{"allow":["GET"]}}],"collection":[{"href":"https:\/\/dinaturez.com\/pt\/wp-json\/wp\/v2\/product"}],"about":[{"href":"https:\/\/dinaturez.com\/pt\/wp-json\/wp\/v2\/types\/product"}],"wp:featuredmedia":[{"embeddable":true,"href":"https:\/\/dinaturez.com\/pt\/wp-json\/wp\/v2\/media\/24417"}],"wp:attachment":[{"href":"https:\/\/dinaturez.com\/pt\/wp-json\/wp\/v2\/media?parent=24416"}],"wp:term":[{"taxonomy":"product_brand","embeddable":true,"href":"https:\/\/dinaturez.com\/pt\/wp-json\/wp\/v2\/product_brand?post=24416"},{"taxonomy":"product_cat","embeddable":true,"href":"https:\/\/dinaturez.com\/pt\/wp-json\/wp\/v2\/product_cat?post=24416"},{"taxonomy":"product_tag","embeddable":true,"href":"https:\/\/dinaturez.com\/pt\/wp-json\/wp\/v2\/product_tag?post=24416"}],"curies":[{"name":"wp","href":"https:\/\/api.w.org\/{rel}","templated":true}]}}