{"id":24370,"date":"2025-01-01T19:42:24","date_gmt":"2025-01-01T18:42:24","guid":{"rendered":"https:\/\/dinaturez.com\/?post_type=product&#038;p=24370"},"modified":"2025-01-01T19:48:35","modified_gmt":"2025-01-01T18:48:35","slug":"alimentador-automatico-eurohunt-evolution-con-power-lock-pellets-2-kg","status":"publish","type":"product","link":"https:\/\/dinaturez.com\/pt\/product\/alimentador-automatico-eurohunt-evolution-con-power-lock-pellets-2-kg\/","title":{"rendered":"EUROHUNT Evolution Alimentador autom\u00e1tico de pellets com Power Lock Pellets 2 kg"},"content":{"rendered":"<h3>EUROHUNT Evolution Alimentador autom\u00e1tico de pellets com Power Lock Pellets 2 kg<\/h3>\n<p>&nbsp;<\/p>\n<p>O comedouro autom\u00e1tico EUROHUNT Evolution foi concebido para proporcionar uma alimenta\u00e7\u00e3o eficiente e controlada \u00e0 vida selvagem. \u00c9 fixado de forma segura aos contentores de armazenamento por meio de um fecho de baioneta, permitindo que o alimentador seja removido sem derramar ra\u00e7\u00e3o. O suporte permanece fixo ao contentor, enquanto uma aba no suporte impede o derramamento de alimentos indesejados.<\/p>\n<p>&nbsp;<\/p>\n<p>Gra\u00e7as ao seu design inovador, o alimentador possui uma gaiola de prote\u00e7\u00e3o no prato de alimenta\u00e7\u00e3o e um funil que direciona o excesso de alimenta\u00e7\u00e3o para baixo, assegurando que n\u00e3o \u00e9 deixado qualquer alimento na \u00e1rea de eje\u00e7\u00e3o. Quando o alimentador n\u00e3o est\u00e1 a ser utilizado, o prato de distribui\u00e7\u00e3o fecha-se automaticamente, impedindo o acesso direto \u00e0 ra\u00e7\u00e3o. Quando ativado, as abas do prato abrem-se por for\u00e7a centr\u00edfuga, distribuindo a ra\u00e7\u00e3o uniformemente num raio m\u00e1ximo de 10 metros. A dist\u00e2ncia de dispers\u00e3o depender\u00e1 da for\u00e7a a que o motor \u00e9 regulado, o que permite tamb\u00e9m otimizar o consumo da bateria em fun\u00e7\u00e3o das necessidades espec\u00edficas. Uma vez terminado o processo de distribui\u00e7\u00e3o, as abas voltam a fechar-se para manter o alimento em seguran\u00e7a.<\/p>\n<p>&nbsp;<\/p>\n<p>O sistema \u00e9 f\u00e1cil de programar atrav\u00e9s da sua unidade de controlo digital e possui carater\u00edsticas avan\u00e7adas, tais como um indicador de bateria integrado, for\u00e7a motora ajust\u00e1vel, a capacidade de programar at\u00e9 6 alimenta\u00e7\u00f5es por dia e \u00e9 compat\u00edvel com uma bateria de 6V (n\u00e3o inclu\u00edda).<\/p>\n<p>&nbsp;<\/p>\n<h4>Carater\u00edsticas principais:<\/h4>\n<ul>\n<li>Distribui\u00e7\u00e3o da alimenta\u00e7\u00e3o num raio m\u00e1ximo de 10 metros (regul\u00e1vel em fun\u00e7\u00e3o da pot\u00eancia do motor).<\/li>\n<li>A pot\u00eancia ajust\u00e1vel do motor ajuda a otimizar o consumo da bateria.<\/li>\n<li>A gaiola de prote\u00e7\u00e3o com tremonha minimiza o desperd\u00edcio de ra\u00e7\u00e3o.<\/li>\n<li>Tampas de descarga que se fecham quando o alimentador est\u00e1 inativo e se abrem automaticamente por for\u00e7a centr\u00edfuga quando activadas.<\/li>\n<li>Indicador de bateria para monitoriza\u00e7\u00e3o constante do estado de energia.<\/li>\n<li>Possibilidade de programar at\u00e9 6 refei\u00e7\u00f5es por dia para uma alimenta\u00e7\u00e3o precisa.<\/li>\n<li>Alimentado por uma pilha de 6V (n\u00e3o inclu\u00edda).<\/li>\n<li>Fecho de baioneta para garantir que a alimenta\u00e7\u00e3o n\u00e3o se derrama quando o alimentador \u00e9 retirado.<\/li>\n<li>Programa\u00e7\u00e3o simples atrav\u00e9s da unidade de controlo digital.<\/li>\n<\/ul>\n<p>&nbsp;<\/p>\n<p>Al\u00e9m disso, o comedouro inclui um saco de 2 kg dos nossos granulados Power Lock, especialmente concebidos para animais biungulados. Estes granulados de s\u00e9samo estimulam a ingest\u00e3o de alimentos, favorecendo o desenvolvimento da fauna e melhorando a sua condi\u00e7\u00e3o f\u00edsica. S\u00e3o ideais como complemento das forragens e dos alimentos l\u00edquidos.<\/p>\n<p>&nbsp;<\/p>\n<p>Composi\u00e7\u00e3o dos granulados Power Lock: cevada, trigo, aveia, s\u00e9samo e subprodutos da produ\u00e7\u00e3o de cereais.<\/p>\n<p>&nbsp;<\/p>\n<p><strong>Encontre o alimentador autom\u00e1tico EUROHUNT Evolution e outros produtos concebidos para a fauna selvagem na Dinaturez, a sua loja de confian\u00e7a para equipamento e acess\u00f3rios de ca\u00e7a.<\/strong><\/p>\n<p>&nbsp;<\/p>","protected":false},"excerpt":{"rendered":"<p>Comedouro autom\u00e1tico EUROHUNT Evolution, ideal para a vida selvagem, com distribui\u00e7\u00e3o regul\u00e1vel num raio m\u00e1ximo de 10 metros e at\u00e9 6 alimenta\u00e7\u00f5es por dia. Possui pot\u00eancia do motor ajust\u00e1vel para otimiza\u00e7\u00e3o da bateria (6V, n\u00e3o inclu\u00edda), indicador de bateria integrado e fecho de baioneta seguro. Inclui 2 kg de granulado Power Lock, perfeito para complementar a alimenta\u00e7\u00e3o de animais biungulados. Encontrar na Dinaturez.<\/p>","protected":false},"featured_media":24371,"template":"","meta":[],"product_brand":[],"product_cat":[105,184,186,164,109],"product_tag":[],"class_list":{"0":"post-24370","1":"product","2":"type-product","3":"status-publish","4":"has-post-thumbnail","6":"product_cat-accesorios","7":"product_cat-comederos","8":"product_cat-comederos-automaticos","9":"product_cat-eurohunt","10":"product_cat-ofertas","12":"first","13":"instock","14":"sale","15":"taxable","16":"shipping-taxable","17":"purchasable","18":"product-type-simple","19":"add-to-wishlist-after_add_to_cart"},"_links":{"self":[{"href":"https:\/\/dinaturez.com\/pt\/wp-json\/wp\/v2\/product\/24370","targetHints":{"allow":["GET"]}}],"collection":[{"href":"https:\/\/dinaturez.com\/pt\/wp-json\/wp\/v2\/product"}],"about":[{"href":"https:\/\/dinaturez.com\/pt\/wp-json\/wp\/v2\/types\/product"}],"wp:featuredmedia":[{"embeddable":true,"href":"https:\/\/dinaturez.com\/pt\/wp-json\/wp\/v2\/media\/24371"}],"wp:attachment":[{"href":"https:\/\/dinaturez.com\/pt\/wp-json\/wp\/v2\/media?parent=24370"}],"wp:term":[{"taxonomy":"product_brand","embeddable":true,"href":"https:\/\/dinaturez.com\/pt\/wp-json\/wp\/v2\/product_brand?post=24370"},{"taxonomy":"product_cat","embeddable":true,"href":"https:\/\/dinaturez.com\/pt\/wp-json\/wp\/v2\/product_cat?post=24370"},{"taxonomy":"product_tag","embeddable":true,"href":"https:\/\/dinaturez.com\/pt\/wp-json\/wp\/v2\/product_tag?post=24370"}],"curies":[{"name":"wp","href":"https:\/\/api.w.org\/{rel}","templated":true}]}}