{"id":24335,"date":"2024-12-25T12:57:22","date_gmt":"2024-12-25T11:57:22","guid":{"rendered":"https:\/\/dinaturez.com\/?post_type=product&#038;p=24335"},"modified":"2026-03-23T13:11:35","modified_gmt":"2026-03-23T12:11:35","slug":"nuevo-cyclops-335-se","status":"publish","type":"product","link":"https:\/\/dinaturez.com\/pt\/product\/nuevo-cyclops-335-se\/","title":{"rendered":"CYCLOPS-335-SE THERMTEC"},"content":{"rendered":"<h4 data-rm-block-id=\"block-1\"><strong>ThermTec Cyclops 335-SE - o derradeiro mon\u00f3culo t\u00e9rmico para ca\u00e7adores exigentes<\/strong><\/h4>\n<h4 data-rm-block-id=\"block-2\">O <strong>Ciclope 335-SE<\/strong> \u00e9 o modelo mais avan\u00e7ado da s\u00e9rie <strong>Ciclopes<\/strong>Concebido para proporcionar um desempenho excecional em qualquer ambiente. O seu detetor <strong>NETD &lt;20 mK<\/strong> garante imagens t\u00e9rmicas de alta qualidade, enquanto os seus algoritmos de imagem t\u00e9rmica <strong>Auto-aprendizagem da IA<\/strong> otimizar a estabilidade e a nitidez da imagem em cada utiliza\u00e7\u00e3o.<\/h4>\n<p>&nbsp;<\/p>\n<h3 data-rm-block-id=\"block-9\"><strong>Tecnologia avan\u00e7ada:<\/strong><\/h3>\n<ul>\n<li data-rm-block-id=\"block-10\"><strong>Sensor VOx de microbol\u00f3metro<\/strong> n\u00e3o arrefecida com uma resolu\u00e7\u00e3o de 384\u00d7288 pix\u00e9is e uma dimens\u00e3o de pixel de 12\u00b5m.<\/li>\n<li data-rm-block-id=\"block-11\"><strong>Estabilizador de imagem EIS<\/strong> e estimativa de dist\u00e2ncia baseada em IA para uma precis\u00e3o milim\u00e9trica.<\/li>\n<li data-rm-block-id=\"block-12\"><strong>Buscador de calor integrado<\/strong> para localizar alvos de forma eficiente.<\/li>\n<\/ul>\n<h3 data-rm-block-id=\"block-13\"><strong>Funcionalidades pr\u00e1ticas:<\/strong><\/h3>\n<ul>\n<li data-rm-block-id=\"block-14\">Capte fotografias e grave v\u00eddeos na mem\u00f3ria interna de 64 GB.<\/li>\n<li data-rm-block-id=\"block-15\">Liga\u00e7\u00e3o HotSpot para controlar o dispositivo a partir do seu smartphone com a aplica\u00e7\u00e3o dedicada.<\/li>\n<li data-rm-block-id=\"block-16\">Bateria recarreg\u00e1vel com at\u00e9 16 horas de autonomia e porta USB-C para carregamento e transfer\u00eancia de dados.<\/li>\n<\/ul>\n<h3 data-rm-block-id=\"block-17\"><strong>Resist\u00eancia e conce\u00e7\u00e3o:<\/strong><\/h3>\n<ul>\n<li data-rm-block-id=\"block-18\">Constru\u00e7\u00e3o robusta com certifica\u00e7\u00e3o IP67, resistente ao p\u00f3, \u00e0 \u00e1gua e a quedas de 1 metro.<\/li>\n<li data-rm-block-id=\"block-19\">Funciona em temperaturas extremas de -20\u2103 a +50\u2103.<\/li>\n<li data-rm-block-id=\"block-20\">Compacto e leve: apenas 522 g e dimens\u00f5es de 64x64x196 mm.<\/li>\n<\/ul>\n<h3 data-rm-block-id=\"block-24\"><strong>Inclu\u00eddo na caixa:<\/strong><\/h3>\n<ul>\n<li data-rm-block-id=\"block-25\">Monocular t\u00e9rmico ThermTec Cyclops 335-SE.<\/li>\n<li data-rm-block-id=\"block-26\">Correia de pulso e de pesco\u00e7o.<\/li>\n<li data-rm-block-id=\"block-27\">Cabo USB-C para carregamento e transfer\u00eancia de dados.<\/li>\n<li data-rm-block-id=\"block-28\">Pano de limpeza e manual do utilizador.<\/li>\n<\/ul>\n<p>&nbsp;<\/p>\n<h3 data-rm-block-id=\"block-37\">Descri\u00e7\u00e3o<\/h3>\n<div class=\"content\">\n<ul class=\"article_list\">\n<li data-rm-block-id=\"block-38\">ThermTec<\/li>\n<li data-rm-block-id=\"block-39\">Monocular t\u00e9rmico<\/li>\n<li data-rm-block-id=\"block-40\">Sensor 384\u00d7288<\/li>\n<li data-rm-block-id=\"block-41\">NETD \u226420mK<\/li>\n<li data-rm-block-id=\"block-42\">Tamanho do pixel 12\u00b5m<\/li>\n<li data-rm-block-id=\"block-43\">Lente de 35 mm<\/li>\n<li data-rm-block-id=\"block-44\">Amplia\u00e7\u00e3o de 3,3X<\/li>\n<li data-rm-block-id=\"block-45\">PIP<\/li>\n<li data-rm-block-id=\"block-46\">Mem\u00f3ria interna 64GB<\/li>\n<li data-rm-block-id=\"block-47\">Estimativa de dist\u00e2ncia AI<\/li>\n<li data-rm-block-id=\"block-48\">EIS (Estabilizador eletr\u00f3nico de imagem)<\/li>\n<li data-rm-block-id=\"block-49\">Ecr\u00e3 AMOLED<\/li>\n<li data-rm-block-id=\"block-50\">Captura de imagens e grava\u00e7\u00e3o de v\u00eddeo<\/li>\n<li data-rm-block-id=\"block-51\">APP Smartphone<\/li>\n<li data-rm-block-id=\"block-52\">Bateria incorporada com autonomia de 16 horas<\/li>\n<li data-rm-block-id=\"block-53\">Conector USB tipo C<\/li>\n<li data-rm-block-id=\"block-54\">Prote\u00e7\u00e3o IP67<\/li>\n<\/ul>\n<\/div>\n<h3 data-rm-block-id=\"block-55\">Especifica\u00e7\u00f5es<\/h3>\n<div class=\"content\">\n<table class=\"specs\" border=\"0\" cellspacing=\"0\" cellpadding=\"0\">\n<tbody>\n<tr class=\"table-data\" align=\"left\" valign=\"middle\">\n<td width=\"30%\" height=\"22\" data-rm-block-id=\"block-56\"><strong>Marca<\/strong><\/td>\n<td width=\"70%\" height=\"22\" data-rm-block-id=\"block-57\">ThermTec<\/td>\n<\/tr>\n<tr class=\"table-data\" align=\"left\" valign=\"middle\">\n<td width=\"30%\" height=\"22\" data-rm-block-id=\"block-58\"><strong>Modelo<\/strong><\/td>\n<td width=\"70%\" height=\"22\" data-rm-block-id=\"block-59\">Ciclope335-SE<\/td>\n<\/tr>\n<tr class=\"table-data\" align=\"left\" valign=\"middle\">\n<td width=\"30%\" height=\"22\" data-rm-block-id=\"block-60\"><strong>Tipo de sensor<\/strong><\/td>\n<td width=\"70%\" height=\"22\" data-rm-block-id=\"block-61\">Microbol\u00f3metro VOx n\u00e3o arrefecido<\/td>\n<\/tr>\n<tr class=\"table-data\" align=\"left\" valign=\"middle\">\n<td width=\"30%\" height=\"22\" data-rm-block-id=\"block-62\"><strong>Resolu\u00e7\u00e3o<\/strong><\/td>\n<td width=\"70%\" height=\"22\" data-rm-block-id=\"block-63\">384\u00d7288 p\u00edxeis<\/td>\n<\/tr>\n<tr class=\"table-data\" align=\"left\" valign=\"middle\">\n<td width=\"30%\" height=\"22\" data-rm-block-id=\"block-64\"><strong>Tamanho do pixel<\/strong><\/td>\n<td width=\"70%\" height=\"22\" data-rm-block-id=\"block-65\">12\u00b5m<\/td>\n<\/tr>\n<tr class=\"table-data\" align=\"left\" valign=\"middle\">\n<td width=\"30%\" height=\"22\" data-rm-block-id=\"block-66\"><strong>NETD<\/strong><\/td>\n<td width=\"70%\" height=\"22\" data-rm-block-id=\"block-67\">\u226420mK@300K<\/td>\n<\/tr>\n<tr class=\"table-data\" align=\"left\" valign=\"middle\">\n<td width=\"30%\" height=\"22\" data-rm-block-id=\"block-68\"><strong>Gama espetral<\/strong><\/td>\n<td width=\"70%\" height=\"22\" data-rm-block-id=\"block-69\">8\uff5e14\u03bcm<\/td>\n<\/tr>\n<tr class=\"table-data\" align=\"left\" valign=\"middle\">\n<td width=\"30%\" height=\"22\" data-rm-block-id=\"block-70\"><strong>Lente<\/strong><\/td>\n<td width=\"70%\" height=\"22\" data-rm-block-id=\"block-71\">35mm (F#1.0, focagem manual)<\/td>\n<\/tr>\n<tr class=\"table-data\" align=\"left\" valign=\"middle\">\n<td width=\"30%\" height=\"22\" data-rm-block-id=\"block-72\"><strong>Aumentos<\/strong><\/td>\n<td width=\"70%\" height=\"22\" data-rm-block-id=\"block-73\">3,3X<\/td>\n<\/tr>\n<tr class=\"table-data\" align=\"left\" valign=\"middle\">\n<td width=\"30%\" height=\"22\" data-rm-block-id=\"block-74\"><strong>\u00c2ngulo de vis\u00e3o<\/strong><\/td>\n<td width=\"70%\" height=\"22\" data-rm-block-id=\"block-75\">7,5\u00ba x 5,6\u00ba.<\/td>\n<\/tr>\n<tr class=\"table-data\" align=\"left\" valign=\"middle\">\n<td width=\"30%\" height=\"22\" data-rm-block-id=\"block-76\"><strong>Dist\u00e2ncia de identifica\u00e7\u00e3o (humano 1,8 m)<\/strong><\/td>\n<td width=\"70%\" height=\"22\" data-rm-block-id=\"block-77\">1.800m<\/td>\n<\/tr>\n<tr class=\"table-data\" align=\"left\" valign=\"middle\">\n<td width=\"30%\" height=\"22\" data-rm-block-id=\"block-78\"><strong>Zoom digital<\/strong><\/td>\n<td width=\"70%\" height=\"22\" data-rm-block-id=\"block-79\">1x\uff5e4x cont\u00ednuo<\/td>\n<\/tr>\n<tr class=\"table-data\" align=\"left\" valign=\"middle\">\n<td width=\"30%\" height=\"22\" data-rm-block-id=\"block-80\"><strong>Paletas de cores<\/strong><\/td>\n<td width=\"70%\" height=\"22\" data-rm-block-id=\"block-81\">6<\/td>\n<\/tr>\n<tr class=\"table-data\" align=\"left\" valign=\"middle\">\n<td width=\"30%\" height=\"22\" data-rm-block-id=\"block-82\"><strong>Tipo de ecr\u00e3<\/strong><\/td>\n<td width=\"70%\" height=\"22\" data-rm-block-id=\"block-83\">OLED 0,39\u2033, resolu\u00e7\u00e3o 1024\u00d7768 pix\u00e9is, 3 modos de imagem<\/td>\n<\/tr>\n<tr class=\"table-data\" align=\"left\" valign=\"middle\">\n<td width=\"30%\" height=\"22\" data-rm-block-id=\"block-84\"><strong>Controlo di\u00f3ptrico<\/strong><\/td>\n<td width=\"70%\" height=\"22\" data-rm-block-id=\"block-85\">-5\uff5e+5<\/td>\n<\/tr>\n<tr class=\"table-data\" align=\"left\" valign=\"middle\">\n<td width=\"30%\" height=\"22\" data-rm-block-id=\"block-86\"><strong>Dist\u00e2ncia dos olhos<\/strong><\/td>\n<td width=\"70%\" height=\"22\" data-rm-block-id=\"block-87\">40 mm<\/td>\n<\/tr>\n<tr class=\"table-data\" align=\"left\" valign=\"middle\">\n<td width=\"30%\" height=\"22\" data-rm-block-id=\"block-88\"><strong>Mem\u00f3ria interna<\/strong><\/td>\n<td width=\"70%\" height=\"22\" data-rm-block-id=\"block-89\">64 GBytes<\/td>\n<\/tr>\n<tr class=\"table-data\" align=\"left\" valign=\"middle\">\n<td width=\"30%\" height=\"22\" data-rm-block-id=\"block-90\"><strong>Estimativa da dist\u00e2ncia<\/strong><\/td>\n<td width=\"70%\" height=\"22\" data-rm-block-id=\"block-91\">IA (baseada na aprendizagem profunda), MIL<\/td>\n<\/tr>\n<tr class=\"table-data\" align=\"left\" valign=\"middle\">\n<td width=\"30%\" height=\"22\" data-rm-block-id=\"block-92\"><strong>Procurador de calor<\/strong><\/td>\n<td width=\"70%\" height=\"22\" data-rm-block-id=\"block-93\">Sim<\/td>\n<\/tr>\n<tr class=\"table-data\" align=\"left\" valign=\"middle\">\n<td width=\"30%\" height=\"22\" data-rm-block-id=\"block-94\"><strong>SIA<\/strong><\/td>\n<td width=\"70%\" height=\"22\" data-rm-block-id=\"block-95\">Sim (Estabilizador eletr\u00f3nico de imagem)<\/td>\n<\/tr>\n<tr class=\"table-data\" align=\"left\" valign=\"middle\">\n<td width=\"30%\" height=\"22\" data-rm-block-id=\"block-96\"><strong>Multim\u00e9dia<\/strong><\/td>\n<td width=\"70%\" height=\"22\" data-rm-block-id=\"block-97\">Fotografia, v\u00eddeo, reprodu\u00e7\u00e3o local<\/td>\n<\/tr>\n<tr class=\"table-data\" align=\"left\" valign=\"middle\">\n<td width=\"30%\" height=\"22\" data-rm-block-id=\"block-98\"><strong>Tipo de pilha<\/strong><\/td>\n<td width=\"70%\" height=\"22\" data-rm-block-id=\"block-99\">Bateria interna, 18650 Li x 2 (recarreg\u00e1vel, n\u00e3o intercambi\u00e1vel)<\/td>\n<\/tr>\n<tr class=\"table-data\" align=\"left\" valign=\"middle\">\n<td width=\"30%\" height=\"22\" data-rm-block-id=\"block-100\"><strong>Dura\u00e7\u00e3o da bateria<\/strong><\/td>\n<td width=\"70%\" height=\"22\" data-rm-block-id=\"block-101\">Tempo de funcionamento cont\u00ednuo \u2265 16h<\/td>\n<\/tr>\n<tr class=\"table-data\" align=\"left\" valign=\"middle\">\n<td width=\"30%\" height=\"22\" data-rm-block-id=\"block-102\"><strong>Liga\u00e7\u00f5es<\/strong><\/td>\n<td width=\"70%\" height=\"22\" data-rm-block-id=\"block-103\">USB-C<br \/>\nLiga\u00e7\u00e3o ao PC para descarregar fotografias e v\u00eddeos<br \/>\nLiga\u00e7\u00e3o de carregamento do dispositivo<br \/>\nLiga\u00e7\u00e3o para sa\u00edda de v\u00eddeo anal\u00f3gico<\/td>\n<\/tr>\n<tr class=\"table-data\" align=\"left\" valign=\"middle\">\n<td width=\"30%\" height=\"22\" data-rm-block-id=\"block-104\"><strong>HotSpot<\/strong><\/td>\n<td width=\"70%\" height=\"22\" data-rm-block-id=\"block-105\">Sim, para liga\u00e7\u00e3o \u00e0 App<\/td>\n<\/tr>\n<tr class=\"table-data\" align=\"left\" valign=\"middle\">\n<td width=\"30%\" height=\"22\" data-rm-block-id=\"block-106\"><strong>Temperatura de funcionamento<\/strong><\/td>\n<td width=\"70%\" height=\"22\" data-rm-block-id=\"block-107\">-20\u2103\uff5e+50\u2103<\/td>\n<\/tr>\n<tr class=\"table-data\" align=\"left\" valign=\"middle\">\n<td width=\"30%\" height=\"22\" data-rm-block-id=\"block-108\"><strong>\u00cdndice de prote\u00e7\u00e3o<\/strong><\/td>\n<td width=\"70%\" height=\"22\" data-rm-block-id=\"block-109\">IP67, resist\u00eancia a quedas de 1 metro<\/td>\n<\/tr>\n<tr class=\"table-data\" align=\"left\" valign=\"middle\">\n<td width=\"30%\" height=\"22\" data-rm-block-id=\"block-110\"><strong>Peso<\/strong><\/td>\n<td width=\"70%\" height=\"22\" data-rm-block-id=\"block-111\">522 g (com pilhas)<\/td>\n<\/tr>\n<tr class=\"table-data\" align=\"left\" valign=\"middle\">\n<td width=\"30%\" height=\"22\" data-rm-block-id=\"block-112\"><strong>Dimens\u00f5es<\/strong><\/td>\n<td width=\"70%\" height=\"22\" data-rm-block-id=\"block-113\">64 (L) \u00d7 64 (A)\u00d7 196 (C) mm<\/td>\n<\/tr>\n<\/tbody>\n<\/table>\n<\/div>\n<h3 data-rm-block-id=\"block-114\">Conte\u00fado<\/h3>\n<div class=\"content\">\n<ul class=\"article_list\">\n<li data-rm-block-id=\"block-115\">Monocular t\u00e9rmico ThermTec<\/li>\n<li data-rm-block-id=\"block-116\">Correia de pulso e de pesco\u00e7o<\/li>\n<li data-rm-block-id=\"block-117\">Cabo de dados e de carregamento USB-C<\/li>\n<li data-rm-block-id=\"block-118\">Pano de limpeza<\/li>\n<li data-rm-block-id=\"block-119\">Manual do utilizador<\/li>\n<\/ul>\n<\/div>","protected":false},"excerpt":{"rendered":"<p>O ThermTec Cyclops 335-SE \u00e9 o mon\u00f3culo t\u00e9rmico mais avan\u00e7ado da sua s\u00e9rie, com um detetor NETD \u2264 20 mK, uma lente de 35 mm e um alcance de at\u00e9 1800 metros. Oferece imagens n\u00edtidas gra\u00e7as aos seus algoritmos de IA e funcionalidades avan\u00e7adas, como estabilizador de imagem, mem\u00f3ria interna de 64 GB e bateria com autonomia de 16 horas. Compacto, robusto (IP67) e optimizado para a ca\u00e7a em qualquer ambiente.<\/p>\n<p>&nbsp;<\/p>","protected":false},"featured_media":24338,"template":"","meta":[],"product_brand":[],"product_cat":[152,147,198,131,144,146],"product_tag":[],"class_list":{"0":"post-24335","1":"product","2":"type-product","3":"status-publish","4":"has-post-thumbnail","6":"product_cat-monoculares-cyclops","7":"product_cat-monoculares-termicos","8":"product_cat-ofertas-navidad","9":"product_cat-thermtec","10":"product_cat-vision-termica","11":"product_cat-visores-termicos","12":"ts_product_brand-promo","14":"first","15":"instock","16":"taxable","17":"shipping-taxable","18":"purchasable","19":"product-type-simple","20":"add-to-wishlist-after_add_to_cart"},"_links":{"self":[{"href":"https:\/\/dinaturez.com\/pt\/wp-json\/wp\/v2\/product\/24335","targetHints":{"allow":["GET"]}}],"collection":[{"href":"https:\/\/dinaturez.com\/pt\/wp-json\/wp\/v2\/product"}],"about":[{"href":"https:\/\/dinaturez.com\/pt\/wp-json\/wp\/v2\/types\/product"}],"wp:featuredmedia":[{"embeddable":true,"href":"https:\/\/dinaturez.com\/pt\/wp-json\/wp\/v2\/media\/24338"}],"wp:attachment":[{"href":"https:\/\/dinaturez.com\/pt\/wp-json\/wp\/v2\/media?parent=24335"}],"wp:term":[{"taxonomy":"product_brand","embeddable":true,"href":"https:\/\/dinaturez.com\/pt\/wp-json\/wp\/v2\/product_brand?post=24335"},{"taxonomy":"product_cat","embeddable":true,"href":"https:\/\/dinaturez.com\/pt\/wp-json\/wp\/v2\/product_cat?post=24335"},{"taxonomy":"product_tag","embeddable":true,"href":"https:\/\/dinaturez.com\/pt\/wp-json\/wp\/v2\/product_tag?post=24335"}],"curies":[{"name":"wp","href":"https:\/\/api.w.org\/{rel}","templated":true}]}}