{"id":24319,"date":"2024-12-22T13:53:03","date_gmt":"2024-12-22T12:53:03","guid":{"rendered":"https:\/\/dinaturez.com\/?post_type=product&#038;p=24319"},"modified":"2026-04-07T09:52:36","modified_gmt":"2026-04-07T07:52:36","slug":"atrayente-premium-spezial","status":"publish","type":"product","link":"https:\/\/dinaturez.com\/pt\/product\/atrayente-premium-spezial\/","title":{"rendered":"Atrativo PREMIUM Spezial"},"content":{"rendered":"<p>PREMIUM Spezial Attractant - Atra\u00e7\u00e3o garantida<\/p>\n<p>&nbsp;<\/p>\n<p>A revolu\u00e7\u00e3o dos atractores est\u00e1 aqui!<\/p>\n<p>&nbsp;<\/p>\n<p>Descubra PREMIUM Spezial, o melhor atrativo que combina tecnologia de ponta e experi\u00eancia no terreno. Com mais de 2 anos de desenvolvimento e testes nos terrenos mais exigentes da Europa, este produto estabelece um novo padr\u00e3o de efic\u00e1cia.<\/p>\n<p>&nbsp;<\/p>\n<p>Porqu\u00ea escolher PREMIUM Spezial?<\/p>\n<p>&nbsp;<\/p>\n<p>\u2714\ufe0f Resultados comprovados: F\u00f3rmula com efic\u00e1cia comprovada em condi\u00e7\u00f5es reais.<\/p>\n<p>\u2714\ufe0f Adaptabilidade total: Utilize-o em v\u00e1rios pontos estrat\u00e9gicos para maximizar os resultados.<\/p>\n<p>\u2714\ufe0f F\u00f3rmula exclusiva: Especificamente concebida para atrair cor\u00e7os, veados e javalis de uma forma r\u00e1pida e garantida.<\/p>\n<p>\u2714\ufe0f Eficaz a longas dist\u00e2ncias: o seu cheiro irresist\u00edvel atrai os animais de longe.<\/p>\n<p>\u2714\ufe0f Irrenunci\u00e1vel para a ca\u00e7a: Os resultados s\u00e3o imediatos e duradouros.<\/p>\n<p>\u2714\ufe0f Fabricado segundo os mais elevados padr\u00f5es de qualidade: garantia de produto de qualidade superior.<\/p>\n<p>\u2714\ufe0f Ecol\u00f3gico e sustent\u00e1vel: Respeitar o ambiente.<\/p>\n<p>\u2714\ufe0f F\u00e1cil de utilizar e de guardar: Saco que pode ser fechado para manter a frescura.<\/p>\n<p>\u2714\ufe0f Desempenho m\u00e1ximo com uma pequena quantidade: Um pouco \u00e9 suficiente para obter resultados \u00f3ptimos.<\/p>\n<p>&nbsp;<\/p>\n<p>&nbsp;<\/p>\n<p>-<\/p>\n<p>&nbsp;<\/p>\n<p>Variedades dispon\u00edveis:<\/p>\n<p>&nbsp;<\/p>\n<p>Cor\u00e7o<\/p>\n<p>&nbsp;<\/p>\n<p>Cervo<\/p>\n<p>&nbsp;<\/p>\n<p>Javali<\/p>\n<p>&nbsp;<\/p>\n<p>&nbsp;<\/p>\n<p>&nbsp;<\/p>\n<p>-<\/p>\n<p>&nbsp;<\/p>\n<p>Apresenta\u00e7\u00e3o:<\/p>\n<p>&nbsp;<\/p>\n<p>Quantidade: 750 g<\/p>\n<p>&nbsp;<\/p>\n<p>&nbsp;<\/p>\n<p>-<\/p>\n<p>&nbsp;<\/p>\n<p>Transformar a sua experi\u00eancia no terreno<\/p>\n<p>&nbsp;<\/p>\n<p>Com o isco PREMIUM Spezial, atrair\u00e1 os animais diretamente para os pontos-chave do seu campo. Optimize cada sa\u00edda e obtenha resultados excepcionais.<\/p>\n<p>&nbsp;<\/p>\n<p>Fa\u00e7a de cada dia um sucesso - experimente agora e sinta a diferen\u00e7a!<\/p>\n<p>&nbsp;<\/p>\n<p>&nbsp;<\/p>","protected":false},"excerpt":{"rendered":"<p>Atrativo PREMIUM Spezial<\/p>\n<p>&nbsp;<\/p>\n<p>Descubre el atrayente definitivo, dise\u00f1ado con la m\u00e1s alta calidad y eficacia comprobada. Ideal para corzos, ciervos y jabal\u00edes, su f\u00f3rmula irresistible atrae animales desde largas distancias con poca cantidad. Fabricado bajo estrictos est\u00e1ndares, es ecol\u00f3gico y viene en un pr\u00e1ctico envase resellable. Resultados garantizados para transformar tu experiencia en el campo.<\/p>\n<p>&nbsp;<\/p>\n<p><!--more--><\/p>","protected":false},"featured_media":27434,"template":"","meta":[],"product_brand":[],"product_cat":[17,104,164,198],"product_tag":[],"class_list":{"0":"post-24319","1":"product","2":"type-product","3":"status-publish","4":"has-post-thumbnail","6":"product_cat-uncategorized","7":"product_cat-atrayentes-y-reclamos","8":"product_cat-eurohunt","9":"product_cat-ofertas-navidad","11":"first","12":"instock","13":"sale","14":"taxable","15":"shipping-taxable","16":"purchasable","17":"product-type-variable","18":"add-to-wishlist-after_add_to_cart"},"_links":{"self":[{"href":"https:\/\/dinaturez.com\/pt\/wp-json\/wp\/v2\/product\/24319","targetHints":{"allow":["GET"]}}],"collection":[{"href":"https:\/\/dinaturez.com\/pt\/wp-json\/wp\/v2\/product"}],"about":[{"href":"https:\/\/dinaturez.com\/pt\/wp-json\/wp\/v2\/types\/product"}],"wp:featuredmedia":[{"embeddable":true,"href":"https:\/\/dinaturez.com\/pt\/wp-json\/wp\/v2\/media\/27434"}],"wp:attachment":[{"href":"https:\/\/dinaturez.com\/pt\/wp-json\/wp\/v2\/media?parent=24319"}],"wp:term":[{"taxonomy":"product_brand","embeddable":true,"href":"https:\/\/dinaturez.com\/pt\/wp-json\/wp\/v2\/product_brand?post=24319"},{"taxonomy":"product_cat","embeddable":true,"href":"https:\/\/dinaturez.com\/pt\/wp-json\/wp\/v2\/product_cat?post=24319"},{"taxonomy":"product_tag","embeddable":true,"href":"https:\/\/dinaturez.com\/pt\/wp-json\/wp\/v2\/product_tag?post=24319"}],"curies":[{"name":"wp","href":"https:\/\/api.w.org\/{rel}","templated":true}]}}