{"id":24237,"date":"2024-11-10T11:57:41","date_gmt":"2024-11-10T10:57:41","guid":{"rendered":"https:\/\/dinaturez.com\/?post_type=product&#038;p=24237"},"modified":"2024-11-10T11:57:42","modified_gmt":"2024-11-10T10:57:42","slug":"manta-polar-de-poliester-eurohunt","status":"publish","type":"product","link":"https:\/\/dinaturez.com\/pt\/product\/manta-polar-de-poliester-eurohunt\/","title":{"rendered":"Cobertor polar de poli\u00e9ster EUROHUNT"},"content":{"rendered":"<div class=\"h3 product-detail-description-title\" style=\"box-sizing: border-box; margin-top: 0px; margin-bottom: 10px; font-family: 'Filson Pro', sans-serif; font-weight: bold; line-height: 1.2; color: #4d712c; font-size: calc(1.3125rem + 0.75vw);\">Informa\u00e7\u00f5es sobre o produto<\/div>\n<p><!--more--><\/p>\n<div class=\"h3 product-detail-description-title\" style=\"box-sizing: border-box; margin-top: 0px; margin-bottom: 10px; font-family: 'Filson Pro', sans-serif; font-weight: bold; line-height: 1.2; color: #4d712c; font-size: calc(1.3125rem + 0.75vw);\">\n<div class=\"product-detail-description-text\" style=\"box-sizing: border-box; margin-bottom: 1.5rem; color: #000000; font-size: 14.4px; font-weight: 400;\"><span style=\"box-sizing: border-box; vertical-align: inherit;\">Cobertor de l\u00e3 de poli\u00e9ster quente com fechos laterais, tamb\u00e9m pode ser utilizado como saco-cama. F\u00e1cil de transportar, \u00e9 guardado num saco de transporte que poupa espa\u00e7o e \u00e9 perfeito para viajar de mochila \u00e0s costas.<\/span><br style=\"box-sizing: border-box;\" \/><br style=\"box-sizing: border-box;\" \/><span style=\"box-sizing: border-box; vertical-align: inherit;\">Materiais: poli\u00e9ster 100%.<\/span><br style=\"box-sizing: border-box;\" \/><span style=\"box-sizing: border-box; vertical-align: inherit;\">Dimens\u00f5es: aprox. 180 x 160 cm.<\/span><\/div>\n<\/div>\n<p><!--more--><\/p>","protected":false},"excerpt":{"rendered":"<div class=\"h3 product-detail-description-title\" style=\"box-sizing: border-box; margin-top: 0px; margin-bottom: 10px; font-family: 'Filson Pro', sans-serif; font-weight: bold; line-height: 1.2; color: #4d712c; font-size: calc(1.3125rem + 0.75vw);\"><\/div>\n<div class=\"product-detail-description-text\" style=\"box-sizing: border-box; margin-bottom: 1.5rem; color: #000000; font-family: 'Filson Pro', sans-serif; font-size: 14.4px;\"><span style=\"box-sizing: border-box; vertical-align: inherit;\">Cobertor de l\u00e3 quente com fechos laterais, tamb\u00e9m pode ser utilizado como saco-cama. Guarda-se num saco de transporte que poupa espa\u00e7o e \u00e9 perfeito para a mochila.<\/span><\/div>\n<div class=\"product-detail-description-text\" style=\"box-sizing: border-box; margin-bottom: 1.5rem; color: #000000; font-family: 'Filson Pro', sans-serif; font-size: 14.4px;\">Produto de alta qualidade e confort\u00e1vel.<br style=\"box-sizing: border-box;\" \/><br style=\"box-sizing: border-box;\" \/><span style=\"box-sizing: border-box; vertical-align: inherit;\">Materiais: poli\u00e9ster 100%.<\/span><br style=\"box-sizing: border-box;\" \/><span style=\"box-sizing: border-box; vertical-align: inherit;\">Dimens\u00f5es: aprox. 180 x 160 cm.<\/span><\/div>","protected":false},"featured_media":24238,"template":"","meta":[],"product_brand":[],"product_cat":[105,164],"product_tag":[],"class_list":{"0":"post-24237","1":"product","2":"type-product","3":"status-publish","4":"has-post-thumbnail","6":"product_cat-accesorios","7":"product_cat-eurohunt","9":"first","10":"instock","11":"taxable","12":"shipping-taxable","13":"purchasable","14":"product-type-simple","15":"add-to-wishlist-after_add_to_cart"},"_links":{"self":[{"href":"https:\/\/dinaturez.com\/pt\/wp-json\/wp\/v2\/product\/24237","targetHints":{"allow":["GET"]}}],"collection":[{"href":"https:\/\/dinaturez.com\/pt\/wp-json\/wp\/v2\/product"}],"about":[{"href":"https:\/\/dinaturez.com\/pt\/wp-json\/wp\/v2\/types\/product"}],"wp:featuredmedia":[{"embeddable":true,"href":"https:\/\/dinaturez.com\/pt\/wp-json\/wp\/v2\/media\/24238"}],"wp:attachment":[{"href":"https:\/\/dinaturez.com\/pt\/wp-json\/wp\/v2\/media?parent=24237"}],"wp:term":[{"taxonomy":"product_brand","embeddable":true,"href":"https:\/\/dinaturez.com\/pt\/wp-json\/wp\/v2\/product_brand?post=24237"},{"taxonomy":"product_cat","embeddable":true,"href":"https:\/\/dinaturez.com\/pt\/wp-json\/wp\/v2\/product_cat?post=24237"},{"taxonomy":"product_tag","embeddable":true,"href":"https:\/\/dinaturez.com\/pt\/wp-json\/wp\/v2\/product_tag?post=24237"}],"curies":[{"name":"wp","href":"https:\/\/api.w.org\/{rel}","templated":true}]}}