{"id":24222,"date":"2024-11-09T21:42:03","date_gmt":"2024-11-09T20:42:03","guid":{"rendered":"https:\/\/dinaturez.com\/?post_type=product&#038;p=24222"},"modified":"2026-04-05T01:01:05","modified_gmt":"2026-04-04T23:01:05","slug":"mojo-super-critter","status":"publish","type":"product","link":"https:\/\/dinaturez.com\/pt\/product\/mojo-super-critter\/","title":{"rendered":"MOJO SUPER CRITTER"},"content":{"rendered":"<div class=\"h3 product-detail-description-title\" style=\"box-sizing: border-box; margin-top: 0px; margin-bottom: 10px; font-family: 'Filson Pro', sans-serif; font-weight: bold; line-height: 1.2; color: #4d712c; font-size: calc(1.3125rem + 0.75vw);\"><span style=\"box-sizing: border-box; vertical-align: inherit;\">Informa\u00e7\u00f5es sobre o produto \"MOJO Super Critter\".<\/span><\/div>\n<div class=\"product-detail-description-text\" style=\"box-sizing: border-box; margin-bottom: 1.5rem; color: #000000; font-family: 'Filson Pro', sans-serif; font-size: 14.4px;\"><span style=\"box-sizing: border-box; vertical-align: inherit;\">O SUPER CRITTER \u00e9 verdadeiramente um caso de \"BETTER BEING BETTER\". O MOJO CRITTER provou ser o isco para predadores mais eficaz e mais popular de TODOS OS TEMPOS, e revolucionou o uso de iscos na ca\u00e7a aos predadores. Agora, a MOJO apresenta o SUPER CRITTER usando o mesmo movimento tentador, mas numa isca mais avan\u00e7ada. Inclui o topper CRITTER fixado magneticamente, pernas de trip\u00e9 incorporadas que desaparecem; caixa em ABS super-resistente; equipado com som MOJO Cottontail, interrutor de 3 vias que permite apenas movimento ou movimento MAIS som; ficha patenteada da MOJO com rosca de c\u00e2mara de \u00bc\" para permitir m\u00faltiplas op\u00e7\u00f5es de montagem. O chamariz foi especialmente concebido para permitir o controlo de ligar\/desligar a partir da maioria dos chamadores remotos que possuem uma porta auxiliar de 3,5 mm (requer um cabo macho duplo comum de 3,5 mm dispon\u00edvel como acess\u00f3rio). Funciona at\u00e9 20 horas com 4 pilhas AA (n\u00e3o inclu\u00eddas). Pr\u00e1tico suporte de pilhas amov\u00edvel sem fios que se guarda na reentr\u00e2ncia com uma tampa facilmente amov\u00edvel. Capa de couro realista amov\u00edvel - \u00e9 realmente \"O MELHOR dos MELHORES\"!<\/span><\/div>","protected":false},"excerpt":{"rendered":"<p>Se\u00f1uelo peludo Mojo con movimiento y sonido con gran realismo para atraer depredadores desde largas distancias.<\/p>\n<p>&nbsp;<\/p>\n<p>MUY EFECTIVO.<\/p>","protected":false},"featured_media":24223,"template":"","meta":[],"product_brand":[],"product_cat":[104,164],"product_tag":[],"class_list":{"0":"post-24222","1":"product","2":"type-product","3":"status-publish","4":"has-post-thumbnail","6":"product_cat-atrayentes-y-reclamos","7":"product_cat-eurohunt","8":"ts_product_brand-promo","10":"first","11":"outofstock","12":"taxable","13":"shipping-taxable","14":"purchasable","15":"product-type-simple","16":"add-to-wishlist-after_add_to_cart"},"_links":{"self":[{"href":"https:\/\/dinaturez.com\/pt\/wp-json\/wp\/v2\/product\/24222","targetHints":{"allow":["GET"]}}],"collection":[{"href":"https:\/\/dinaturez.com\/pt\/wp-json\/wp\/v2\/product"}],"about":[{"href":"https:\/\/dinaturez.com\/pt\/wp-json\/wp\/v2\/types\/product"}],"wp:featuredmedia":[{"embeddable":true,"href":"https:\/\/dinaturez.com\/pt\/wp-json\/wp\/v2\/media\/24223"}],"wp:attachment":[{"href":"https:\/\/dinaturez.com\/pt\/wp-json\/wp\/v2\/media?parent=24222"}],"wp:term":[{"taxonomy":"product_brand","embeddable":true,"href":"https:\/\/dinaturez.com\/pt\/wp-json\/wp\/v2\/product_brand?post=24222"},{"taxonomy":"product_cat","embeddable":true,"href":"https:\/\/dinaturez.com\/pt\/wp-json\/wp\/v2\/product_cat?post=24222"},{"taxonomy":"product_tag","embeddable":true,"href":"https:\/\/dinaturez.com\/pt\/wp-json\/wp\/v2\/product_tag?post=24222"}],"curies":[{"name":"wp","href":"https:\/\/api.w.org\/{rel}","templated":true}]}}