{"id":24220,"date":"2024-11-09T21:01:43","date_gmt":"2024-11-09T20:01:43","guid":{"rendered":"https:\/\/dinaturez.com\/?post_type=product&#038;p=24220"},"modified":"2026-04-20T20:18:57","modified_gmt":"2026-04-20T18:18:57","slug":"mojo-fuzzy-critter","status":"publish","type":"product","link":"https:\/\/dinaturez.com\/pt\/product\/mojo-fuzzy-critter\/","title":{"rendered":"MOJO FUZZY CRITTER"},"content":{"rendered":"<div class=\"h3 product-detail-description-title\" style=\"box-sizing: border-box; margin-top: 0px; margin-bottom: 10px; font-family: 'Filson Pro', sans-serif; font-weight: bold; line-height: 1.2; color: #4d712c; font-size: calc(1.3125rem + 0.75vw);\"><\/div>\n<div class=\"product-detail-description-text\" style=\"box-sizing: border-box; margin-bottom: 1.5rem; color: #000000; font-family: 'Filson Pro', sans-serif; font-size: 14.4px;\"><span style=\"box-sizing: border-box; vertical-align: inherit;\">O pelo est\u00e1 de volta! O isco para predadores Mojo Fuzzy Critter \u00e9 leve, port\u00e1til, simples e econ\u00f3mico.<\/span><br style=\"box-sizing: border-box;\" \/><span style=\"box-sizing: border-box; vertical-align: inherit;\">Tem uma a\u00e7\u00e3o altamente vis\u00edvel e tentadora com um pelo realista semelhante ao de uma presa que atrai e prende imediatamente a aten\u00e7\u00e3o dos predadores.<\/span><br style=\"box-sizing: border-box;\" \/><span style=\"box-sizing: border-box; vertical-align: inherit;\">A\u00e7\u00e3o intermitente e c\u00edclica para maior realismo. Atrai-os e desvia a sua aten\u00e7\u00e3o de si.<\/span><br style=\"box-sizing: border-box;\" \/><br style=\"box-sizing: border-box;\" \/><span style=\"box-sizing: border-box; vertical-align: inherit;\">Est\u00e1 provado que este isco funciona com todos os predadores e melhorar\u00e1 muito o seu sucesso.<\/span><\/div>","protected":false},"excerpt":{"rendered":"<p>Isca de mojo peludo Fuzzy Critter com movimento realista para atrair predadores como raposas a longas dist\u00e2ncias.<\/p>","protected":false},"featured_media":24221,"template":"","meta":[],"product_brand":[],"product_cat":[105,104,164],"product_tag":[],"class_list":{"0":"post-24220","1":"product","2":"type-product","3":"status-publish","4":"has-post-thumbnail","6":"product_cat-accesorios","7":"product_cat-atrayentes-y-reclamos","8":"product_cat-eurohunt","10":"first","11":"outofstock","12":"taxable","13":"shipping-taxable","14":"purchasable","15":"product-type-simple","16":"add-to-wishlist-after_add_to_cart"},"_links":{"self":[{"href":"https:\/\/dinaturez.com\/pt\/wp-json\/wp\/v2\/product\/24220","targetHints":{"allow":["GET"]}}],"collection":[{"href":"https:\/\/dinaturez.com\/pt\/wp-json\/wp\/v2\/product"}],"about":[{"href":"https:\/\/dinaturez.com\/pt\/wp-json\/wp\/v2\/types\/product"}],"wp:featuredmedia":[{"embeddable":true,"href":"https:\/\/dinaturez.com\/pt\/wp-json\/wp\/v2\/media\/24221"}],"wp:attachment":[{"href":"https:\/\/dinaturez.com\/pt\/wp-json\/wp\/v2\/media?parent=24220"}],"wp:term":[{"taxonomy":"product_brand","embeddable":true,"href":"https:\/\/dinaturez.com\/pt\/wp-json\/wp\/v2\/product_brand?post=24220"},{"taxonomy":"product_cat","embeddable":true,"href":"https:\/\/dinaturez.com\/pt\/wp-json\/wp\/v2\/product_cat?post=24220"},{"taxonomy":"product_tag","embeddable":true,"href":"https:\/\/dinaturez.com\/pt\/wp-json\/wp\/v2\/product_tag?post=24220"}],"curies":[{"name":"wp","href":"https:\/\/api.w.org\/{rel}","templated":true}]}}