{"id":24131,"date":"2024-09-13T00:41:05","date_gmt":"2024-09-12T22:41:05","guid":{"rendered":"https:\/\/dinaturez.com\/?post_type=product&#038;p=24131"},"modified":"2026-01-16T09:46:37","modified_gmt":"2026-01-16T08:46:37","slug":"wild650d","status":"publish","type":"product","link":"https:\/\/dinaturez.com\/pt\/product\/wild650d\/","title":{"rendered":"WILD650-D THERMTEC"},"content":{"rendered":"<h3 data-start=\"118\" data-end=\"170\">Monocular t\u00e9rmico de alta qualidade WILD650<\/h3>\n<h3 data-start=\"172\" data-end=\"388\">Descubra o poder da vis\u00e3o t\u00e9rmica avan\u00e7ada com o<strong data-start=\"227\" data-end=\"247\">\u00a0WILD650<\/strong>, O parceiro perfeito para ca\u00e7adores, observadores da vida selvagem e profissionais que exigem fiabilidade mesmo nas condi\u00e7\u00f5es mais exigentes.<\/h3>\n<h3 data-start=\"172\" data-end=\"388\">Carater\u00edsticas principais<\/h3>\n<ul data-start=\"425\" data-end=\"2093\">\n<li data-start=\"425\" data-end=\"658\">\n<p data-start=\"427\" data-end=\"658\">Sensor VOx n\u00e3o arrefecido de <strong data-start=\"456\" data-end=\"477\">640 \u00d7 512 pix\u00e9is<\/strong> com uma dist\u00e2ncia entre p\u00edxeis de <strong data-start=\"499\" data-end=\"508\">12 \u00b5m<\/strong>, e sensibilidade t\u00e9rmica (NETD) \u2264 18 mK, o que permite captar detalhes subtis mesmo em condi\u00e7\u00f5es dif\u00edceis.<\/p>\n<\/li>\n<li data-start=\"659\" data-end=\"847\">\n<p data-start=\"661\" data-end=\"847\">Lente fixa de <strong data-start=\"675\" data-end=\"684\">50 mm<\/strong>, com uma amplia\u00e7\u00e3o \u00f3tica de <strong data-start=\"708\" data-end=\"716\">2,8\u00d7<\/strong>, combinada com o zoom digital cont\u00ednuo de 1x a 4x para ajustar a visualiza\u00e7\u00e3o de acordo com a dist\u00e2ncia.<\/p>\n<\/li>\n<li data-start=\"848\" data-end=\"976\">\n<p data-start=\"850\" data-end=\"976\">Gama de dete\u00e7\u00e3o at\u00e9 <strong data-start=\"880\" data-end=\"896\">2.600 metros<\/strong> para objectos de tipo humano (1,8 \u00d7 0,5 m).<\/p>\n<\/li>\n<li data-start=\"977\" data-end=\"1137\">\n<p data-start=\"979\" data-end=\"1137\">Mem\u00f3ria interna de <strong data-start=\"998\" data-end=\"1007\">64 GB<\/strong>, com capacidade de captura de fotografias e v\u00eddeos, reprodu\u00e7\u00e3o local e transfer\u00eancia atrav\u00e9s de USB-C.<\/p>\n<\/li>\n<li data-start=\"1138\" data-end=\"1308\">\n<p data-start=\"1140\" data-end=\"1308\">Estabiliza\u00e7\u00e3o eletr\u00f3nica da imagem (EIS), GPS integrado e corre\u00e7\u00e3o de dioptrias de -5 a +5 dioptrias para se adaptar aos utilizadores de \u00f3culos.<\/p>\n<\/li>\n<li data-start=\"1309\" data-end=\"1505\">\n<p data-start=\"1311\" data-end=\"1505\">Conectividade Wi-Fi e Hotspot pr\u00f3prio, juntamente com a aplica\u00e7\u00e3o m\u00f3vel (ThermTec \/ Smart Thermal) para visualiza\u00e7\u00e3o em tempo real de imagens t\u00e9rmicas e gest\u00e3o de ficheiros.<\/p>\n<\/li>\n<li data-start=\"1506\" data-end=\"1691\">\n<p data-start=\"1508\" data-end=\"1691\">Bateria amov\u00edvel do tipo 18650 com uma autonomia estimada de <strong data-start=\"1563\" data-end=\"1579\">8 a 10 horas<\/strong> (consoante as condi\u00e7\u00f5es), com a possibilidade de carregamento no interior do aparelho.<\/p>\n<\/li>\n<li data-start=\"1692\" data-end=\"1847\">\n<p data-start=\"1694\" data-end=\"1847\">Caixa robusta com certificado <strong data-start=\"1729\" data-end=\"1737\">IP67<\/strong>, O dispositivo est\u00e1 protegido contra o p\u00f3 e a \u00e1gua e \u00e9 resistente a quedas (aprox. 1 m).<\/p>\n<\/li>\n<li data-start=\"1848\" data-end=\"1947\">\n<p data-start=\"1850\" data-end=\"1947\">Gama de temperaturas de funcionamento entre <strong data-start=\"1887\" data-end=\"1906\">-20 \u00b0C e +50 \u00b0C.<\/strong><\/p>\n<\/li>\n<li data-start=\"1948\" data-end=\"2093\">\n<p data-start=\"1950\" data-end=\"2093\">Design ergon\u00f3mico para utiliza\u00e7\u00e3o com uma s\u00f3 m\u00e3o: joystick intuitivo e roda de focagem de f\u00e1cil acesso.<\/p>\n<\/li>\n<\/ul>\n<p>&nbsp;<\/p>\n<h2>Especifica\u00e7\u00f5es<\/h2>\n<div class=\"content\">\n<table class=\"specs\" border=\"0\" cellspacing=\"0\" cellpadding=\"0\">\n<tbody>\n<tr class=\"table-data\" align=\"left\" valign=\"middle\">\n<td width=\"30%\" height=\"22\"><strong>Marca<\/strong><\/td>\n<td width=\"70%\" height=\"22\">ThermEye<\/td>\n<\/tr>\n<tr class=\"table-data\" align=\"left\" valign=\"middle\">\n<td width=\"30%\" height=\"22\"><strong>Modelo<\/strong><\/td>\n<td width=\"70%\" height=\"22\">WILD650D<\/td>\n<\/tr>\n<tr class=\"table-data\" align=\"left\" valign=\"middle\">\n<td width=\"30%\" height=\"22\"><strong>Tipo de sensor<\/strong><\/td>\n<td width=\"70%\" height=\"22\">Microbol\u00f3metro VOx n\u00e3o arrefecido<\/td>\n<\/tr>\n<tr class=\"table-data\" align=\"left\" valign=\"middle\">\n<td width=\"30%\" height=\"22\"><strong>Resolu\u00e7\u00e3o<\/strong><\/td>\n<td width=\"70%\" height=\"22\">640\u00d7512 p\u00edxeis<\/td>\n<\/tr>\n<tr class=\"table-data\" align=\"left\" valign=\"middle\">\n<td width=\"30%\" height=\"22\"><strong>Tamanho do pixel<\/strong><\/td>\n<td width=\"70%\" height=\"22\">12\u00b5m<\/td>\n<\/tr>\n<tr class=\"table-data\" align=\"left\" valign=\"middle\">\n<td width=\"30%\" height=\"22\"><strong>NETD<\/strong><\/td>\n<td width=\"70%\" height=\"22\">\u226418mK@300K<\/td>\n<\/tr>\n<tr class=\"table-data\" align=\"left\" valign=\"middle\">\n<td width=\"30%\" height=\"22\"><strong>Gama espetral<\/strong><\/td>\n<td width=\"70%\" height=\"22\">8\uff5e14\u03bcm<\/td>\n<\/tr>\n<tr class=\"table-data\" align=\"left\" valign=\"middle\">\n<td width=\"30%\" height=\"22\"><strong>Lente<\/strong><\/td>\n<td width=\"70%\" height=\"22\">25\/50mm<\/td>\n<\/tr>\n<tr class=\"table-data\" align=\"left\" valign=\"middle\">\n<td width=\"30%\" height=\"22\"><strong>Aumentos<\/strong><\/td>\n<td width=\"70%\" height=\"22\">1,4\/2,8X<\/td>\n<\/tr>\n<tr class=\"table-data\" align=\"left\" valign=\"middle\">\n<td width=\"30%\" height=\"22\"><strong>\u00c2ngulo de vis\u00e3o<\/strong><\/td>\n<td width=\"70%\" height=\"22\">17,5\u00b0 x 14\u00b0\/8,8\u00b0 x 7\u00b0 17,5\u00b0 x 14\u00b0\/8,8\u00b0 x 7\u00b0 17,5\u00b0 x 14\u00b0\/8,8\u00b0 x 7<\/td>\n<\/tr>\n<tr class=\"table-data\" align=\"left\" valign=\"middle\">\n<td width=\"30%\" height=\"22\"><strong>Zoom digital<\/strong><\/td>\n<td width=\"70%\" height=\"22\">1x\uff5e4x cont\u00ednuo<\/td>\n<\/tr>\n<tr class=\"table-data\" align=\"left\" valign=\"middle\">\n<td width=\"30%\" height=\"22\"><strong>Paletas de cores<\/strong><\/td>\n<td width=\"70%\" height=\"22\">6<\/td>\n<\/tr>\n<tr class=\"table-data\" align=\"left\" valign=\"middle\">\n<td width=\"30%\" height=\"22\"><strong>Tipo de ecr\u00e3<\/strong><\/td>\n<td width=\"70%\" height=\"22\">OLED 0,39\u2033, resolu\u00e7\u00e3o 1024\u00d7768 pix\u00e9is,<\/td>\n<\/tr>\n<tr class=\"table-data\" align=\"left\" valign=\"middle\">\n<td width=\"30%\" height=\"22\"><strong>Corre\u00e7\u00e3o de dioptrias<\/strong><\/td>\n<td width=\"70%\" height=\"22\">-5\uff5e+5<\/td>\n<\/tr>\n<tr class=\"table-data\" align=\"left\" valign=\"middle\">\n<td width=\"30%\" height=\"22\"><strong>Dist\u00e2ncia dos olhos<\/strong><\/td>\n<td width=\"70%\" height=\"22\">40 mm<\/td>\n<\/tr>\n<tr class=\"table-data\" align=\"left\" valign=\"middle\">\n<td width=\"30%\" height=\"22\"><strong>Mem\u00f3ria interna<\/strong><\/td>\n<td width=\"70%\" height=\"22\">64 GBytes<\/td>\n<\/tr>\n<tr class=\"table-data\" align=\"left\" valign=\"middle\">\n<td width=\"30%\" height=\"22\"><strong>Estimativa da dist\u00e2ncia<\/strong><\/td>\n<td width=\"70%\" height=\"22\">IA (baseada na aprendizagem profunda)<\/td>\n<\/tr>\n<tr class=\"table-data\" align=\"left\" valign=\"middle\">\n<td width=\"30%\" height=\"22\"><strong>Procurador de calor<\/strong><\/td>\n<td width=\"70%\" height=\"22\">Sim<\/td>\n<\/tr>\n<tr class=\"table-data\" align=\"left\" valign=\"middle\">\n<td width=\"30%\" height=\"22\"><strong>SIA<\/strong><\/td>\n<td width=\"70%\" height=\"22\">Sim (Estabilizador eletr\u00f3nico de imagem)<\/td>\n<\/tr>\n<tr class=\"table-data\" align=\"left\" valign=\"middle\">\n<td width=\"30%\" height=\"22\"><strong>Multim\u00e9dia<\/strong><\/td>\n<td width=\"70%\" height=\"22\">Fotografia, v\u00eddeo, reprodu\u00e7\u00e3o local<\/td>\n<\/tr>\n<tr class=\"table-data\" align=\"left\" valign=\"middle\">\n<td width=\"30%\" height=\"22\"><strong>Tipo de pilha<\/strong><\/td>\n<td width=\"70%\" height=\"22\">Bateria amov\u00edvel 18.650 (recarreg\u00e1vel)<\/td>\n<\/tr>\n<tr class=\"table-data\" align=\"left\" valign=\"middle\">\n<td width=\"30%\" height=\"22\"><strong>Dura\u00e7\u00e3o da bateria<\/strong><\/td>\n<td width=\"70%\" height=\"22\">Tempo de funcionamento cont\u00ednuo \u2265 8h<\/td>\n<\/tr>\n<tr class=\"table-data\" align=\"left\" valign=\"middle\">\n<td width=\"30%\" height=\"22\"><strong>Liga\u00e7\u00f5es<\/strong><\/td>\n<td width=\"70%\" height=\"22\">USB tipo C<br \/>\nLiga\u00e7\u00e3o ao PC para descarregar fotografias e v\u00eddeos<br \/>\nLiga\u00e7\u00e3o de carregamento do dispositivo<\/td>\n<\/tr>\n<tr class=\"table-data\" align=\"left\" valign=\"middle\">\n<td width=\"30%\" height=\"22\"><\/td>\n<td width=\"70%\" height=\"22\">Wi-Fi<br \/>\nLiga\u00e7\u00e3o Wi-Fi com a aplica\u00e7\u00e3o<br \/>\nLiga\u00e7\u00e3o Hotspot com a aplica\u00e7\u00e3o<\/td>\n<\/tr>\n<tr class=\"table-data\" align=\"left\" valign=\"middle\">\n<td width=\"30%\" height=\"22\"><strong>Temperatura de funcionamento<\/strong><\/td>\n<td width=\"70%\" height=\"22\">-20\u2103\uff5e+50\u2103<\/td>\n<\/tr>\n<tr class=\"table-data\" align=\"left\" valign=\"middle\">\n<td width=\"30%\" height=\"22\"><strong>\u00cdndice de prote\u00e7\u00e3o<\/strong><\/td>\n<td width=\"70%\" height=\"22\">IP67, resist\u00eancia a quedas de 1 metro<\/td>\n<\/tr>\n<tr class=\"table-data\" align=\"left\" valign=\"middle\">\n<td width=\"30%\" height=\"22\"><strong>Peso<\/strong><\/td>\n<td width=\"70%\" height=\"22\">648g<\/td>\n<\/tr>\n<tr class=\"table-data\" align=\"left\" valign=\"middle\">\n<td width=\"30%\" height=\"22\"><strong>Dimens\u00f5es<\/strong><\/td>\n<td width=\"70%\" height=\"22\">81 (L) \u00d7 71 (A)\u00d7 210 (C) mm<\/td>\n<\/tr>\n<tr class=\"table-data\" align=\"left\" valign=\"middle\">\n<td width=\"30%\" height=\"22\"><strong>Dist\u00e2ncia de dete\u00e7\u00e3o<\/strong><\/td>\n<td width=\"70%\" height=\"22\">1.300\/2.600m<\/td>\n<\/tr>\n<\/tbody>\n<\/table>\n<\/div>\n<h2>Conte\u00fado<\/h2>\n<div class=\"content\">\n<ul class=\"article_list\">\n<li>Monocular t\u00e9rmico WILD-D<\/li>\n<li>Cabo de dados e de carregamento USB-C<\/li>\n<li>Carregador duplo 18.650<\/li>\n<li>Bateria 18.650 (2X)<\/li>\n<li>Correia para o pesco\u00e7o<\/li>\n<li>Tira sujeci\u00f3n mano<\/li>\n<li>Pano de limpeza<\/li>\n<li>Manual do utilizador<\/li>\n<\/ul>\n<\/div>","protected":false},"excerpt":{"rendered":"<h3 data-start=\"118\" data-end=\"170\">Monocular t\u00e9rmico de alta qualidade WILD650<\/h3>\n<h3 data-start=\"172\" data-end=\"388\">Descubra o poder da vis\u00e3o t\u00e9rmica avan\u00e7ada com o <strong data-start=\"227\" data-end=\"247\">ThermTec WILD650<\/strong>, O parceiro perfeito para ca\u00e7adores, observadores da vida selvagem e profissionais que exigem fiabilidade mesmo nas condi\u00e7\u00f5es mais exigentes.<\/h3>","protected":false},"featured_media":24132,"template":"","meta":[],"product_brand":[],"product_cat":[147,165,144],"product_tag":[],"class_list":{"0":"post-24131","1":"product","2":"type-product","3":"status-publish","4":"has-post-thumbnail","6":"product_cat-monoculares-termicos","7":"product_cat-monoculares-wild","8":"product_cat-vision-termica","10":"first","11":"instock","12":"taxable","13":"shipping-taxable","14":"purchasable","15":"product-type-simple","16":"add-to-wishlist-after_add_to_cart"},"_links":{"self":[{"href":"https:\/\/dinaturez.com\/pt\/wp-json\/wp\/v2\/product\/24131","targetHints":{"allow":["GET"]}}],"collection":[{"href":"https:\/\/dinaturez.com\/pt\/wp-json\/wp\/v2\/product"}],"about":[{"href":"https:\/\/dinaturez.com\/pt\/wp-json\/wp\/v2\/types\/product"}],"wp:featuredmedia":[{"embeddable":true,"href":"https:\/\/dinaturez.com\/pt\/wp-json\/wp\/v2\/media\/24132"}],"wp:attachment":[{"href":"https:\/\/dinaturez.com\/pt\/wp-json\/wp\/v2\/media?parent=24131"}],"wp:term":[{"taxonomy":"product_brand","embeddable":true,"href":"https:\/\/dinaturez.com\/pt\/wp-json\/wp\/v2\/product_brand?post=24131"},{"taxonomy":"product_cat","embeddable":true,"href":"https:\/\/dinaturez.com\/pt\/wp-json\/wp\/v2\/product_cat?post=24131"},{"taxonomy":"product_tag","embeddable":true,"href":"https:\/\/dinaturez.com\/pt\/wp-json\/wp\/v2\/product_tag?post=24131"}],"curies":[{"name":"wp","href":"https:\/\/api.w.org\/{rel}","templated":true}]}}