{"id":24125,"date":"2024-09-13T00:33:25","date_gmt":"2024-09-12T22:33:25","guid":{"rendered":"https:\/\/dinaturez.com\/?post_type=product&#038;p=24125"},"modified":"2026-01-16T09:48:29","modified_gmt":"2026-01-16T08:48:29","slug":"wild350d","status":"publish","type":"product","link":"https:\/\/dinaturez.com\/pt\/product\/wild350d\/","title":{"rendered":"WILD350-D THERMTEC"},"content":{"rendered":"<h3>O WILD 350D \u00e9 um monocular t\u00e9rmico port\u00e1til da s\u00e9rie \u201cWild-D\u201d, concebido para observa\u00e7\u00e3o noturna, ca\u00e7a, vigil\u00e2ncia, fauna ou tarefas ao ar livre com pouca luz. O seu design combina portabilidade, facilidade de utiliza\u00e7\u00e3o com uma s\u00f3 m\u00e3o e funcionalidades relativamente avan\u00e7adas dentro da sua gama.<\/h3>\n<div class=\"content\">\n<p>&nbsp;<\/p>\n<\/div>\n<h3>Especifica\u00e7\u00f5es<\/h3>\n<div class=\"content\">\n<table class=\"specs\" border=\"0\" cellspacing=\"0\" cellpadding=\"0\">\n<tbody>\n<tr class=\"table-data\" align=\"left\" valign=\"middle\">\n<td width=\"30%\" height=\"22\"><strong>Marca<\/strong><\/td>\n<td width=\"70%\" height=\"22\">ThermEye<\/td>\n<\/tr>\n<tr class=\"table-data\" align=\"left\" valign=\"middle\">\n<td width=\"30%\" height=\"22\"><strong>Modelo<\/strong><\/td>\n<td width=\"70%\" height=\"22\">WILD350D<\/td>\n<\/tr>\n<tr class=\"table-data\" align=\"left\" valign=\"middle\">\n<td width=\"30%\" height=\"22\"><strong>Tipo de sensor<\/strong><\/td>\n<td width=\"70%\" height=\"22\">Microbol\u00f3metro VOx n\u00e3o arrefecido<\/td>\n<\/tr>\n<tr class=\"table-data\" align=\"left\" valign=\"middle\">\n<td width=\"30%\" height=\"22\"><strong>Resolu\u00e7\u00e3o<\/strong><\/td>\n<td width=\"70%\" height=\"22\">384\u00d7288 p\u00edxeis<\/td>\n<\/tr>\n<tr class=\"table-data\" align=\"left\" valign=\"middle\">\n<td width=\"30%\" height=\"22\"><strong>Tamanho do pixel<\/strong><\/td>\n<td width=\"70%\" height=\"22\">12\u00b5m<\/td>\n<\/tr>\n<tr class=\"table-data\" align=\"left\" valign=\"middle\">\n<td width=\"30%\" height=\"22\"><strong>NETD<\/strong><\/td>\n<td width=\"70%\" height=\"22\">\u226418mK@300K<\/td>\n<\/tr>\n<tr class=\"table-data\" align=\"left\" valign=\"middle\">\n<td width=\"30%\" height=\"22\"><strong>Gama espetral<\/strong><\/td>\n<td width=\"70%\" height=\"22\">8\uff5e14\u03bcm<\/td>\n<\/tr>\n<tr class=\"table-data\" align=\"left\" valign=\"middle\">\n<td width=\"30%\" height=\"22\"><strong>Lente<\/strong><\/td>\n<td width=\"70%\" height=\"22\">25\/50mm<\/td>\n<\/tr>\n<tr class=\"table-data\" align=\"left\" valign=\"middle\">\n<td width=\"30%\" height=\"22\"><strong>Aumentos<\/strong><\/td>\n<td width=\"70%\" height=\"22\">2,4\/4,8X<\/td>\n<\/tr>\n<tr class=\"table-data\" align=\"left\" valign=\"middle\">\n<td width=\"30%\" height=\"22\"><strong>\u00c2ngulo de vis\u00e3o<\/strong><\/td>\n<td width=\"70%\" height=\"22\">10,5\u00ba x 7,9\u00ba\/5,3\u00ba x 4\u00ba<\/td>\n<\/tr>\n<tr class=\"table-data\" align=\"left\" valign=\"middle\">\n<td width=\"30%\" height=\"22\"><strong>Zoom digital<\/strong><\/td>\n<td width=\"70%\" height=\"22\">1x\uff5e4x cont\u00ednuo<\/td>\n<\/tr>\n<tr class=\"table-data\" align=\"left\" valign=\"middle\">\n<td width=\"30%\" height=\"22\"><strong>Paletas de cores<\/strong><\/td>\n<td width=\"70%\" height=\"22\">6<\/td>\n<\/tr>\n<tr class=\"table-data\" align=\"left\" valign=\"middle\">\n<td width=\"30%\" height=\"22\"><strong>Tipo de ecr\u00e3<\/strong><\/td>\n<td width=\"70%\" height=\"22\">OLED 0,39\u2033, resolu\u00e7\u00e3o 1024\u00d7768 pix\u00e9is,<\/td>\n<\/tr>\n<tr class=\"table-data\" align=\"left\" valign=\"middle\">\n<td width=\"30%\" height=\"22\"><strong>Corre\u00e7\u00e3o de dioptrias<\/strong><\/td>\n<td width=\"70%\" height=\"22\">-5\uff5e+5<\/td>\n<\/tr>\n<tr class=\"table-data\" align=\"left\" valign=\"middle\">\n<td width=\"30%\" height=\"22\"><strong>Dist\u00e2ncia dos olhos<\/strong><\/td>\n<td width=\"70%\" height=\"22\">40 mm<\/td>\n<\/tr>\n<tr class=\"table-data\" align=\"left\" valign=\"middle\">\n<td width=\"30%\" height=\"22\"><strong>Mem\u00f3ria interna<\/strong><\/td>\n<td width=\"70%\" height=\"22\">64 GBytes<\/td>\n<\/tr>\n<tr class=\"table-data\" align=\"left\" valign=\"middle\">\n<td width=\"30%\" height=\"22\"><strong>Estimativa da dist\u00e2ncia<\/strong><\/td>\n<td width=\"70%\" height=\"22\">IA (baseada na aprendizagem profunda)<\/td>\n<\/tr>\n<tr class=\"table-data\" align=\"left\" valign=\"middle\">\n<td width=\"30%\" height=\"22\"><strong>Procurador de calor<\/strong><\/td>\n<td width=\"70%\" height=\"22\">Sim<\/td>\n<\/tr>\n<tr class=\"table-data\" align=\"left\" valign=\"middle\">\n<td width=\"30%\" height=\"22\"><strong>SIA<\/strong><\/td>\n<td width=\"70%\" height=\"22\">Sim (Estabilizador eletr\u00f3nico de imagem)<\/td>\n<\/tr>\n<tr class=\"table-data\" align=\"left\" valign=\"middle\">\n<td width=\"30%\" height=\"22\"><strong>Multim\u00e9dia<\/strong><\/td>\n<td width=\"70%\" height=\"22\">Fotografia, v\u00eddeo, reprodu\u00e7\u00e3o local<\/td>\n<\/tr>\n<tr class=\"table-data\" align=\"left\" valign=\"middle\">\n<td width=\"30%\" height=\"22\"><strong>Tipo de pilha<\/strong><\/td>\n<td width=\"70%\" height=\"22\">Bateria amov\u00edvel 18.650 (recarreg\u00e1vel)<\/td>\n<\/tr>\n<tr class=\"table-data\" align=\"left\" valign=\"middle\">\n<td width=\"30%\" height=\"22\"><strong>Dura\u00e7\u00e3o da bateria<\/strong><\/td>\n<td width=\"70%\" height=\"22\">Tempo de funcionamento cont\u00ednuo \u2265 8h<\/td>\n<\/tr>\n<tr class=\"table-data\" align=\"left\" valign=\"middle\">\n<td width=\"30%\" height=\"22\"><strong>Liga\u00e7\u00f5es<\/strong><\/td>\n<td width=\"70%\" height=\"22\">USB tipo C<br \/>\nLiga\u00e7\u00e3o ao PC para descarregar fotografias e v\u00eddeos<br \/>\nLiga\u00e7\u00e3o de carregamento do dispositivo<\/td>\n<\/tr>\n<tr class=\"table-data\" align=\"left\" valign=\"middle\">\n<td width=\"30%\" height=\"22\"><\/td>\n<td width=\"70%\" height=\"22\">Wi-Fi<br \/>\nLiga\u00e7\u00e3o Wi-Fi com a aplica\u00e7\u00e3o<br \/>\nLiga\u00e7\u00e3o Hotspot com a aplica\u00e7\u00e3o<\/td>\n<\/tr>\n<tr class=\"table-data\" align=\"left\" valign=\"middle\">\n<td width=\"30%\" height=\"22\"><strong>Temperatura de funcionamento<\/strong><\/td>\n<td width=\"70%\" height=\"22\">-20\u2103\uff5e+50\u2103<\/td>\n<\/tr>\n<tr class=\"table-data\" align=\"left\" valign=\"middle\">\n<td width=\"30%\" height=\"22\"><strong>\u00cdndice de prote\u00e7\u00e3o<\/strong><\/td>\n<td width=\"70%\" height=\"22\">IP67, resist\u00eancia a quedas de 1 metro<\/td>\n<\/tr>\n<tr class=\"table-data\" align=\"left\" valign=\"middle\">\n<td width=\"30%\" height=\"22\"><strong>Peso<\/strong><\/td>\n<td width=\"70%\" height=\"22\">648g<\/td>\n<\/tr>\n<tr class=\"table-data\" align=\"left\" valign=\"middle\">\n<td width=\"30%\" height=\"22\"><strong>Dimens\u00f5es<\/strong><\/td>\n<td width=\"70%\" height=\"22\">81 (L) \u00d7 71 (A)\u00d7 210 (C) mm<\/td>\n<\/tr>\n<tr class=\"table-data\" align=\"left\" valign=\"middle\">\n<td width=\"30%\" height=\"22\"><strong>Dist\u00e2ncia de dete\u00e7\u00e3o<\/strong><\/td>\n<td width=\"70%\" height=\"22\">1.300\/2.600m<\/td>\n<\/tr>\n<\/tbody>\n<\/table>\n<\/div>\n<h3>Conte\u00fado<\/h3>\n<div class=\"content\">\n<ul class=\"article_list\">\n<li>Monocular t\u00e9rmico WILD-D<\/li>\n<li>Cabo de dados e de carregamento USB-C<\/li>\n<li>Carregador duplo 18.650<\/li>\n<li>Bateria 18.650 (2X)<\/li>\n<li>Correia para o pesco\u00e7o<\/li>\n<li>Tira sujeci\u00f3n mano<\/li>\n<li>Pano de limpeza<\/li>\n<li>Manual do utilizador<\/li>\n<\/ul>\n<\/div>","protected":false},"excerpt":{"rendered":"<h3>O WILD 350D \u00e9 um monocular t\u00e9rmico port\u00e1til da s\u00e9rie \u201cWild-D\u201d, concebido para observa\u00e7\u00e3o noturna, ca\u00e7a, vigil\u00e2ncia, fauna ou tarefas ao ar livre com pouca luz. O seu design combina portabilidade, facilidade de utiliza\u00e7\u00e3o com uma s\u00f3 m\u00e3o e funcionalidades relativamente avan\u00e7adas dentro da sua gama.<\/h3>","protected":false},"featured_media":24127,"template":"","meta":[],"product_brand":[],"product_cat":[165,144],"product_tag":[],"class_list":{"0":"post-24125","1":"product","2":"type-product","3":"status-publish","4":"has-post-thumbnail","6":"product_cat-monoculares-wild","7":"product_cat-vision-termica","9":"first","10":"instock","11":"taxable","12":"shipping-taxable","13":"purchasable","14":"product-type-simple","15":"add-to-wishlist-after_add_to_cart"},"_links":{"self":[{"href":"https:\/\/dinaturez.com\/pt\/wp-json\/wp\/v2\/product\/24125","targetHints":{"allow":["GET"]}}],"collection":[{"href":"https:\/\/dinaturez.com\/pt\/wp-json\/wp\/v2\/product"}],"about":[{"href":"https:\/\/dinaturez.com\/pt\/wp-json\/wp\/v2\/types\/product"}],"wp:featuredmedia":[{"embeddable":true,"href":"https:\/\/dinaturez.com\/pt\/wp-json\/wp\/v2\/media\/24127"}],"wp:attachment":[{"href":"https:\/\/dinaturez.com\/pt\/wp-json\/wp\/v2\/media?parent=24125"}],"wp:term":[{"taxonomy":"product_brand","embeddable":true,"href":"https:\/\/dinaturez.com\/pt\/wp-json\/wp\/v2\/product_brand?post=24125"},{"taxonomy":"product_cat","embeddable":true,"href":"https:\/\/dinaturez.com\/pt\/wp-json\/wp\/v2\/product_cat?post=24125"},{"taxonomy":"product_tag","embeddable":true,"href":"https:\/\/dinaturez.com\/pt\/wp-json\/wp\/v2\/product_tag?post=24125"}],"curies":[{"name":"wp","href":"https:\/\/api.w.org\/{rel}","templated":true}]}}