{"id":24116,"date":"2024-09-07T12:16:13","date_gmt":"2024-09-07T10:16:13","guid":{"rendered":"https:\/\/dinaturez.com\/?post_type=product&#038;p=24116"},"modified":"2026-04-14T10:42:36","modified_gmt":"2026-04-14T08:42:36","slug":"espectacular-camara-gardepro-x50-sp350","status":"publish","type":"product","link":"https:\/\/dinaturez.com\/pt\/product\/espectacular-camara-gardepro-x50-sp350\/","title":{"rendered":"C\u00e2mara GardePro X50 + SP350"},"content":{"rendered":"<h3 data-rm-block-id=\"block-1\">Espetacular c\u00e2mara GardePro x50 + Painel solar SP350<\/h3>\n<h3 data-rm-block-id=\"block-3\">Na Dinaturez, orgulhamo-nos de oferecer um servi\u00e7o p\u00f3s-venda inigual\u00e1vel no mercado. A nossa rela\u00e7\u00e3o direta com fabricantes internacionais permite-nos garantir um atendimento r\u00e1pido e eficiente aos nossos clientes.<\/h3>\n<p data-rm-block-id=\"block-4\">C\u00e2mara LIVRE<\/p>\n<p data-rm-block-id=\"block-5\">Este conjunto combina o <strong data-start=\"197\" data-end=\"225\">C\u00e2mara de rasto GardePro X50 4G<\/strong> com o <strong data-start=\"233\" data-end=\"254\">painel solar SP350<\/strong>, ideal para a capta\u00e7\u00e3o de imagens da vida selvagem, vigil\u00e2ncia remota ou monitoriza\u00e7\u00e3o exterior sem eletricidade.<\/p>\n<p data-rm-block-id=\"block-6\">Envio <strong data-start=\"510\" data-end=\"539\">fotografias e v\u00eddeos atrav\u00e9s da rede 4G<\/strong> diretamente para o seu telem\u00f3vel atrav\u00e9s da aplica\u00e7\u00e3o (requer um cart\u00e3o SIM com dados e cobertura).<\/p>\n<p data-start=\"759\" data-end=\"795\" data-rm-block-id=\"block-7\"><strong data-start=\"766\" data-end=\"795\">Qualidade de imagem e v\u00eddeo<\/strong><\/p>\n<p data-start=\"796\" data-end=\"1090\" data-rm-block-id=\"block-8\"><strong data-start=\"799\" data-end=\"823\">Fotografias at\u00e9 32 MP<\/strong> de resolu\u00e7\u00e3o. <br data-start=\"876\" data-end=\"879\" \/><strong data-start=\"882\" data-end=\"917\">V\u00eddeo Full HD \/ 1296p ou 1080p<\/strong> com som. <br data-start=\"967\" data-end=\"970\" \/><strong data-start=\"973\" data-end=\"1010\">Tempo de disparo r\u00e1pido (~0,1 s)<\/strong> para captar a a\u00e7\u00e3o sem perder o detalhe.<\/p>\n<p data-start=\"1092\" data-end=\"1130\" data-rm-block-id=\"block-9\"><strong data-start=\"1099\" data-end=\"1130\">Vis\u00e3o nocturna e dete\u00e7\u00e3o<\/strong><\/p>\n<p data-start=\"1131\" data-end=\"1382\" data-rm-block-id=\"block-10\"><strong data-start=\"1134\" data-end=\"1192\">Sensor PIR com dete\u00e7\u00e3o at\u00e9 ~27 m e \u00e2ngulo de ~120\u00b0.<\/strong> para cobrir grandes \u00e1reas. <br data-start=\"1258\" data-end=\"1261\" \/><strong data-start=\"1264\" data-end=\"1309\">Ilumina\u00e7\u00e3o invis\u00edvel por infravermelhos (940 nm)<\/strong> com vis\u00e3o nocturna at\u00e9 ~30 m.<\/p>\n<p data-start=\"1384\" data-end=\"1411\" data-rm-block-id=\"block-11\"><strong data-start=\"1391\" data-end=\"1411\">Fun\u00e7\u00f5es \u00fateis<\/strong><\/p>\n<p data-start=\"1412\" data-end=\"1613\" data-rm-block-id=\"block-12\"><strong data-start=\"1414\" data-end=\"1438\">Ecr\u00e3 LCD de 2,4<\/strong> para pr\u00e9-visualizar e configurar a c\u00e2mara. <br data-start=\"1519\" data-end=\"1522\" \/>\u00a0Modos de capta\u00e7\u00e3o: dete\u00e7\u00e3o, lapso de tempo e h\u00edbrido.<\/p>\n<p data-start=\"1615\" data-end=\"1650\" data-rm-block-id=\"block-13\"><strong data-start=\"1622\" data-end=\"1650\">Alimenta\u00e7\u00e3o e autonomia<\/strong><\/p>\n<p data-start=\"1651\" data-end=\"1862\" data-rm-block-id=\"block-14\"><strong data-start=\"1654\" data-end=\"1681\">Alimentado por 8 pilhas AA<\/strong> ou com <strong data-start=\"1688\" data-end=\"1717\">fonte de alimenta\u00e7\u00e3o externa 12 V<\/strong>. <br data-start=\"1758\" data-end=\"1761\" \/>\u00a0Dura\u00e7\u00e3o t\u00edpica da bateria: <strong data-start=\"1792\" data-end=\"1809\">\u2248 2 - 6 meses<\/strong> (consoante a utiliza\u00e7\u00e3o).<\/p>\n<p data-start=\"1864\" data-end=\"1899\" data-rm-block-id=\"block-15\"><strong data-start=\"1871\" data-end=\"1899\">Mem\u00f3ria e armazenamento<\/strong><\/p>\n<p data-start=\"1900\" data-end=\"2018\" data-rm-block-id=\"block-16\">\u00a0Compat\u00edvel com <strong data-start=\"1917\" data-end=\"1957\">Cart\u00f5es SD ou microSD (at\u00e9 512 GB)<\/strong> para fotografias e v\u00eddeos.<\/p>\n<p data-start=\"2020\" data-end=\"2058\" data-rm-block-id=\"block-17\"><strong data-start=\"2028\" data-end=\"2058\">Constru\u00e7\u00e3o e durabilidade<\/strong><\/p>\n<p data-start=\"2059\" data-end=\"2256\" data-rm-block-id=\"block-18\"><strong data-start=\"2062\" data-end=\"2090\">Grau de prote\u00e7\u00e3o IP66<\/strong> (resistente \u00e0 \u00e1gua, ao p\u00f3 e \u00e0s intemp\u00e9ries). <br data-start=\"2167\" data-end=\"2170\" \/>\u00a0Gama de funcionamento comum: <strong data-start=\"2197\" data-end=\"2215\">-20 \u00b0C a 60 \u00b0C<\/strong>.<\/p>\n<p data-rm-block-id=\"block-20\"><strong>ESPECIFICA\u00c7\u00d5ES:<\/strong><\/p>\n<p data-rm-block-id=\"block-21\">Ativa\u00e7\u00e3o r\u00e1pida e f\u00e1cil atrav\u00e9s da aplica\u00e7\u00e3o e do c\u00f3digo QR exclusivo da c\u00e2mara<\/p>\n<p data-rm-block-id=\"block-22\">Envio de fotografias para telem\u00f3veis atrav\u00e9s da cobertura 4G.<\/p>\n<p data-rm-block-id=\"block-23\">Fotografias de alta qualidade com uma resolu\u00e7\u00e3o de 4, 8, 16, 24, 32, 32 ou 48 MP.<\/p>\n<p data-rm-block-id=\"block-24\">Grava\u00e7\u00e3o de v\u00eddeo Full HD 1296P ou 1080P com som<\/p>\n<p data-rm-block-id=\"block-25\">Tempo de ativa\u00e7\u00e3o: 0,1 s<\/p>\n<p data-rm-block-id=\"block-26\">\u00c2ngulo de dete\u00e7\u00e3o PIR: 120\u00b0 \u00c2ngulo de dete\u00e7\u00e3o PIR: 120\u00b0 \u00c2ngulo de dete\u00e7\u00e3o PIR: 120\u00b0 \u00c2ngulo de dete\u00e7\u00e3o PIR: 120<\/p>\n<p data-rm-block-id=\"block-27\">\u00c0 prova de \u00e1gua: IP66<\/p>\n<p data-rm-block-id=\"block-28\">Codifica\u00e7\u00e3o: H.264<\/p>\n<p data-rm-block-id=\"block-29\">Dist\u00e2ncia de dete\u00e7\u00e3o: 27 m\/90 p\u00e9s<\/p>\n<p data-rm-block-id=\"block-30\">Dist\u00e2ncia de vis\u00e3o nocturna: 30 m\/100 p\u00e9s.<\/p>\n<p data-rm-block-id=\"block-31\">\u00c2ngulo de visualiza\u00e7\u00e3o de 70\u00ba<\/p>\n<p data-rm-block-id=\"block-32\">Ecr\u00e3 LCD a cores de 2,4 polegadas.<\/p>\n<p data-rm-block-id=\"block-33\">Ilumina\u00e7\u00e3o de 36 LEDs invis\u00edveis com tecnologia de 940nm invis\u00edvel para a vida selvagem.<\/p>\n<p data-rm-block-id=\"block-34\">Controlo autom\u00e1tico da intensidade dos LEDs infravermelhos invis\u00edveis para se adaptar \u00e0 melhor qualidade de imagem em fun\u00e7\u00e3o das circunst\u00e2ncias.<\/p>\n<p data-rm-block-id=\"block-35\">Software de \u00faltima gera\u00e7\u00e3o que melhora o desempenho da bateria para otimizar o consumo e prolongar a vida \u00fatil da bateria.<\/p>\n<p data-rm-block-id=\"block-36\">Utiliza 8 pilhas AAA para funcionar, ou pode utilizar o nosso painel solar de \u00faltima gera\u00e7\u00e3o com bateria incorporada para n\u00e3o ter de se preocupar com a manuten\u00e7\u00e3o da c\u00e2mara.<\/p>\n<p data-rm-block-id=\"block-37\">Espetacular c\u00e2mara GardePro x50 + painel solar.<\/p>","protected":false},"excerpt":{"rendered":"<p>PROMO\u00c7\u00c3O! GardePro X50 FREE + painel solar SP350 com bateria incorporada de 5200mah<\/p>\n<p>Espectacular c\u00e1mara GardePro X50 + panel SP350<\/p>","protected":false},"featured_media":27452,"template":"","meta":[],"product_brand":[],"product_cat":[139,110,129,109],"product_tag":[],"class_list":{"0":"post-24116","1":"product","2":"type-product","3":"status-publish","4":"has-post-thumbnail","6":"product_cat-camara-con-envio-al-movil","7":"product_cat-destacados","8":"product_cat-gardepro","9":"product_cat-ofertas","11":"first","12":"instock","13":"sale","14":"taxable","15":"shipping-taxable","16":"purchasable","17":"product-type-simple","18":"add-to-wishlist-after_add_to_cart"},"_links":{"self":[{"href":"https:\/\/dinaturez.com\/pt\/wp-json\/wp\/v2\/product\/24116","targetHints":{"allow":["GET"]}}],"collection":[{"href":"https:\/\/dinaturez.com\/pt\/wp-json\/wp\/v2\/product"}],"about":[{"href":"https:\/\/dinaturez.com\/pt\/wp-json\/wp\/v2\/types\/product"}],"wp:featuredmedia":[{"embeddable":true,"href":"https:\/\/dinaturez.com\/pt\/wp-json\/wp\/v2\/media\/27452"}],"wp:attachment":[{"href":"https:\/\/dinaturez.com\/pt\/wp-json\/wp\/v2\/media?parent=24116"}],"wp:term":[{"taxonomy":"product_brand","embeddable":true,"href":"https:\/\/dinaturez.com\/pt\/wp-json\/wp\/v2\/product_brand?post=24116"},{"taxonomy":"product_cat","embeddable":true,"href":"https:\/\/dinaturez.com\/pt\/wp-json\/wp\/v2\/product_cat?post=24116"},{"taxonomy":"product_tag","embeddable":true,"href":"https:\/\/dinaturez.com\/pt\/wp-json\/wp\/v2\/product_tag?post=24116"}],"curies":[{"name":"wp","href":"https:\/\/api.w.org\/{rel}","templated":true}]}}