{"id":24100,"date":"2024-08-29T21:06:17","date_gmt":"2024-08-29T19:06:17","guid":{"rendered":"https:\/\/dinaturez.com\/?post_type=product&#038;p=24100"},"modified":"2024-08-29T21:06:20","modified_gmt":"2024-08-29T19:06:20","slug":"linterna-led-wild-boar-ii-1-350-lum-con-kit-de-caza-b-vision","status":"publish","type":"product","link":"https:\/\/dinaturez.com\/pt\/product\/linterna-led-wild-boar-ii-1-350-lum-con-kit-de-caza-b-vision\/","title":{"rendered":"Lanterna LED WILD BOAR II 1.350 lum com kit de ca\u00e7a B-Vision"},"content":{"rendered":"<p>A lanterna LED Wild Boar II \u00e9 o novo modelo da B-Vision especialmente concebido para a ca\u00e7a. A intensidade de 479 000 candelas e a pot\u00eancia de 1350 l\u00famens da Wild Boar II s\u00e3o capazes de iluminar at\u00e9 1385 metros de dist\u00e2ncia.<\/p>\n<p>A lanterna Wild Boar II, com pilha de l\u00edtio inclu\u00edda, suporta uma tens\u00e3o alargada de 16,8 V compat\u00edvel com 2 pilhas de l\u00edtio 18650 ou 4 pilhas CR123A. Possui um bot\u00e3o traseiro multifuncional com uma fun\u00e7\u00e3o de modo de mem\u00f3ria concebida para ilumina\u00e7\u00e3o fixa, liga\u00e7\u00e3o moment\u00e2nea e modo estrobosc\u00f3pico. Todas estas carater\u00edsticas tornam a Wild Boar numa lanterna resistente, dur\u00e1vel e vers\u00e1til.<\/p>\n<p><b>DADOS T\u00c9CNICOS<\/b><\/p>\n<ul>\n<li>Alcance: 1.385 metros.<\/li>\n<li>Intensidade: 479.000 candelas.<\/li>\n<li>Pot\u00eancia: 1.370 l\u00famenes.<\/li>\n<li>Autonomia: 120 horas.<\/li>\n<li>Fonte de alimenta\u00e7\u00e3o: bateria de l\u00edtio de 7,4v 3400mah.<\/li>\n<li>Material: liga de alum\u00ednio aeroespacial.<\/li>\n<li>Comprimento: 242 mm.<\/li>\n<li>Di\u00e2metro da cabe\u00e7a: 63,6 mm.<\/li>\n<li>Di\u00e2metro do corpo: 25,4 mm.<\/li>\n<li>Peso com a bateria: 390 g.<\/li>\n<li>\u00c0 prova de \u00e1gua: IPX8 (submers\u00edvel at\u00e9 2 metros)<\/li>\n<li>Resist\u00eancia ao impacto: 1,5 metros de altura.<\/li>\n<li>Garantia: 5 anos.<\/li>\n<\/ul>\n<h4>MODOS DE ILUMINA\u00c7\u00c3O<\/h4>\n<p><em><strong>MODO POT\u00caNCIA INTERVALO DURA\u00c7\u00c3O<\/strong><\/em><\/p>\n<p>----------------------------------------<\/p>\n<p>ALTO 1.370 l\u00famenes 1.385 metros 3 min - 2 horas 42 min<\/p>\n<p>----------------------------------------<\/p>\n<p>M\u00c9DIA 550 l\u00famenes 849 metros 4 horas<\/p>\n<p>----------------------------------------<\/p>\n<p>BAIXO 250 l\u00famenes 548 metros 12 horas<\/p>\n<p>----------------------------------------<\/p>\n<p>ECO 25 l\u00famenes 152 metros 120 horas<\/p>\n<p>----------------------------------------<\/p>\n<p>STROBE 1.370 l\u00famenes \/ \/ \/ \/<\/p>\n<p>&nbsp;<\/p>\n<h4>CARACTER\u00cdSTICAS EXCEPCIONAIS<\/h4>\n<ul>\n<li>Alcance m\u00e1ximo de 1.385 metros, pot\u00eancia elevada de 1.370 l\u00famenes.<\/li>\n<li>O bot\u00e3o traseiro multifuncional com fun\u00e7\u00e3o de modo de mem\u00f3ria foi concebido para ilumina\u00e7\u00e3o fixa, liga\u00e7\u00e3o moment\u00e2nea e modo estrobosc\u00f3pico.<\/li>\n<li>Suporta uma tens\u00e3o alargada de 16,8V, compat\u00edvel com 2 baterias 18650 Li-baterias ou 4 baterias CR123A.<\/li>\n<li>Bot\u00e3o lateral simples e f\u00e1cil de utilizar.<\/li>\n<li>O sistema inteligente de controlo da temperatura garante uma produ\u00e7\u00e3o est\u00e1vel.<\/li>\n<li>Indicador da capacidade da bateria, \u00e9 necess\u00e1rio monitorizar quando a bateria est\u00e1 ligada.<\/li>\n<li>Quando a pot\u00eancia \u00e9 baixa (inferior a 5%), o LED vermelho continua a piscar.<\/li>\n<li>Fun\u00e7\u00e3o de prote\u00e7\u00e3o contra descarga, reduz automaticamente a pot\u00eancia quando a bateria est\u00e1 fraca, evitando a descarga excessiva da bateria.<\/li>\n<li>Prote\u00e7\u00e3o contra a invers\u00e3o de polaridade.<\/li>\n<li>Corpo em alum\u00ednio aeroespacial de alta resist\u00eancia, maquinado com precis\u00e3o por CNC, acabamento anti-abrasivo anodizado duro Premium Tipo III para uma durabilidade extrema.<\/li>\n<\/ul>\n<h4><strong>CONTE\u00daDO DO ESTOJO DE CA\u00c7A<\/strong><\/h4>\n<ul>\n<li>Lanterna Javali II (incluindo pilha)<\/li>\n<li>Capa<\/li>\n<li>Bra\u00e7adeira de acoplamento<\/li>\n<li>Cabo do bot\u00e3o de press\u00e3o remoto<\/li>\n<li>Cabo de carregamento USB tipo C<\/li>\n<li>Manual do utilizador<\/li>\n<li>An\u00e9is de veda\u00e7\u00e3o (x2)<\/li>\n<\/ul>","protected":false},"excerpt":{"rendered":"<p>A lanterna LED Wild Boar II \u00e9 o novo modelo da B-Vision especialmente concebido para a ca\u00e7a. A intensidade de 479.000 candelas e a pot\u00eancia de 1.350 l\u00famens da Wild Boar II s\u00e3o capazes de iluminar at\u00e9 1.385 metros de dist\u00e2ncia. A lanterna Wild Boar II, com pilha de l\u00edtio inclu\u00edda, suporta uma [...]<\/p>","protected":false},"featured_media":24101,"template":"","meta":[],"product_brand":[],"product_cat":[105],"product_tag":[],"class_list":{"0":"post-24100","1":"product","2":"type-product","3":"status-publish","4":"has-post-thumbnail","6":"product_cat-accesorios","8":"first","9":"instock","10":"taxable","11":"shipping-taxable","12":"purchasable","13":"product-type-simple","14":"add-to-wishlist-after_add_to_cart"},"_links":{"self":[{"href":"https:\/\/dinaturez.com\/pt\/wp-json\/wp\/v2\/product\/24100","targetHints":{"allow":["GET"]}}],"collection":[{"href":"https:\/\/dinaturez.com\/pt\/wp-json\/wp\/v2\/product"}],"about":[{"href":"https:\/\/dinaturez.com\/pt\/wp-json\/wp\/v2\/types\/product"}],"wp:featuredmedia":[{"embeddable":true,"href":"https:\/\/dinaturez.com\/pt\/wp-json\/wp\/v2\/media\/24101"}],"wp:attachment":[{"href":"https:\/\/dinaturez.com\/pt\/wp-json\/wp\/v2\/media?parent=24100"}],"wp:term":[{"taxonomy":"product_brand","embeddable":true,"href":"https:\/\/dinaturez.com\/pt\/wp-json\/wp\/v2\/product_brand?post=24100"},{"taxonomy":"product_cat","embeddable":true,"href":"https:\/\/dinaturez.com\/pt\/wp-json\/wp\/v2\/product_cat?post=24100"},{"taxonomy":"product_tag","embeddable":true,"href":"https:\/\/dinaturez.com\/pt\/wp-json\/wp\/v2\/product_tag?post=24100"}],"curies":[{"name":"wp","href":"https:\/\/api.w.org\/{rel}","templated":true}]}}