{"id":24087,"date":"2024-08-11T20:32:21","date_gmt":"2024-08-11T18:32:21","guid":{"rendered":"https:\/\/dinaturez.com\/?post_type=product&#038;p=24087"},"modified":"2026-04-29T09:45:00","modified_gmt":"2026-04-29T07:45:00","slug":"alquitran-madera-haya-eurohunt-500ml","status":"publish","type":"product","link":"https:\/\/dinaturez.com\/pt\/product\/alquitran-madera-haya-eurohunt-500ml\/","title":{"rendered":"Alcatr\u00e3o para madeira de faia, lata de 500 ml com escova EUROHUNT"},"content":{"rendered":"<p>O alcatr\u00e3o de madeira de faia Eurohunt \u00e9 o alcatr\u00e3o de faia no seu estado puro, sem aditivos nem feromonas.<br \/>\nAtrai javalis e veados a longas dist\u00e2ncias e \u00e9 muito f\u00e1cil de processar devido \u00e0 sua consist\u00eancia meio l\u00edquida.<\/p>\n<p>Ficar\u00e1 surpreendido com a rapidez com que o comprovado alcatr\u00e3o de madeira de faia atrai os animais com o seu efeito de atra\u00e7\u00e3o \u00fanico. Qualidade de topo feita de alcatr\u00e3o de madeira de faia cozido duas vezes.<\/p>","protected":false},"excerpt":{"rendered":"<p>O alcatr\u00e3o de madeira de faia Eurohunt \u00e9 o alcatr\u00e3o de faia no seu estado puro, sem aditivos nem feromonas.<br \/>\nAtrai javalis e veados a longas dist\u00e2ncias e \u00e9 muito f\u00e1cil de processar devido \u00e0 sua consist\u00eancia meio l\u00edquida.<\/p>\n<p>Ficar\u00e1 surpreendido com a rapidez com que o comprovado alcatr\u00e3o de madeira de faia atrai os animais com o seu efeito de atra\u00e7\u00e3o \u00fanico. Qualidade de topo feita de alcatr\u00e3o de madeira de faia cozido duas vezes.<\/p>","protected":false},"featured_media":24088,"template":"","meta":[],"product_brand":[],"product_cat":[104,164],"product_tag":[],"class_list":{"0":"post-24087","1":"product","2":"type-product","3":"status-publish","4":"has-post-thumbnail","6":"product_cat-atrayentes-y-reclamos","7":"product_cat-eurohunt","9":"first","10":"outofstock","11":"taxable","12":"shipping-taxable","13":"purchasable","14":"product-type-simple","15":"add-to-wishlist-after_add_to_cart"},"_links":{"self":[{"href":"https:\/\/dinaturez.com\/pt\/wp-json\/wp\/v2\/product\/24087","targetHints":{"allow":["GET"]}}],"collection":[{"href":"https:\/\/dinaturez.com\/pt\/wp-json\/wp\/v2\/product"}],"about":[{"href":"https:\/\/dinaturez.com\/pt\/wp-json\/wp\/v2\/types\/product"}],"wp:featuredmedia":[{"embeddable":true,"href":"https:\/\/dinaturez.com\/pt\/wp-json\/wp\/v2\/media\/24088"}],"wp:attachment":[{"href":"https:\/\/dinaturez.com\/pt\/wp-json\/wp\/v2\/media?parent=24087"}],"wp:term":[{"taxonomy":"product_brand","embeddable":true,"href":"https:\/\/dinaturez.com\/pt\/wp-json\/wp\/v2\/product_brand?post=24087"},{"taxonomy":"product_cat","embeddable":true,"href":"https:\/\/dinaturez.com\/pt\/wp-json\/wp\/v2\/product_cat?post=24087"},{"taxonomy":"product_tag","embeddable":true,"href":"https:\/\/dinaturez.com\/pt\/wp-json\/wp\/v2\/product_tag?post=24087"}],"curies":[{"name":"wp","href":"https:\/\/api.w.org\/{rel}","templated":true}]}}