{"id":24084,"date":"2024-08-11T20:24:52","date_gmt":"2024-08-11T18:24:52","guid":{"rendered":"https:\/\/dinaturez.com\/?post_type=product&#038;p=24084"},"modified":"2026-04-21T17:18:51","modified_gmt":"2026-04-21T15:18:51","slug":"alquitran-de-haya-eurohunt-en-spray-500ml","status":"publish","type":"product","link":"https:\/\/dinaturez.com\/pt\/product\/alquitran-de-haya-eurohunt-en-spray-500ml\/","title":{"rendered":"Spray de alcatr\u00e3o de faia Eurohunt - Puro e eficaz"},"content":{"rendered":"<p><strong>O Spray de Alcatr\u00e3o de Faia Eurohunt - Puro e Eficaz, dispon\u00edvel em www.dinaturez.com, \u00e9 o alcatr\u00e3o de faia puro de que necessita para atrair javalis e veados de uma forma eficaz e natural. Gra\u00e7as ao seu formato em spray, a sua aplica\u00e7\u00e3o \u00e9 ainda mais f\u00e1cil e pr\u00e1tica. Este produto de qualidade superior, fabricado a partir de alcatr\u00e3o de faia cozido duas vezes, apresenta uma consist\u00eancia m\u00e9dio-l\u00edquida, ideal para uma cobertura homog\u00e9nea.<\/strong><\/p>\n<p><strong>Isento de aditivos e feromonas, garante um efeito de atra\u00e7\u00e3o poderoso a longa dist\u00e2ncia. Descubra na Dinaturez porque \u00e9 que o spray de alcatr\u00e3o de madeira de faia Eurohunt \u00e9 a escolha perfeita para os seus dias no campo: efic\u00e1cia e comodidade num \u00fanico produto!<\/strong><\/p>\n<ol>\n<li><strong>Garrafa de 500ml. <\/strong><\/li>\n<\/ol>\n<p>&nbsp;<\/p>\n<p>&nbsp;<\/p>","protected":false},"excerpt":{"rendered":"<p><strong>O spray de alcatr\u00e3o de madeira de faia Eurohunt, dispon\u00edvel em www.dinaturez.com, \u00e9 puro, f\u00e1cil de aplicar e altamente eficaz. Atrai os javalis e os veados a longas dist\u00e2ncias gra\u00e7as \u00e0 sua f\u00f3rmula de dupla cozedura - praticidade e qualidade garantidas!<\/strong><\/p>\n<p><strong>\u00a0<\/strong><\/p>\n<p>&nbsp;<\/p>","protected":false},"featured_media":24085,"template":"","meta":[],"product_brand":[],"product_cat":[104,164],"product_tag":[],"class_list":{"0":"post-24084","1":"product","2":"type-product","3":"status-publish","4":"has-post-thumbnail","6":"product_cat-atrayentes-y-reclamos","7":"product_cat-eurohunt","9":"first","10":"instock","11":"taxable","12":"shipping-taxable","13":"purchasable","14":"product-type-simple","15":"add-to-wishlist-after_add_to_cart"},"_links":{"self":[{"href":"https:\/\/dinaturez.com\/pt\/wp-json\/wp\/v2\/product\/24084","targetHints":{"allow":["GET"]}}],"collection":[{"href":"https:\/\/dinaturez.com\/pt\/wp-json\/wp\/v2\/product"}],"about":[{"href":"https:\/\/dinaturez.com\/pt\/wp-json\/wp\/v2\/types\/product"}],"wp:featuredmedia":[{"embeddable":true,"href":"https:\/\/dinaturez.com\/pt\/wp-json\/wp\/v2\/media\/24085"}],"wp:attachment":[{"href":"https:\/\/dinaturez.com\/pt\/wp-json\/wp\/v2\/media?parent=24084"}],"wp:term":[{"taxonomy":"product_brand","embeddable":true,"href":"https:\/\/dinaturez.com\/pt\/wp-json\/wp\/v2\/product_brand?post=24084"},{"taxonomy":"product_cat","embeddable":true,"href":"https:\/\/dinaturez.com\/pt\/wp-json\/wp\/v2\/product_cat?post=24084"},{"taxonomy":"product_tag","embeddable":true,"href":"https:\/\/dinaturez.com\/pt\/wp-json\/wp\/v2\/product_tag?post=24084"}],"curies":[{"name":"wp","href":"https:\/\/api.w.org\/{rel}","templated":true}]}}