{"id":24082,"date":"2024-08-11T20:12:50","date_gmt":"2024-08-11T18:12:50","guid":{"rendered":"https:\/\/dinaturez.com\/?post_type=product&#038;p=24082"},"modified":"2026-04-29T09:23:59","modified_gmt":"2026-04-29T07:23:59","slug":"resina-de-haya","status":"publish","type":"product","link":"https:\/\/dinaturez.com\/pt\/product\/resina-de-haya\/","title":{"rendered":"Resina de faia para javali e veado 3kg EUROHUNT"},"content":{"rendered":"<p>Atractor de javalis e veados Premium - Resina de faia natural (3 kg)<\/p>\n<p><span style=\"color: #ff0000;\">Torne imposs\u00edvel que os javalis e os veados resistam \u00e0 sua \u00e1rea! O nosso potente alcatr\u00e3o de faia \u00e9 um atrativo de qualidade superior, concebido para garantir resultados incr\u00edveis em cada utiliza\u00e7\u00e3o.<\/span><\/p>\n<p>Porqu\u00ea escolher o nosso atrativo?<\/p>\n<p>Atra\u00e7\u00e3o garantida:<\/p>\n<p>O seu odor intenso e natural 100% atrai-os a quil\u00f3metros de dist\u00e2ncia, conduzindo-os diretamente ao seu ponto estrat\u00e9gico.<\/p>\n<p>Precis\u00e3o garantida:<\/p>\n<p>Os animais voltar\u00e3o sempre, tornando a sua zona um ponto de passagem obrigat\u00f3rio nos seus percursos noturnos.<\/p>\n<p>Benef\u00edcio para os animais:<\/p>\n<p>Os javalis esfregam-se na superf\u00edcie impregnada, eliminando os parasitas e melhorando o seu bem-estar, o que os torna ainda mais propensos a ficar por perto.<\/p>\n<p>Perfeito para homens grandes:<\/p>\n<p>Um aliado indispens\u00e1vel para fixar os javalis de grande porte numa zona e para refor\u00e7ar a marca\u00e7\u00e3o territorial.<\/p>\n<p>Como o utilizar:<\/p>\n<p>1) Aplicar alcatr\u00e3o de faia nas \u00e1rvores, troncos ou postes estrat\u00e9gicos.<\/p>\n<p>2) A sua poderosa fragr\u00e2ncia natural far\u00e1 o resto, atraindo os animais a longas dist\u00e2ncias.<\/p>\n<p>Carater\u00edsticas do produto:<\/p>\n<p>100% natural e ecol\u00f3gico: resina de faia obtida a partir de fontes sustent\u00e1veis.<\/p>\n<p>M\u00e1xima efic\u00e1cia: Produto utilizado pelos melhores ca\u00e7adores do mundo.<\/p>\n<p>Apresenta\u00e7\u00e3o ideal: Garraf\u00e3o pr\u00e1tico de 3 kg para m\u00faltiplas aplica\u00e7\u00f5es.<\/p>\n<p>Transforme a sua \u00e1rea num local irresist\u00edvel para javalis e veados - n\u00e3o perca esta oportunidade de os atrair com a melhor qualidade!<\/p>\n<p>Conte\u00fado: 3 kg<\/p>\n<p>Compre agora e desfrute de resultados garantidos.<\/p>\n<p>&nbsp;<\/p>\n<p>&nbsp;<\/p>","protected":false},"excerpt":{"rendered":"<p>Atrayente para jabal\u00eds y ciervos de resina de haya (3 kg)<\/p>\n<ol>\n<li>Poderoso alcatr\u00e3o natural que atrai os animais a longas dist\u00e2ncias. Melhora o seu bem-estar eliminando os parasitas e fixa os machos grandes na sua zona estrat\u00e9gica. Produto ecol\u00f3gico, pr\u00e1tico e eficaz.<\/li>\n<\/ol>\n<p>&nbsp;<\/p>\n<p>&nbsp;<\/p>","protected":false},"featured_media":24083,"template":"","meta":[],"product_brand":[],"product_cat":[164,104],"product_tag":[],"class_list":{"0":"post-24082","1":"product","2":"type-product","3":"status-publish","4":"has-post-thumbnail","6":"product_cat-eurohunt","7":"product_cat-atrayentes-y-reclamos","9":"first","10":"instock","11":"sale","12":"taxable","13":"shipping-taxable","14":"purchasable","15":"product-type-simple","16":"add-to-wishlist-after_add_to_cart"},"_links":{"self":[{"href":"https:\/\/dinaturez.com\/pt\/wp-json\/wp\/v2\/product\/24082","targetHints":{"allow":["GET"]}}],"collection":[{"href":"https:\/\/dinaturez.com\/pt\/wp-json\/wp\/v2\/product"}],"about":[{"href":"https:\/\/dinaturez.com\/pt\/wp-json\/wp\/v2\/types\/product"}],"wp:featuredmedia":[{"embeddable":true,"href":"https:\/\/dinaturez.com\/pt\/wp-json\/wp\/v2\/media\/24083"}],"wp:attachment":[{"href":"https:\/\/dinaturez.com\/pt\/wp-json\/wp\/v2\/media?parent=24082"}],"wp:term":[{"taxonomy":"product_brand","embeddable":true,"href":"https:\/\/dinaturez.com\/pt\/wp-json\/wp\/v2\/product_brand?post=24082"},{"taxonomy":"product_cat","embeddable":true,"href":"https:\/\/dinaturez.com\/pt\/wp-json\/wp\/v2\/product_cat?post=24082"},{"taxonomy":"product_tag","embeddable":true,"href":"https:\/\/dinaturez.com\/pt\/wp-json\/wp\/v2\/product_tag?post=24082"}],"curies":[{"name":"wp","href":"https:\/\/api.w.org\/{rel}","templated":true}]}}