{"id":24063,"date":"2024-07-13T12:36:27","date_gmt":"2024-07-13T10:36:27","guid":{"rendered":"https:\/\/dinaturez.com\/?post_type=product&#038;p=24063"},"modified":"2024-07-13T12:36:29","modified_gmt":"2024-07-13T10:36:29","slug":"tickless-pet-repelente-garrapatas-para-perros-y-gatos","status":"publish","type":"product","link":"https:\/\/dinaturez.com\/pt\/product\/tickless-pet-repelente-garrapatas-para-perros-y-gatos\/","title":{"rendered":"REPELENTE DE CARRA\u00c7AS PARA C\u00c3ES E GATOS TICKLESS"},"content":{"rendered":"<p>&nbsp;<\/p>\n<p>REPELENTE DE PULGAS ULTRASS\u00d3NICO - para animais de estima\u00e7\u00e3o Sem qu\u00edmicos Ap\u00f3s a ativa\u00e7\u00e3o, proporciona 6-12 meses de prote\u00e7\u00e3o - Seguro para utiliza\u00e7\u00e3o tamb\u00e9m em animais de estima\u00e7\u00e3o jovens, gr\u00e1vidas ou idosos.<\/p>\n<p>&nbsp;<\/p>\n<p>Repelente ultrass\u00f3nico de pulgas e carra\u00e7as TICKLESS PET Sem produtos qu\u00edmicos e fragr\u00e2ncias e seguro para utiliza\u00e7\u00e3o em animais de estima\u00e7\u00e3o jovens, doentes ou gr\u00e1vidas. O dispositivo funciona atrav\u00e9s da emiss\u00e3o de impulsos ultra-s\u00f3nicos que s\u00e3o impercept\u00edveis tanto para os seres humanos como para os animais de estima\u00e7\u00e3o, mas que perturbam as carra\u00e7as e as pulgas.<\/p>\n<p>&nbsp;<\/p>\n<p>mantendo-os afastados. O alcance operacional \u00e9 de cerca de 1,5 metros\/5 p\u00e9s. MODO DE USAR: Antes da primeira utiliza\u00e7\u00e3o, dar banho ao seu animal de estima\u00e7\u00e3o com um champ\u00f4 antipulgas. Colocar o TICKLESS na coleira e retirar a patilha para ativar o dispositivo. 4 flashes indicam que o dispositivo est\u00e1 ligado. Pode verificar o funcionamento em qualquer altura, premindo o bot\u00e3o uma vez e a luz LED piscar\u00e1 como confirma\u00e7\u00e3o. Para garantir a efic\u00e1cia, o dispositivo deve permanecer sempre ligado ao animal. Se a coleira for retirada do animal em casa, recomendamos que utilize o dispositivo TICKLESS* HOME. Em condi\u00e7\u00f5es meteorol\u00f3gicas normais, o dispositivo funciona durante 6 a 12 meses ap\u00f3s a ativa\u00e7\u00e3o. ATEN\u00c7\u00c3O: O produto n\u00e3o \u00e9 \u00e0 prova de \u00e1gua, mas \u00e9 altamente resistente \u00e0 humidade (IP31). Se o aparelho entrar em contacto<\/p>\n<p>&nbsp;<\/p>\n<p>O produto pode ser reutilizado. Devido ao seu tamanho, mantenha-o fora do alcance de crian\u00e7as pequenas! A efic\u00e1cia depende do estado da pelagem do animal, bem como do n\u00famero de parasitas presentes na zona. Em zonas com uma grande popula\u00e7\u00e3o de carra\u00e7as, a prote\u00e7\u00e3o do 100% n\u00e3o \u00e9 garantida. Indicado principalmente para a preven\u00e7\u00e3o, n\u00e3o para a remo\u00e7\u00e3o de parasitas de animais de estima\u00e7\u00e3o j\u00e1 infectados. N\u00e3o obstruir as ondas ultra-s\u00f3nicas cobrindo a parte da grelha! Em caso de mau funcionamento t\u00e9cnico, oferecemos 6 meses de garantia.<\/p>","protected":false},"excerpt":{"rendered":"<p>&nbsp; REPELENTE ULTRASS\u00d3NICO DE PULGAS E CARRA\u00c7AS - para animais de estima\u00e7\u00e3o Sem qu\u00edmicos Ap\u00f3s a ativa\u00e7\u00e3o, proporciona uma prote\u00e7\u00e3o de 6 a 12 meses - Seguro para utiliza\u00e7\u00e3o tamb\u00e9m em animais de estima\u00e7\u00e3o jovens, gr\u00e1vidas ou idosos.   Repelente ultrass\u00f3nico de pulgas e carra\u00e7as TICKLESS PET N\u00e3o cont\u00e9m produtos qu\u00edmicos nem fragr\u00e2ncias e \u00e9 seguro de utilizar.<\/p>","protected":false},"featured_media":24064,"template":"","meta":[],"product_brand":[],"product_cat":[105,164],"product_tag":[],"class_list":{"0":"post-24063","1":"product","2":"type-product","3":"status-publish","4":"has-post-thumbnail","6":"product_cat-accesorios","7":"product_cat-eurohunt","9":"first","10":"instock","11":"taxable","12":"shipping-taxable","13":"purchasable","14":"product-type-simple","15":"add-to-wishlist-after_add_to_cart"},"_links":{"self":[{"href":"https:\/\/dinaturez.com\/pt\/wp-json\/wp\/v2\/product\/24063","targetHints":{"allow":["GET"]}}],"collection":[{"href":"https:\/\/dinaturez.com\/pt\/wp-json\/wp\/v2\/product"}],"about":[{"href":"https:\/\/dinaturez.com\/pt\/wp-json\/wp\/v2\/types\/product"}],"wp:featuredmedia":[{"embeddable":true,"href":"https:\/\/dinaturez.com\/pt\/wp-json\/wp\/v2\/media\/24064"}],"wp:attachment":[{"href":"https:\/\/dinaturez.com\/pt\/wp-json\/wp\/v2\/media?parent=24063"}],"wp:term":[{"taxonomy":"product_brand","embeddable":true,"href":"https:\/\/dinaturez.com\/pt\/wp-json\/wp\/v2\/product_brand?post=24063"},{"taxonomy":"product_cat","embeddable":true,"href":"https:\/\/dinaturez.com\/pt\/wp-json\/wp\/v2\/product_cat?post=24063"},{"taxonomy":"product_tag","embeddable":true,"href":"https:\/\/dinaturez.com\/pt\/wp-json\/wp\/v2\/product_tag?post=24063"}],"curies":[{"name":"wp","href":"https:\/\/api.w.org\/{rel}","templated":true}]}}