{"id":24057,"date":"2024-07-13T12:14:55","date_gmt":"2024-07-13T10:14:55","guid":{"rendered":"https:\/\/dinaturez.com\/?post_type=product&#038;p=24057"},"modified":"2025-05-22T08:09:03","modified_gmt":"2025-05-22T06:09:03","slug":"titulo-tickless-hunter-repelente-garrapatas","status":"publish","type":"product","link":"https:\/\/dinaturez.com\/pt\/product\/titulo-tickless-hunter-repelente-garrapatas\/","title":{"rendered":"REPELENTE DE CARRA\u00c7AS TICKLESS HUNTER"},"content":{"rendered":"<p>&nbsp;<\/p>\n<p>DISPOSITIVO ULTRASS\u00d3NICO PARA REPETIR A CARRA\u00c7A - para todas as idades. Sem qu\u00edmicos nem fragr\u00e2ncias Afasta eficazmente todos os tipos de carra\u00e7as. Oferece at\u00e9 3 000 horas de prote\u00e7\u00e3o.<\/p>\n<p>TICKLESS Human &amp; Hunter repelente de carra\u00e7as ultrass\u00f3nico para todas as idades Sem qu\u00edmicos e sem perfume, completamente seguro para todos. O dispositivo funciona atrav\u00e9s da emiss\u00e3o de impulsos ultra-s\u00f3nicos impercept\u00edveis para os seres humanos e animais, mas que perturbam as carra\u00e7as, mantendo-as assim afastadas. O alcance de funcionamento \u00e9 de aproximadamente 2 metros\/6,5 p\u00e9s.<\/p>\n<p>&nbsp;<\/p>\n<p>INSTRU\u00c7\u00d5ES DE UTILIZA\u00c7\u00c3O: Retirar a patilha para ativar o aparelho Premir o bot\u00e3o para ligar ou desligar o aparelho: 4 flashes verdes curtos indicam que est\u00e1 ligado, enquanto um \u00fanico flash vermelho longo indica que est\u00e1 desligado. Quando ligado, a luz piscar\u00e1 uma vez aproximadamente a cada 5 minutos. Ap\u00f3s 8 horas de funcionamento cont\u00ednuo, o aparelho desliga-se automaticamente e deve ser ligado novamente antes da pr\u00f3xima utiliza\u00e7\u00e3o. Pode fixar o repelente de carra\u00e7as TICKLESS \u00e0 sua roupa com o clipe ou com o cord\u00e3o que o atravessa. N\u00e3o obstrua as ondas ultra-s\u00f3nicas emitidas cobrindo o aparelho (n\u00e3o o coloque num bolso ou numa mala). Em condi\u00e7\u00f5es clim\u00e1ticas normais, o aparelho funciona durante cerca de 3000 horas ap\u00f3s a sua ativa\u00e7\u00e3o.<\/p>\n<p>CUIDADO: Devido ao seu tamanho,<\/p>\n<p>&nbsp;<\/p>\n<p>utilizar apenas com a supervis\u00e3o de um adulto. O produto n\u00e3o \u00e9 \u00e0 prova de \u00e1gua, mas \u00e9 altamente resistente \u00e0 humidade (IP31). Se o aparelho entrar em contacto com a \u00e1gua, deve ser imediatamente seco, podendo depois ser utilizado novamente. Em \u00e1reas com uma grande popula\u00e7\u00e3o de carra\u00e7as, a prote\u00e7\u00e3o do 100% n\u00e3o \u00e9 garantida. Em caso de mau funcionamento t\u00e9cnico, oferecemos uma garantia de 6 meses.<\/p>","protected":false},"excerpt":{"rendered":"<p>&nbsp; DISPOSITIVO ULTRASS\u00d3NICO DE REPETI\u00c7\u00c3O DE CARRA\u00c7AS - para todas as idades. Sem qu\u00edmicos nem fragr\u00e2ncias Afasta eficazmente todos os tipos de carra\u00e7as. Oferece at\u00e9 3 000 horas de prote\u00e7\u00e3o. Repelente ultrass\u00f3nico de carra\u00e7as TICKLESS Human &amp; Hunter para todas as idades, sem produtos qu\u00edmicos nem fragr\u00e2ncias, totalmente seguro para todos. O [...]<\/p>","protected":false},"featured_media":24059,"template":"","meta":[],"product_brand":[],"product_cat":[105,164],"product_tag":[],"class_list":{"0":"post-24057","1":"product","2":"type-product","3":"status-publish","4":"has-post-thumbnail","6":"product_cat-accesorios","7":"product_cat-eurohunt","9":"first","10":"outofstock","11":"taxable","12":"shipping-taxable","13":"purchasable","14":"product-type-simple","15":"add-to-wishlist-after_add_to_cart"},"_links":{"self":[{"href":"https:\/\/dinaturez.com\/pt\/wp-json\/wp\/v2\/product\/24057","targetHints":{"allow":["GET"]}}],"collection":[{"href":"https:\/\/dinaturez.com\/pt\/wp-json\/wp\/v2\/product"}],"about":[{"href":"https:\/\/dinaturez.com\/pt\/wp-json\/wp\/v2\/types\/product"}],"wp:featuredmedia":[{"embeddable":true,"href":"https:\/\/dinaturez.com\/pt\/wp-json\/wp\/v2\/media\/24059"}],"wp:attachment":[{"href":"https:\/\/dinaturez.com\/pt\/wp-json\/wp\/v2\/media?parent=24057"}],"wp:term":[{"taxonomy":"product_brand","embeddable":true,"href":"https:\/\/dinaturez.com\/pt\/wp-json\/wp\/v2\/product_brand?post=24057"},{"taxonomy":"product_cat","embeddable":true,"href":"https:\/\/dinaturez.com\/pt\/wp-json\/wp\/v2\/product_cat?post=24057"},{"taxonomy":"product_tag","embeddable":true,"href":"https:\/\/dinaturez.com\/pt\/wp-json\/wp\/v2\/product_tag?post=24057"}],"curies":[{"name":"wp","href":"https:\/\/api.w.org\/{rel}","templated":true}]}}