{"id":24036,"date":"2024-06-12T22:59:19","date_gmt":"2024-06-12T20:59:19","guid":{"rendered":"https:\/\/dinaturez.com\/?post_type=product&#038;p=24036"},"modified":"2024-06-12T22:59:20","modified_gmt":"2024-06-12T20:59:20","slug":"reclamo-weisskirchen-pipa-para-raton","status":"publish","type":"product","link":"https:\/\/dinaturez.com\/pt\/product\/reclamo-weisskirchen-pipa-para-raton\/","title":{"rendered":"reivindica\u00e7\u00e3o weisskirchen tubo de rato"},"content":{"rendered":"<p>&nbsp;<\/p>\n<p>Squeak para raposa<\/p>\n<p>Coloque o tubo do rato debaixo do l\u00e1bio superior do rato e chupe uma sucess\u00e3o r\u00e1pida de guinchos excitados do rato. As raposas ouvir\u00e3o estes sons a uma dist\u00e2ncia superior a 400 m. O rato n\u00e3o assobia, mas chilreia silenciosa e excitadamente.<\/p>","protected":false},"excerpt":{"rendered":"<p>&nbsp; Coloque o tubo do rato debaixo do l\u00e1bio superior do rato e chupe uma sucess\u00e3o r\u00e1pida de guinchos excitados do rato. As raposas ouvir\u00e3o estes sons a uma dist\u00e2ncia superior a 400 m. O rato n\u00e3o assobia, mas chilreia silenciosa e excitadamente.<\/p>","protected":false},"featured_media":24029,"template":"","meta":[],"product_brand":[],"product_cat":[104,164],"product_tag":[],"class_list":{"0":"post-24036","1":"product","2":"type-product","3":"status-publish","4":"has-post-thumbnail","6":"product_cat-atrayentes-y-reclamos","7":"product_cat-eurohunt","9":"first","10":"instock","11":"taxable","12":"shipping-taxable","13":"purchasable","14":"product-type-simple","15":"add-to-wishlist-after_add_to_cart"},"_links":{"self":[{"href":"https:\/\/dinaturez.com\/pt\/wp-json\/wp\/v2\/product\/24036","targetHints":{"allow":["GET"]}}],"collection":[{"href":"https:\/\/dinaturez.com\/pt\/wp-json\/wp\/v2\/product"}],"about":[{"href":"https:\/\/dinaturez.com\/pt\/wp-json\/wp\/v2\/types\/product"}],"wp:featuredmedia":[{"embeddable":true,"href":"https:\/\/dinaturez.com\/pt\/wp-json\/wp\/v2\/media\/24029"}],"wp:attachment":[{"href":"https:\/\/dinaturez.com\/pt\/wp-json\/wp\/v2\/media?parent=24036"}],"wp:term":[{"taxonomy":"product_brand","embeddable":true,"href":"https:\/\/dinaturez.com\/pt\/wp-json\/wp\/v2\/product_brand?post=24036"},{"taxonomy":"product_cat","embeddable":true,"href":"https:\/\/dinaturez.com\/pt\/wp-json\/wp\/v2\/product_cat?post=24036"},{"taxonomy":"product_tag","embeddable":true,"href":"https:\/\/dinaturez.com\/pt\/wp-json\/wp\/v2\/product_tag?post=24036"}],"curies":[{"name":"wp","href":"https:\/\/api.w.org\/{rel}","templated":true}]}}