{"id":24034,"date":"2024-06-12T22:43:44","date_gmt":"2024-06-12T20:43:44","guid":{"rendered":"https:\/\/dinaturez.com\/?post_type=product&#038;p=24034"},"modified":"2024-06-15T10:27:16","modified_gmt":"2024-06-15T08:27:16","slug":"reclamo-para-zorro-kaninchen-klage","status":"publish","type":"product","link":"https:\/\/dinaturez.com\/pt\/product\/reclamo-para-zorro-kaninchen-klage\/","title":{"rendered":"isco fox kaninchen-klage"},"content":{"rendered":"<p>&nbsp;<\/p>\n<p>Squeal for fox.<\/p>\n<p>&nbsp;<\/p>\n<p>Este instrumento permite uma imita\u00e7\u00e3o muito aut\u00eantica do pedido de socorro do coelho ou da lebre, o que o torna ideal para atrair raposas a longas dist\u00e2ncias. As modifica\u00e7\u00f5es t\u00e9cnicas introduzidas no interior do instrumento permitem produzir um som natural. A boquilha \u00e9 moldada de forma a<\/p>\n<p>&nbsp;<\/p>\n<p>inserir a chamada entre os l\u00e1bios. Inclui um tubo de rato incorporado. Fabricado em madeira de cerejeira alem\u00e3, o que garante um som perfeito.<\/p>","protected":false},"excerpt":{"rendered":"<p>&nbsp; Guincho de raposa.   Este instrumento permite imitar de forma muito aut\u00eantica o pedido de socorro de um coelho ou de uma lebre, o que o torna ideal para atrair raposas a longas dist\u00e2ncias. As modifica\u00e7\u00f5es t\u00e9cnicas introduzidas no interior do instrumento permitem produzir um som natural. O bocal tem uma forma que permite inserir o chamamento [...]<\/p>","protected":false},"featured_media":24025,"template":"","meta":[],"product_brand":[],"product_cat":[104,164],"product_tag":[],"class_list":{"0":"post-24034","1":"product","2":"type-product","3":"status-publish","4":"has-post-thumbnail","6":"product_cat-atrayentes-y-reclamos","7":"product_cat-eurohunt","9":"first","10":"instock","11":"taxable","12":"shipping-taxable","13":"purchasable","14":"product-type-simple","15":"add-to-wishlist-after_add_to_cart"},"_links":{"self":[{"href":"https:\/\/dinaturez.com\/pt\/wp-json\/wp\/v2\/product\/24034","targetHints":{"allow":["GET"]}}],"collection":[{"href":"https:\/\/dinaturez.com\/pt\/wp-json\/wp\/v2\/product"}],"about":[{"href":"https:\/\/dinaturez.com\/pt\/wp-json\/wp\/v2\/types\/product"}],"wp:featuredmedia":[{"embeddable":true,"href":"https:\/\/dinaturez.com\/pt\/wp-json\/wp\/v2\/media\/24025"}],"wp:attachment":[{"href":"https:\/\/dinaturez.com\/pt\/wp-json\/wp\/v2\/media?parent=24034"}],"wp:term":[{"taxonomy":"product_brand","embeddable":true,"href":"https:\/\/dinaturez.com\/pt\/wp-json\/wp\/v2\/product_brand?post=24034"},{"taxonomy":"product_cat","embeddable":true,"href":"https:\/\/dinaturez.com\/pt\/wp-json\/wp\/v2\/product_cat?post=24034"},{"taxonomy":"product_tag","embeddable":true,"href":"https:\/\/dinaturez.com\/pt\/wp-json\/wp\/v2\/product_tag?post=24034"}],"curies":[{"name":"wp","href":"https:\/\/api.w.org\/{rel}","templated":true}]}}