{"id":24033,"date":"2024-06-12T22:39:44","date_gmt":"2024-06-12T20:39:44","guid":{"rendered":"https:\/\/dinaturez.com\/?post_type=product&#038;p=24033"},"modified":"2025-07-16T23:05:15","modified_gmt":"2025-07-16T21:05:15","slug":"reclamo-corzo-weisskirchen-fiep-piu","status":"publish","type":"product","link":"https:\/\/dinaturez.com\/pt\/product\/reclamo-corzo-weisskirchen-fiep-piu\/","title":{"rendered":"weisskirchen weisskirchen fiep-piu reivindica\u00e7\u00e3o de veados fiep-piu"},"content":{"rendered":"<p>&nbsp;<\/p>\n<p>Bleep call feito de madeira de cerejeira alem\u00e3 com fio f\u00eamea dur\u00e1vel. Pode imitar o chamamento do cor\u00e7o, o chamamento da cor\u00e7a em cio, o chamamento do cor\u00e7o e o chamamento da cor\u00e7a em perigo.<\/p>","protected":false},"excerpt":{"rendered":"<p>&nbsp; Bleep call feito de madeira de cerejeira alem\u00e3 com fio f\u00eamea dur\u00e1vel. Pode imitar o chamamento do cor\u00e7o, o chamamento da cor\u00e7a em cio, o chamamento do cor\u00e7o e o chamamento da cor\u00e7a em perigo.<\/p>","protected":false},"featured_media":24023,"template":"","meta":[],"product_brand":[],"product_cat":[104,164],"product_tag":[],"class_list":{"0":"post-24033","1":"product","2":"type-product","3":"status-publish","4":"has-post-thumbnail","6":"product_cat-atrayentes-y-reclamos","7":"product_cat-eurohunt","9":"first","10":"instock","11":"taxable","12":"shipping-taxable","13":"purchasable","14":"product-type-simple","15":"add-to-wishlist-after_add_to_cart"},"_links":{"self":[{"href":"https:\/\/dinaturez.com\/pt\/wp-json\/wp\/v2\/product\/24033","targetHints":{"allow":["GET"]}}],"collection":[{"href":"https:\/\/dinaturez.com\/pt\/wp-json\/wp\/v2\/product"}],"about":[{"href":"https:\/\/dinaturez.com\/pt\/wp-json\/wp\/v2\/types\/product"}],"wp:featuredmedia":[{"embeddable":true,"href":"https:\/\/dinaturez.com\/pt\/wp-json\/wp\/v2\/media\/24023"}],"wp:attachment":[{"href":"https:\/\/dinaturez.com\/pt\/wp-json\/wp\/v2\/media?parent=24033"}],"wp:term":[{"taxonomy":"product_brand","embeddable":true,"href":"https:\/\/dinaturez.com\/pt\/wp-json\/wp\/v2\/product_brand?post=24033"},{"taxonomy":"product_cat","embeddable":true,"href":"https:\/\/dinaturez.com\/pt\/wp-json\/wp\/v2\/product_cat?post=24033"},{"taxonomy":"product_tag","embeddable":true,"href":"https:\/\/dinaturez.com\/pt\/wp-json\/wp\/v2\/product_tag?post=24033"}],"curies":[{"name":"wp","href":"https:\/\/api.w.org\/{rel}","templated":true}]}}