{"id":24032,"date":"2024-06-12T22:36:08","date_gmt":"2024-06-12T20:36:08","guid":{"rendered":"https:\/\/dinaturez.com\/?post_type=product&#038;p=24032"},"modified":"2024-06-15T10:28:11","modified_gmt":"2024-06-15T08:28:11","slug":"reclamo-weisskirchen-universal-beller","status":"publish","type":"product","link":"https:\/\/dinaturez.com\/pt\/product\/reclamo-weisskirchen-universal-beller\/","title":{"rendered":"weisskirchen reivindica\u00e7\u00e3o universal beller"},"content":{"rendered":"<p>&nbsp;<\/p>\n<p>Latido de raposa universal em madeira de cerejeira alem\u00e3. Para ladrar \u00e0 raposa ou para responder a longa dist\u00e2ncia, para chamar raposas jovens e tamb\u00e9m para imitar o chamamento de uma lebre jovem em perigo.<\/p>","protected":false},"excerpt":{"rendered":"<p>&nbsp; Latido de raposa universal em madeira de cerejeira alem\u00e3. Para ladrar \u00e0 raposa ou para responder a longa dist\u00e2ncia, para chamar raposas jovens e tamb\u00e9m para imitar o chamamento de uma lebre jovem em perigo.<\/p>","protected":false},"featured_media":24021,"template":"","meta":[],"product_brand":[],"product_cat":[104,164],"product_tag":[],"class_list":{"0":"post-24032","1":"product","2":"type-product","3":"status-publish","4":"has-post-thumbnail","6":"product_cat-atrayentes-y-reclamos","7":"product_cat-eurohunt","9":"first","10":"instock","11":"taxable","12":"shipping-taxable","13":"purchasable","14":"product-type-simple","15":"add-to-wishlist-after_add_to_cart"},"_links":{"self":[{"href":"https:\/\/dinaturez.com\/pt\/wp-json\/wp\/v2\/product\/24032","targetHints":{"allow":["GET"]}}],"collection":[{"href":"https:\/\/dinaturez.com\/pt\/wp-json\/wp\/v2\/product"}],"about":[{"href":"https:\/\/dinaturez.com\/pt\/wp-json\/wp\/v2\/types\/product"}],"wp:featuredmedia":[{"embeddable":true,"href":"https:\/\/dinaturez.com\/pt\/wp-json\/wp\/v2\/media\/24021"}],"wp:attachment":[{"href":"https:\/\/dinaturez.com\/pt\/wp-json\/wp\/v2\/media?parent=24032"}],"wp:term":[{"taxonomy":"product_brand","embeddable":true,"href":"https:\/\/dinaturez.com\/pt\/wp-json\/wp\/v2\/product_brand?post=24032"},{"taxonomy":"product_cat","embeddable":true,"href":"https:\/\/dinaturez.com\/pt\/wp-json\/wp\/v2\/product_cat?post=24032"},{"taxonomy":"product_tag","embeddable":true,"href":"https:\/\/dinaturez.com\/pt\/wp-json\/wp\/v2\/product_tag?post=24032"}],"curies":[{"name":"wp","href":"https:\/\/api.w.org\/{rel}","templated":true}]}}