{"id":24031,"date":"2024-06-12T22:31:31","date_gmt":"2024-06-12T20:31:31","guid":{"rendered":"https:\/\/dinaturez.com\/?post_type=product&#038;p=24031"},"modified":"2024-06-15T10:29:22","modified_gmt":"2024-06-15T08:29:22","slug":"reclamo-zorro-super-hasenklage","status":"publish","type":"product","link":"https:\/\/dinaturez.com\/pt\/product\/reclamo-zorro-super-hasenklage\/","title":{"rendered":"claim fox super hasenklage"},"content":{"rendered":"<p>Squeal for fox.<\/p>\n<p>Este chamamento funciona tanto com um som ligeiro como com um som firme. Desta forma, \u00e9 poss\u00edvel chamar raposas a dist\u00e2ncias curtas e muito longas. Este pedido de socorro tem um som muito natural.<\/p>","protected":false},"excerpt":{"rendered":"<p>Guinchar para a raposa. Este chamamento funciona tanto com um som ligeiro como com um som firme. Desta forma, pode chamar raposas a dist\u00e2ncias curtas e muito longas. Este pedido de socorro tem um som muito natural.<\/p>","protected":false},"featured_media":24019,"template":"","meta":[],"product_brand":[],"product_cat":[104,164],"product_tag":[],"class_list":{"0":"post-24031","1":"product","2":"type-product","3":"status-publish","4":"has-post-thumbnail","6":"product_cat-atrayentes-y-reclamos","7":"product_cat-eurohunt","9":"first","10":"instock","11":"taxable","12":"shipping-taxable","13":"purchasable","14":"product-type-simple","15":"add-to-wishlist-after_add_to_cart"},"_links":{"self":[{"href":"https:\/\/dinaturez.com\/pt\/wp-json\/wp\/v2\/product\/24031","targetHints":{"allow":["GET"]}}],"collection":[{"href":"https:\/\/dinaturez.com\/pt\/wp-json\/wp\/v2\/product"}],"about":[{"href":"https:\/\/dinaturez.com\/pt\/wp-json\/wp\/v2\/types\/product"}],"wp:featuredmedia":[{"embeddable":true,"href":"https:\/\/dinaturez.com\/pt\/wp-json\/wp\/v2\/media\/24019"}],"wp:attachment":[{"href":"https:\/\/dinaturez.com\/pt\/wp-json\/wp\/v2\/media?parent=24031"}],"wp:term":[{"taxonomy":"product_brand","embeddable":true,"href":"https:\/\/dinaturez.com\/pt\/wp-json\/wp\/v2\/product_brand?post=24031"},{"taxonomy":"product_cat","embeddable":true,"href":"https:\/\/dinaturez.com\/pt\/wp-json\/wp\/v2\/product_cat?post=24031"},{"taxonomy":"product_tag","embeddable":true,"href":"https:\/\/dinaturez.com\/pt\/wp-json\/wp\/v2\/product_tag?post=24031"}],"curies":[{"name":"wp","href":"https:\/\/api.w.org\/{rel}","templated":true}]}}