{"id":24030,"date":"2024-06-12T22:26:06","date_gmt":"2024-06-12T20:26:06","guid":{"rendered":"https:\/\/dinaturez.com\/?post_type=product&#038;p=24030"},"modified":"2024-06-15T10:29:51","modified_gmt":"2024-06-15T08:29:51","slug":"reclamo-universal-wxt-4all-plus","status":"publish","type":"product","link":"https:\/\/dinaturez.com\/pt\/product\/reclamo-universal-wxt-4all-plus\/","title":{"rendered":"pedido universal WXT-4all plus"},"content":{"rendered":"<p>&nbsp;<\/p>\n<p>Com o Weisskirchen WXT - 4all Locker pode imitar um n\u00famero aparentemente elevado de esp\u00e9cies de ca\u00e7a.<\/p>\n<p>Material robusto tamb\u00e9m para condi\u00e7\u00f5es extremas e aplic\u00e1vel em todas as esta\u00e7\u00f5es.<\/p>\n<p>&nbsp;<\/p>\n<p>Cor\u00e7o: Kitzfiep, Kitzangstruf, Ricken - socorro, socorro de coelho, chamamento de pato<\/p>\n<p>Tamb\u00e9m com apito de rato para o ca\u00e7ador de predadores.<\/p>","protected":false},"excerpt":{"rendered":"<p>&nbsp; Com o Weisskirchen WXT - 4all Locker pode imitar um n\u00famero aparentemente elevado de esp\u00e9cies de ca\u00e7a. Material robusto tamb\u00e9m para condi\u00e7\u00f5es extremas e aplic\u00e1vel em todas as esta\u00e7\u00f5es.   Cervos: Kitzfiep, Kitzangstruf, Ricken - distress, rabbit distress, duck call Al\u00e9m disso, com apito de rato para o ca\u00e7ador de predadores.<\/p>","protected":false},"featured_media":24016,"template":"","meta":[],"product_brand":[],"product_cat":[104,164],"product_tag":[],"class_list":{"0":"post-24030","1":"product","2":"type-product","3":"status-publish","4":"has-post-thumbnail","6":"product_cat-atrayentes-y-reclamos","7":"product_cat-eurohunt","9":"first","10":"instock","11":"taxable","12":"shipping-taxable","13":"purchasable","14":"product-type-simple","15":"add-to-wishlist-after_add_to_cart"},"_links":{"self":[{"href":"https:\/\/dinaturez.com\/pt\/wp-json\/wp\/v2\/product\/24030","targetHints":{"allow":["GET"]}}],"collection":[{"href":"https:\/\/dinaturez.com\/pt\/wp-json\/wp\/v2\/product"}],"about":[{"href":"https:\/\/dinaturez.com\/pt\/wp-json\/wp\/v2\/types\/product"}],"wp:featuredmedia":[{"embeddable":true,"href":"https:\/\/dinaturez.com\/pt\/wp-json\/wp\/v2\/media\/24016"}],"wp:attachment":[{"href":"https:\/\/dinaturez.com\/pt\/wp-json\/wp\/v2\/media?parent=24030"}],"wp:term":[{"taxonomy":"product_brand","embeddable":true,"href":"https:\/\/dinaturez.com\/pt\/wp-json\/wp\/v2\/product_brand?post=24030"},{"taxonomy":"product_cat","embeddable":true,"href":"https:\/\/dinaturez.com\/pt\/wp-json\/wp\/v2\/product_cat?post=24030"},{"taxonomy":"product_tag","embeddable":true,"href":"https:\/\/dinaturez.com\/pt\/wp-json\/wp\/v2\/product_tag?post=24030"}],"curies":[{"name":"wp","href":"https:\/\/api.w.org\/{rel}","templated":true}]}}