{"id":23991,"date":"2024-06-03T21:38:35","date_gmt":"2024-06-03T19:38:35","guid":{"rendered":"https:\/\/dinaturez.com\/?post_type=product&#038;p=23991"},"modified":"2026-04-20T22:29:26","modified_gmt":"2026-04-20T20:29:26","slug":"atrayente-y-cubre-olor-en-spray-de-500ml","status":"publish","type":"product","link":"https:\/\/dinaturez.com\/pt\/product\/atrayente-y-cubre-olor-en-spray-de-500ml\/","title":{"rendered":"Spray atrativo e anti-odor 500ml"},"content":{"rendered":"<p>&nbsp;<\/p>\n<p>Como mistura em comedouros, \u00e9 um isco fi\u00e1vel para atrair veados, cor\u00e7os e javalis, mesmo \u00e0 dist\u00e2ncia. Dilu\u00eddo e utilizado num pulverizador, \u00e9 ideal para mascarar o seu pr\u00f3prio odor. O isco perfumado de alta qualidade \u00e9 fabricado segundo os mais elevados padr\u00f5es de qualidade, utilizando subst\u00e2ncias id\u00eanticas \u00e0s que se encontram na natureza.<\/p>\n<p>Utiliza\u00e7\u00e3o: Pulveriza\u00e7\u00e3o de arbustos, arbustos e similares.<\/p>\n<p>Tr\u00eas sabores dispon\u00edveis: ma\u00e7\u00e3, bolota e milho.<\/p>","protected":false},"excerpt":{"rendered":"<p>&nbsp; Como mistura em comedouros, \u00e9 um isco fi\u00e1vel para atrair veados, cor\u00e7os e javalis, mesmo \u00e0 dist\u00e2ncia. Dilu\u00eddo e utilizado num pulverizador, \u00e9 ideal para mascarar o seu pr\u00f3prio odor. O isco perfumado de alta qualidade \u00e9 fabricado segundo os mais elevados padr\u00f5es de qualidade, utilizando subst\u00e2ncias id\u00eanticas \u00e0s utilizadas na produ\u00e7\u00e3o de [...]<\/p>","protected":false},"featured_media":23992,"template":"","meta":[],"product_brand":[],"product_cat":[164,104],"product_tag":[],"class_list":{"0":"post-23991","1":"product","2":"type-product","3":"status-publish","4":"has-post-thumbnail","6":"product_cat-eurohunt","7":"product_cat-atrayentes-y-reclamos","9":"first","10":"instock","11":"taxable","12":"shipping-taxable","13":"purchasable","14":"product-type-variable","15":"add-to-wishlist-after_add_to_cart"},"_links":{"self":[{"href":"https:\/\/dinaturez.com\/pt\/wp-json\/wp\/v2\/product\/23991","targetHints":{"allow":["GET"]}}],"collection":[{"href":"https:\/\/dinaturez.com\/pt\/wp-json\/wp\/v2\/product"}],"about":[{"href":"https:\/\/dinaturez.com\/pt\/wp-json\/wp\/v2\/types\/product"}],"wp:featuredmedia":[{"embeddable":true,"href":"https:\/\/dinaturez.com\/pt\/wp-json\/wp\/v2\/media\/23992"}],"wp:attachment":[{"href":"https:\/\/dinaturez.com\/pt\/wp-json\/wp\/v2\/media?parent=23991"}],"wp:term":[{"taxonomy":"product_brand","embeddable":true,"href":"https:\/\/dinaturez.com\/pt\/wp-json\/wp\/v2\/product_brand?post=23991"},{"taxonomy":"product_cat","embeddable":true,"href":"https:\/\/dinaturez.com\/pt\/wp-json\/wp\/v2\/product_cat?post=23991"},{"taxonomy":"product_tag","embeddable":true,"href":"https:\/\/dinaturez.com\/pt\/wp-json\/wp\/v2\/product_tag?post=23991"}],"curies":[{"name":"wp","href":"https:\/\/api.w.org\/{rel}","templated":true}]}}