{"id":23968,"date":"2024-06-02T21:09:45","date_gmt":"2024-06-02T19:09:45","guid":{"rendered":"https:\/\/dinaturez.com\/?post_type=product&#038;p=23968"},"modified":"2024-12-27T18:13:17","modified_gmt":"2024-12-27T17:13:17","slug":"black-fire-invisible-wild-boar-2","status":"publish","type":"product","link":"https:\/\/dinaturez.com\/pt\/product\/black-fire-invisible-wild-boar-2\/","title":{"rendered":"Fogo preto invis\u00edvel #WILD BOAR#"},"content":{"rendered":"<p>&nbsp;<\/p>\n<p>Atrativo de fogo preto invis\u00edvel.<\/p>\n<p>&nbsp;<\/p>\n<p>MUITO EFICAZ E DURADOURO.<\/p>\n<p>&nbsp;<\/p>\n<p>1,5 kg<\/p>\n<p>&nbsp;<\/p>\n<p>O atrativo Black Fire Invisible \u00e9 uma variante especial para javalis e outros animais selvagens. Concebido em pr\u00e1ticas bolas que se espalham no solo, este atrativo liberta aromas irresist\u00edveis para atrair os javalis e aumentar as suas hip\u00f3teses de sucesso durante as suas persegui\u00e7\u00f5es.<\/p>\n<p>&nbsp;<\/p>\n<p>Embora n\u00e3o seja um alimento, este atrativo \u00e9<\/p>\n<p>&nbsp;<\/p>\n<p>formulado com aromas poderosos que actuam como um \u00edman para os animais. A sua fragr\u00e2ncia intensa e duradoura espalha-se pelo ar, captando a aten\u00e7\u00e3o dos javalis e de outros animais pr\u00f3ximos, criando uma atmosfera irresist\u00edvel no seu comedouro.<\/p>\n<p>&nbsp;<\/p>\n<p>O isco Black Fire Invisible funde-se perfeitamente no solo, misturando-se com o ambiente natural e assegurando que os animais s\u00e3o atra\u00eddos sem suspeitarem de qualquer armadilha. Al\u00e9m disso, a sua f\u00f3rmula resistente \u00e0s intemp\u00e9ries permite que o cheiro se mantenha durante semanas, mesmo em condi\u00e7\u00f5es adversas.<\/p>\n<p>&nbsp;<\/p>\n<p>Dispon\u00edvel em tr\u00eas f\u00f3rmulas atractivas: anis, chocolate e peixe, pode escolher a variante que melhor se adapta \u00e0s suas necessidades e prefer\u00eancias. Cada f\u00f3rmula \u00e9 cuidadosamente elaborada para garantir a m\u00e1xima concentra\u00e7\u00e3o e efic\u00e1cia.<\/p>\n<p>&nbsp;<\/p>\n<p>Para tirar o melhor partido poss\u00edvel do<\/p>\n<p>&nbsp;<\/p>\n<p>recomenda a utiliza\u00e7\u00e3o de um saco para 3 a 5 aplica\u00e7\u00f5es. Com cada utiliza\u00e7\u00e3o, conseguir\u00e1 criar uma atmosfera irresist\u00edvel no seu comedouro, atraindo os animais e permitindo-lhe desfrutar de uma experi\u00eancia de ca\u00e7a \u00fanica.<\/p>\n<p>&nbsp;<\/p>\n<p>Torne o seu comedouro mais atrativo e aumente as suas hip\u00f3teses de sucesso na ca\u00e7a ao javali e a outros animais selvagens com o atrativo Black Fire Invisible. Descubra como o seu aroma poderoso e duradouro pode fazer a diferen\u00e7a na sua persegui\u00e7\u00e3o e levar as suas capacidades de ca\u00e7a para o pr\u00f3ximo n\u00edvel.<\/p>\n<p>&nbsp;<\/p>\n<p>Um cheiro discreto, invis\u00edvel ao olho humano, mas irresist\u00edvel para os javalis.<\/p>\n<p>&nbsp;<\/p>\n<p>Aromas invis\u00edveis para a ca\u00e7a ao javali com um sabor intenso e um perfume extremamente duradouro, resistente \u00e0s condi\u00e7\u00f5es climat\u00e9ricas com \u00e1gua, neve ou calor extremo. Recomenda-se a sua utiliza\u00e7\u00e3o independente, mas tamb\u00e9m funciona<\/p>\n<p>&nbsp;<\/p>\n<p>em combina\u00e7\u00e3o com os cereais habituais. Cada saco pode ser utilizado 3 a 5 vezes. Ingredientes: farinha de milho, farinha de trigo, farinha de soja, leite em p\u00f3, ovos, \u00f3leos, humidade 30%, glucose, frutose, aromas.<\/p>\n<p>&nbsp;<\/p>\n<p>Instru\u00e7\u00f5es de utiliza\u00e7\u00e3o<\/p>\n<p>&nbsp;<\/p>\n<p>Largue uma m\u00e3o-cheia de bolas invis\u00edveis Black Fire no local selecionado onde h\u00e1 atividade de javalis. As bolas ricas em prote\u00ednas, aromatizadas com anis, chocolate ou peixe, libertar\u00e3o aromas irresist\u00edveis para os javalis.<\/p>","protected":false},"excerpt":{"rendered":"<p>&nbsp; Atrativo invis\u00edvel Black Fire.   MUITO EFICAZ E DUR\u00c1VEL. 1,5 kg O atrativo Black Fire Invisible numa vers\u00e3o especial para javalis e outros animais selvagens. Concebido em pr\u00e1ticas bolas que se espalham no solo, este atrativo liberta aromas irresist\u00edveis para atrair os javalis e aumentar as suas hip\u00f3teses de sucesso [...]<\/p>","protected":false},"featured_media":23975,"template":"","meta":[],"product_brand":[],"product_cat":[104,135],"product_tag":[],"class_list":{"0":"post-23968","1":"product","2":"type-product","3":"status-publish","4":"has-post-thumbnail","6":"product_cat-atrayentes-y-reclamos","7":"product_cat-back-fire","9":"first","10":"instock","11":"taxable","12":"shipping-taxable","13":"purchasable","14":"product-type-variable","15":"add-to-wishlist-after_add_to_cart"},"_links":{"self":[{"href":"https:\/\/dinaturez.com\/pt\/wp-json\/wp\/v2\/product\/23968","targetHints":{"allow":["GET"]}}],"collection":[{"href":"https:\/\/dinaturez.com\/pt\/wp-json\/wp\/v2\/product"}],"about":[{"href":"https:\/\/dinaturez.com\/pt\/wp-json\/wp\/v2\/types\/product"}],"wp:featuredmedia":[{"embeddable":true,"href":"https:\/\/dinaturez.com\/pt\/wp-json\/wp\/v2\/media\/23975"}],"wp:attachment":[{"href":"https:\/\/dinaturez.com\/pt\/wp-json\/wp\/v2\/media?parent=23968"}],"wp:term":[{"taxonomy":"product_brand","embeddable":true,"href":"https:\/\/dinaturez.com\/pt\/wp-json\/wp\/v2\/product_brand?post=23968"},{"taxonomy":"product_cat","embeddable":true,"href":"https:\/\/dinaturez.com\/pt\/wp-json\/wp\/v2\/product_cat?post=23968"},{"taxonomy":"product_tag","embeddable":true,"href":"https:\/\/dinaturez.com\/pt\/wp-json\/wp\/v2\/product_tag?post=23968"}],"curies":[{"name":"wp","href":"https:\/\/api.w.org\/{rel}","templated":true}]}}