{"id":23953,"date":"2024-05-20T23:28:25","date_gmt":"2024-05-20T21:28:25","guid":{"rendered":"https:\/\/dinaturez.com\/?post_type=product&#038;p=23953"},"modified":"2024-06-05T23:39:07","modified_gmt":"2024-06-05T21:39:07","slug":"orina-feromonas","status":"publish","type":"product","link":"https:\/\/dinaturez.com\/pt\/product\/orina-feromonas\/","title":{"rendered":"feromonas da urina"},"content":{"rendered":"<p>&nbsp;<\/p>\n<p>&nbsp;<\/p>\n<p>O atrativo de urina EUROHUNT \u00e9 um produto totalmente natural, amigo do ambiente e altamente eficaz.<\/p>\n<p>&nbsp;<\/p>\n<p>Os odores da urina atraem o animal a grandes dist\u00e2ncias e provocam a sua curiosidade. Basta pulverizar as solas dos sapatos para deixar um rasto de cheiro. Tamb\u00e9m se pode pulverizar o odor da urina numa superf\u00edcie adequada. Fornecido num pr\u00e1tico frasco de spray de 100 ml.<\/p>\n<p>Isco para javali, cor\u00e7o e veado: imita a urina, as hormonas e as secre\u00e7\u00f5es naturais do animal. Adequado para pulverizar em tapetes de cheiro, botas ou diretamente no solo.<\/p>\n<p>Conte\u00fado: Frasco de spray de 100 ml.<\/p>","protected":false},"excerpt":{"rendered":"<p>&nbsp; &nbsp; O atrativo de urina EUROHUNT \u00e9 um produto natural, amigo do ambiente e altamente eficaz.   Os odores da urina atraem o animal a longas dist\u00e2ncias e despertam a sua curiosidade. Basta pulveriz\u00e1-lo nas solas dos sapatos para deixar um rasto de cheiro. Tamb\u00e9m pode pulverizar o cheiro da urina em [...]<\/p>","protected":false},"featured_media":23958,"template":"","meta":[],"product_brand":[],"product_cat":[164,104],"product_tag":[],"class_list":{"0":"post-23953","1":"product","2":"type-product","3":"status-publish","4":"has-post-thumbnail","6":"product_cat-eurohunt","7":"product_cat-atrayentes-y-reclamos","9":"first","10":"instock","11":"taxable","12":"shipping-taxable","13":"purchasable","14":"product-type-variable","15":"add-to-wishlist-after_add_to_cart"},"_links":{"self":[{"href":"https:\/\/dinaturez.com\/pt\/wp-json\/wp\/v2\/product\/23953","targetHints":{"allow":["GET"]}}],"collection":[{"href":"https:\/\/dinaturez.com\/pt\/wp-json\/wp\/v2\/product"}],"about":[{"href":"https:\/\/dinaturez.com\/pt\/wp-json\/wp\/v2\/types\/product"}],"wp:featuredmedia":[{"embeddable":true,"href":"https:\/\/dinaturez.com\/pt\/wp-json\/wp\/v2\/media\/23958"}],"wp:attachment":[{"href":"https:\/\/dinaturez.com\/pt\/wp-json\/wp\/v2\/media?parent=23953"}],"wp:term":[{"taxonomy":"product_brand","embeddable":true,"href":"https:\/\/dinaturez.com\/pt\/wp-json\/wp\/v2\/product_brand?post=23953"},{"taxonomy":"product_cat","embeddable":true,"href":"https:\/\/dinaturez.com\/pt\/wp-json\/wp\/v2\/product_cat?post=23953"},{"taxonomy":"product_tag","embeddable":true,"href":"https:\/\/dinaturez.com\/pt\/wp-json\/wp\/v2\/product_tag?post=23953"}],"curies":[{"name":"wp","href":"https:\/\/api.w.org\/{rel}","templated":true}]}}