{"id":23937,"date":"2024-05-15T19:46:42","date_gmt":"2024-05-15T17:46:42","guid":{"rendered":"https:\/\/dinaturez.com\/?post_type=product&#038;p=23937"},"modified":"2026-01-27T09:45:53","modified_gmt":"2026-01-27T08:45:53","slug":"wild335l","status":"publish","type":"product","link":"https:\/\/dinaturez.com\/pt\/product\/wild335l\/","title":{"rendered":"WILD335-LRF THERMTEC"},"content":{"rendered":"<h3><strong data-start=\"113\" data-end=\"128\">WILD335-LRF<\/strong> \u00e9 um monocular t\u00e9rmico avan\u00e7ado, concebido para proporcionar imagens n\u00edtidas e uma dete\u00e7\u00e3o fi\u00e1vel a longas dist\u00e2ncias - ideal para actividades como a vigil\u00e2ncia nocturna, a observa\u00e7\u00e3o da vida selvagem ou a ca\u00e7a.<\/h3>\n<div class=\"content\">\n<ul>\n<li data-start=\"396\" data-end=\"649\">Microbol\u00f3metro n\u00e3o arrefecido Sensor VOx n\u00e3o arrefecido com resolu\u00e7\u00e3o <strong data-start=\"452\" data-end=\"473\">384 \u00d7 288 pix\u00e9is<\/strong> e alta sensibilidade (<strong data-start=\"495\" data-end=\"516\">NETD \u2264 18 mK@300K<\/strong>), o que torna poss\u00edvel detetar fontes de calor com elevada precis\u00e3o, mesmo na escurid\u00e3o total.<\/li>\n<li data-start=\"652\" data-end=\"855\">Lente de <strong data-start=\"661\" data-end=\"670\">35 mm<\/strong>, com uma amplia\u00e7\u00e3o \u00f3tica de <strong data-start=\"694\" data-end=\"702\">3,3\u00d7<\/strong> e zoom digital cont\u00ednuo de <strong data-start=\"730\" data-end=\"741\">1\u00d7 a 4\u00d7<\/strong>, Isto facilita a amplia\u00e7\u00e3o da imagem para identificar pormenores \u00e0 dist\u00e2ncia.<\/li>\n<li data-start=\"858\" data-end=\"992\"><strong data-start=\"858\" data-end=\"883\">Tel\u00eametro a laser (LRF)<\/strong> com um \u00e2mbito de <strong data-start=\"899\" data-end=\"915\">at\u00e9 1000 m<\/strong> para medir dist\u00e2ncias com exatid\u00e3o.<\/li>\n<li data-start=\"995\" data-end=\"1165\">\u00c2mbito de aplica\u00e7\u00e3o <strong data-start=\"1006\" data-end=\"1041\">dete\u00e7\u00e3o t\u00e9rmica at\u00e9 ~1800 m<\/strong>, Isto permite detetar animais, pessoas ou objectos de grandes dimens\u00f5es a grandes dist\u00e2ncias.<\/li>\n<li data-start=\"1168\" data-end=\"1312\">Ecr\u00e3 <strong data-start=\"1177\" data-end=\"1193\">OLED (0,39\u2033)<\/strong> com resolu\u00e7\u00e3o <strong data-start=\"1209\" data-end=\"1229\">1024\u00d7768 p\u00edxeis<\/strong>, A imagem \u00e9 n\u00edtida e pormenorizada.<\/li>\n<li data-start=\"1315\" data-end=\"1553\">Fun\u00e7\u00f5es modernas: dete\u00e7\u00e3o de calor, medi\u00e7\u00e3o de dist\u00e2ncia por IA (aprendizagem profunda), GPS integrado, grava\u00e7\u00e3o de fotografias e v\u00eddeos, liga\u00e7\u00e3o Wi-Fi + aplica\u00e7\u00e3o m\u00f3vel e armazenamento interno (<strong data-start=\"1502\" data-end=\"1511\">64 GB<\/strong>).<\/li>\n<li data-start=\"1556\" data-end=\"1700\">Bateria recarreg\u00e1vel amov\u00edvel (tipo 18650), com autonomia de cerca de <strong data-start=\"1629\" data-end=\"1641\">10 horas<\/strong> de utiliza\u00e7\u00e3o cont\u00ednua.<\/li>\n<li data-start=\"1703\" data-end=\"1880\">Constru\u00e7\u00e3o robusta: resist\u00eancia \u00e0 \u00e1gua e ao p\u00f3 (<strong data-start=\"1754\" data-end=\"1762\">IP67<\/strong>), prote\u00e7\u00e3o contra quedas at\u00e9 1 metro - adequado para utiliza\u00e7\u00e3o no terreno.<\/li>\n<\/ul>\n<\/div>\n<h4><\/h4>\n<h4>Especifica\u00e7\u00f5es<\/h4>\n<div class=\"content\">\n<table class=\"specs\" border=\"0\" cellspacing=\"0\" cellpadding=\"0\">\n<tbody>\n<tr class=\"table-data\" align=\"left\" valign=\"middle\">\n<td width=\"30%\" height=\"22\"><strong>Marca<\/strong><\/td>\n<td width=\"70%\" height=\"22\">ThermEye<\/td>\n<\/tr>\n<tr class=\"table-data\" align=\"left\" valign=\"middle\">\n<td width=\"30%\" height=\"22\"><strong>Modelo<\/strong><\/td>\n<td width=\"70%\" height=\"22\">WILD335-LRF<\/td>\n<\/tr>\n<tr class=\"table-data\" align=\"left\" valign=\"middle\">\n<td width=\"30%\" height=\"22\"><strong>Tipo de sensor<\/strong><\/td>\n<td width=\"70%\" height=\"22\">Microbol\u00f3metro VOx n\u00e3o arrefecido<\/td>\n<\/tr>\n<tr class=\"table-data\" align=\"left\" valign=\"middle\">\n<td width=\"30%\" height=\"22\"><strong>Resolu\u00e7\u00e3o<\/strong><\/td>\n<td width=\"70%\" height=\"22\">384\u00d7288 p\u00edxeis<\/td>\n<\/tr>\n<tr class=\"table-data\" align=\"left\" valign=\"middle\">\n<td width=\"30%\" height=\"22\"><strong>Tamanho do pixel<\/strong><\/td>\n<td width=\"70%\" height=\"22\">12\u00b5m<\/td>\n<\/tr>\n<tr class=\"table-data\" align=\"left\" valign=\"middle\">\n<td width=\"30%\" height=\"22\"><strong>NETD<\/strong><\/td>\n<td width=\"70%\" height=\"22\">\u226418mK@300K<\/td>\n<\/tr>\n<tr class=\"table-data\" align=\"left\" valign=\"middle\">\n<td width=\"30%\" height=\"22\"><strong>Gama espetral<\/strong><\/td>\n<td width=\"70%\" height=\"22\">8\uff5e14\u03bcm<\/td>\n<\/tr>\n<tr class=\"table-data\" align=\"left\" valign=\"middle\">\n<td width=\"30%\" height=\"22\"><strong>Lente<\/strong><\/td>\n<td width=\"70%\" height=\"22\">35mm<\/td>\n<\/tr>\n<tr class=\"table-data\" align=\"left\" valign=\"middle\">\n<td width=\"30%\" height=\"22\"><strong>LRF<\/strong><\/td>\n<td width=\"70%\" height=\"22\">Alcance de 1.000m<\/td>\n<\/tr>\n<tr class=\"table-data\" align=\"left\" valign=\"middle\">\n<td width=\"30%\" height=\"22\"><strong>Aumentos<\/strong><\/td>\n<td width=\"70%\" height=\"22\">3,3X<\/td>\n<\/tr>\n<tr class=\"table-data\" align=\"left\" valign=\"middle\">\n<td width=\"30%\" height=\"22\"><strong>\u00c2ngulo de vis\u00e3o<\/strong><\/td>\n<td width=\"70%\" height=\"22\">7,5\u00ba x 5,6\u00ba.<\/td>\n<\/tr>\n<tr class=\"table-data\" align=\"left\" valign=\"middle\">\n<td width=\"30%\" height=\"22\"><strong>Zoom digital<\/strong><\/td>\n<td width=\"70%\" height=\"22\">1x\uff5e4x cont\u00ednuo<\/td>\n<\/tr>\n<tr class=\"table-data\" align=\"left\" valign=\"middle\">\n<td width=\"30%\" height=\"22\"><strong>Paletas de cores<\/strong><\/td>\n<td width=\"70%\" height=\"22\">6<\/td>\n<\/tr>\n<tr class=\"table-data\" align=\"left\" valign=\"middle\">\n<td width=\"30%\" height=\"22\"><strong>Tipo de ecr\u00e3<\/strong><\/td>\n<td width=\"70%\" height=\"22\">OLED 0,39\u2033, resolu\u00e7\u00e3o 1024\u00d7768 pix\u00e9is,<\/td>\n<\/tr>\n<tr class=\"table-data\" align=\"left\" valign=\"middle\">\n<td width=\"30%\" height=\"22\"><strong>Corre\u00e7\u00e3o de dioptrias<\/strong><\/td>\n<td width=\"70%\" height=\"22\">-5\uff5e+5<\/td>\n<\/tr>\n<tr class=\"table-data\" align=\"left\" valign=\"middle\">\n<td width=\"30%\" height=\"22\"><strong>Dist\u00e2ncia dos olhos<\/strong><\/td>\n<td width=\"70%\" height=\"22\">40 mm<\/td>\n<\/tr>\n<tr class=\"table-data\" align=\"left\" valign=\"middle\">\n<td width=\"30%\" height=\"22\"><strong>Mem\u00f3ria interna<\/strong><\/td>\n<td width=\"70%\" height=\"22\">64 GBytes<\/td>\n<\/tr>\n<tr class=\"table-data\" align=\"left\" valign=\"middle\">\n<td width=\"30%\" height=\"22\"><strong>Medi\u00e7\u00e3o de dist\u00e2ncias<\/strong><\/td>\n<td width=\"70%\" height=\"22\">IA (baseada na aprendizagem profunda)<\/td>\n<\/tr>\n<tr class=\"table-data\" align=\"left\" valign=\"middle\">\n<td width=\"30%\" height=\"22\"><strong>Procurador de calor<\/strong><\/td>\n<td width=\"70%\" height=\"22\">Sim<\/td>\n<\/tr>\n<tr class=\"table-data\" align=\"left\" valign=\"middle\">\n<td width=\"30%\" height=\"22\"><strong>GPS<\/strong><\/td>\n<td width=\"70%\" height=\"22\">Sim<\/td>\n<\/tr>\n<tr class=\"table-data\" align=\"left\" valign=\"middle\">\n<td width=\"30%\" height=\"22\"><strong>SIA<\/strong><\/td>\n<td width=\"70%\" height=\"22\">Sim (Estabilizador eletr\u00f3nico de imagem)<\/td>\n<\/tr>\n<tr class=\"table-data\" align=\"left\" valign=\"middle\">\n<td width=\"30%\" height=\"22\"><strong>Multim\u00e9dia<\/strong><\/td>\n<td width=\"70%\" height=\"22\">Fotografia, v\u00eddeo, reprodu\u00e7\u00e3o local<\/td>\n<\/tr>\n<tr class=\"table-data\" align=\"left\" valign=\"middle\">\n<td width=\"30%\" height=\"22\"><strong>Tipo de pilha<\/strong><\/td>\n<td width=\"70%\" height=\"22\">Bateria amov\u00edvel 18.650 (recarreg\u00e1vel)<\/td>\n<\/tr>\n<tr class=\"table-data\" align=\"left\" valign=\"middle\">\n<td width=\"30%\" height=\"22\"><strong>Dura\u00e7\u00e3o da bateria<\/strong><\/td>\n<td width=\"70%\" height=\"22\">Tempo de funcionamento cont\u00ednuo \u2265 10h<\/td>\n<\/tr>\n<tr class=\"table-data\" align=\"left\" valign=\"middle\">\n<td width=\"30%\" height=\"22\"><strong>Liga\u00e7\u00f5es<\/strong><\/td>\n<td width=\"70%\" height=\"22\">USB tipo C<br \/>\nLiga\u00e7\u00e3o ao PC para descarregar fotografias e v\u00eddeos<br \/>\nLiga\u00e7\u00e3o de carregamento do dispositivo<\/td>\n<\/tr>\n<tr class=\"table-data\" align=\"left\" valign=\"middle\">\n<td width=\"30%\" height=\"22\"><\/td>\n<td width=\"70%\" height=\"22\">Wi-Fi<br \/>\nLiga\u00e7\u00e3o Wi-Fi com a aplica\u00e7\u00e3o<br \/>\nLiga\u00e7\u00e3o Hotspot com a aplica\u00e7\u00e3o<\/td>\n<\/tr>\n<tr class=\"table-data\" align=\"left\" valign=\"middle\">\n<td width=\"30%\" height=\"22\"><strong>Temperatura de funcionamento<\/strong><\/td>\n<td width=\"70%\" height=\"22\">-20\u2103\uff5e+50\u2103<\/td>\n<\/tr>\n<tr class=\"table-data\" align=\"left\" valign=\"middle\">\n<td width=\"30%\" height=\"22\"><strong>\u00cdndice de prote\u00e7\u00e3o<\/strong><\/td>\n<td width=\"70%\" height=\"22\">IP67, resist\u00eancia a quedas de 1 metro<\/td>\n<\/tr>\n<tr class=\"table-data\" align=\"left\" valign=\"middle\">\n<td width=\"30%\" height=\"22\"><strong>Peso<\/strong><\/td>\n<td width=\"70%\" height=\"22\">530g<\/td>\n<\/tr>\n<tr class=\"table-data\" align=\"left\" valign=\"middle\">\n<td width=\"30%\" height=\"22\"><strong>Dimens\u00f5es<\/strong><\/td>\n<td width=\"70%\" height=\"22\">69 (L) \u00d7 58 (A) \u00d7 190 (C) mm<\/td>\n<\/tr>\n<tr class=\"table-data\" align=\"left\" valign=\"middle\">\n<td width=\"30%\" height=\"22\"><strong>Dist\u00e2ncia de dete\u00e7\u00e3o<\/strong><\/td>\n<td width=\"70%\" height=\"22\">1.800m<\/td>\n<\/tr>\n<\/tbody>\n<\/table>\n<\/div>\n<h3><\/h3>\n<h4>Conte\u00fado<\/h4>\n<div class=\"content\">\n<ul class=\"article_list\">\n<li>Monocular t\u00e9rmico WILD335-LRF<\/li>\n<li>Cabo de dados e de carregamento USB-C<\/li>\n<li>Carregador duplo 18.650<\/li>\n<li>Bateria 18.650 (2X)<\/li>\n<li>Correia para o pesco\u00e7o<\/li>\n<li>Tira sujeci\u00f3n mano<\/li>\n<li>Pano de limpeza<\/li>\n<li>Manual do utilizador<\/li>\n<\/ul>\n<\/div>","protected":false},"excerpt":{"rendered":"<h3><strong data-start=\"113\" data-end=\"128\">WILD335-LRF<\/strong> \u00e9 um monocular t\u00e9rmico avan\u00e7ado, concebido para proporcionar imagens n\u00edtidas e uma dete\u00e7\u00e3o fi\u00e1vel a longas dist\u00e2ncias - ideal para actividades como a vigil\u00e2ncia nocturna, a observa\u00e7\u00e3o da vida selvagem ou a ca\u00e7a.<\/h3>","protected":false},"featured_media":23938,"template":"","meta":[],"product_brand":[],"product_cat":[147,165,131,144],"product_tag":[],"class_list":{"0":"post-23937","1":"product","2":"type-product","3":"status-publish","4":"has-post-thumbnail","6":"product_cat-monoculares-termicos","7":"product_cat-monoculares-wild","8":"product_cat-thermtec","9":"product_cat-vision-termica","11":"first","12":"instock","13":"taxable","14":"shipping-taxable","15":"purchasable","16":"product-type-simple","17":"add-to-wishlist-after_add_to_cart"},"_links":{"self":[{"href":"https:\/\/dinaturez.com\/pt\/wp-json\/wp\/v2\/product\/23937","targetHints":{"allow":["GET"]}}],"collection":[{"href":"https:\/\/dinaturez.com\/pt\/wp-json\/wp\/v2\/product"}],"about":[{"href":"https:\/\/dinaturez.com\/pt\/wp-json\/wp\/v2\/types\/product"}],"wp:featuredmedia":[{"embeddable":true,"href":"https:\/\/dinaturez.com\/pt\/wp-json\/wp\/v2\/media\/23938"}],"wp:attachment":[{"href":"https:\/\/dinaturez.com\/pt\/wp-json\/wp\/v2\/media?parent=23937"}],"wp:term":[{"taxonomy":"product_brand","embeddable":true,"href":"https:\/\/dinaturez.com\/pt\/wp-json\/wp\/v2\/product_brand?post=23937"},{"taxonomy":"product_cat","embeddable":true,"href":"https:\/\/dinaturez.com\/pt\/wp-json\/wp\/v2\/product_cat?post=23937"},{"taxonomy":"product_tag","embeddable":true,"href":"https:\/\/dinaturez.com\/pt\/wp-json\/wp\/v2\/product_tag?post=23937"}],"curies":[{"name":"wp","href":"https:\/\/api.w.org\/{rel}","templated":true}]}}