{"id":23928,"date":"2024-05-15T19:37:37","date_gmt":"2024-05-15T17:37:37","guid":{"rendered":"https:\/\/dinaturez.com\/?post_type=product&#038;p=23928"},"modified":"2026-03-23T13:11:36","modified_gmt":"2026-03-23T12:11:36","slug":"wild635","status":"publish","type":"product","link":"https:\/\/dinaturez.com\/pt\/product\/wild635\/","title":{"rendered":"WILD-635 THERMTEC"},"content":{"rendered":"<h4 data-rm-block-id=\"block-1\">O WILD 635 \u00e9 um mon\u00f3culo t\u00e9rmico compacto com uma <strong data-start=\"180\" data-end=\"207\">640 \u00d7 512 pix\u00e9is (VOx)<\/strong> e sensibilidade t\u00e9rmica NETD \u2264 18 mK, o que lhe permite obter imagens n\u00edtidas com bom contraste, mesmo em condi\u00e7\u00f5es de baixa visibilidade.<\/h4>\n<h4 data-rm-block-id=\"block-1\">A sua lente de <strong data-start=\"363\" data-end=\"372\">35 mm<\/strong> juntamente com uma amplia\u00e7\u00e3o \u00f3tica de <strong data-start=\"403\" data-end=\"444\">2\u00d7 (e zoom digital cont\u00ednuo at\u00e9 4\u00d7)<\/strong> facilitam a dete\u00e7\u00e3o e observa\u00e7\u00e3o de alvos \u00e0 dist\u00e2ncia; o campo de vis\u00e3o \u00e9 de aproximadamente <strong data-start=\"549\" data-end=\"564\">12,5\u00b0 \u00d7 10\u00b0<\/strong>, ideal para vigil\u00e2ncia ou explora\u00e7\u00e3o.<\/h4>\n<h4 data-rm-block-id=\"block-1\">O ecr\u00e3 interno \u00e9 AMOLED <strong data-start=\"636\" data-end=\"645\">0,39\u2033<\/strong> com resolu\u00e7\u00e3o <strong data-start=\"661\" data-end=\"673\">1024\u00d7768<\/strong>, A c\u00e2mara suporta v\u00e1rias paletas de cores, modos de imagem (como \u201cfloresta\u201d ou \u201calvo\u201d), bem como fun\u00e7\u00f5es modernas como grava\u00e7\u00e3o de fotografias\/v\u00eddeos, grande mem\u00f3ria interna, estabiliza\u00e7\u00e3o eletr\u00f3nica, seguimento de pontos quentes, etc.<\/h4>\n<p>&nbsp;<\/p>\n<div class=\"content\">\n<ul class=\"article_list\">\n<li data-rm-block-id=\"block-2\">ThermEye<\/li>\n<li data-rm-block-id=\"block-3\">Monocular t\u00e9rmico<\/li>\n<li data-rm-block-id=\"block-4\">Sensor 640\u00d7512<\/li>\n<li data-rm-block-id=\"block-5\">NETD \u226418mK<\/li>\n<li data-rm-block-id=\"block-6\">Tamanho do pixel 12\u00b5m<\/li>\n<li data-rm-block-id=\"block-7\">Lente de 35 mm<\/li>\n<li data-rm-block-id=\"block-8\">Amplia\u00e7\u00e3o de 2,0X<\/li>\n<li data-rm-block-id=\"block-9\">Mem\u00f3ria interna 64GB<\/li>\n<li data-rm-block-id=\"block-10\">Zoom digital 1-4X<\/li>\n<li data-rm-block-id=\"block-11\">Paleta 6 cores<\/li>\n<li data-rm-block-id=\"block-12\">Medi\u00e7\u00e3o da dist\u00e2ncia AI<\/li>\n<li data-rm-block-id=\"block-13\">EIS (Estabilizador eletr\u00f3nico de imagem)<\/li>\n<li data-rm-block-id=\"block-14\">GPS<\/li>\n<li data-rm-block-id=\"block-15\">Ecr\u00e3 OLED<\/li>\n<li data-rm-block-id=\"block-16\">Captura de imagens e grava\u00e7\u00e3o de v\u00eddeo<\/li>\n<li data-rm-block-id=\"block-17\">WiFi<\/li>\n<li data-rm-block-id=\"block-18\">APP Smartphone<\/li>\n<li data-rm-block-id=\"block-19\">Bateria amov\u00edvel com autonomia de at\u00e9 8h<\/li>\n<li data-rm-block-id=\"block-20\">Conector USB tipo C<\/li>\n<li data-rm-block-id=\"block-21\">Prote\u00e7\u00e3o IP67<\/li>\n<li data-rm-block-id=\"block-22\">Dist\u00e2ncia de dete\u00e7\u00e3o 1.800m<\/li>\n<\/ul>\n<\/div>\n<h3 data-rm-block-id=\"block-23\">Especifica\u00e7\u00f5es<\/h3>\n<div class=\"content\">\n<table class=\"specs\" border=\"0\" cellspacing=\"0\" cellpadding=\"0\">\n<tbody>\n<tr class=\"table-data\" align=\"left\" valign=\"middle\">\n<td width=\"30%\" height=\"22\" data-rm-block-id=\"block-24\"><strong>Marca<\/strong><\/td>\n<td width=\"70%\" height=\"22\" data-rm-block-id=\"block-25\">ThermEye<\/td>\n<\/tr>\n<tr class=\"table-data\" align=\"left\" valign=\"middle\">\n<td width=\"30%\" height=\"22\" data-rm-block-id=\"block-26\"><strong>Modelo<\/strong><\/td>\n<td width=\"70%\" height=\"22\" data-rm-block-id=\"block-27\">WILD635<\/td>\n<\/tr>\n<tr class=\"table-data\" align=\"left\" valign=\"middle\">\n<td width=\"30%\" height=\"22\" data-rm-block-id=\"block-28\"><strong>Tipo de sensor<\/strong><\/td>\n<td width=\"70%\" height=\"22\" data-rm-block-id=\"block-29\">Microbol\u00f3metro VOx n\u00e3o arrefecido<\/td>\n<\/tr>\n<tr class=\"table-data\" align=\"left\" valign=\"middle\">\n<td width=\"30%\" height=\"22\" data-rm-block-id=\"block-30\"><strong>Resolu\u00e7\u00e3o<\/strong><\/td>\n<td width=\"70%\" height=\"22\" data-rm-block-id=\"block-31\">640\u00d7512 p\u00edxeis<\/td>\n<\/tr>\n<tr class=\"table-data\" align=\"left\" valign=\"middle\">\n<td width=\"30%\" height=\"22\" data-rm-block-id=\"block-32\"><strong>Tamanho do pixel<\/strong><\/td>\n<td width=\"70%\" height=\"22\" data-rm-block-id=\"block-33\">12\u00b5m<\/td>\n<\/tr>\n<tr class=\"table-data\" align=\"left\" valign=\"middle\">\n<td width=\"30%\" height=\"22\" data-rm-block-id=\"block-34\"><strong>NETD<\/strong><\/td>\n<td width=\"70%\" height=\"22\" data-rm-block-id=\"block-35\">\u226418mK@300K<\/td>\n<\/tr>\n<tr class=\"table-data\" align=\"left\" valign=\"middle\">\n<td width=\"30%\" height=\"22\" data-rm-block-id=\"block-36\"><strong>Gama espetral<\/strong><\/td>\n<td width=\"70%\" height=\"22\" data-rm-block-id=\"block-37\">8\uff5e14\u03bcm<\/td>\n<\/tr>\n<tr class=\"table-data\" align=\"left\" valign=\"middle\">\n<td width=\"30%\" height=\"22\" data-rm-block-id=\"block-38\"><strong>Lente<\/strong><\/td>\n<td width=\"70%\" height=\"22\" data-rm-block-id=\"block-39\">35mm<\/td>\n<\/tr>\n<tr class=\"table-data\" align=\"left\" valign=\"middle\">\n<td width=\"30%\" height=\"22\" data-rm-block-id=\"block-40\"><strong>Aumentos<\/strong><\/td>\n<td width=\"70%\" height=\"22\" data-rm-block-id=\"block-41\">2,0X<\/td>\n<\/tr>\n<tr class=\"table-data\" align=\"left\" valign=\"middle\">\n<td width=\"30%\" height=\"22\" data-rm-block-id=\"block-42\"><strong>\u00c2ngulo de vis\u00e3o<\/strong><\/td>\n<td width=\"70%\" height=\"22\" data-rm-block-id=\"block-43\">12,5\u00ba x 10\u00ba.<\/td>\n<\/tr>\n<tr class=\"table-data\" align=\"left\" valign=\"middle\">\n<td width=\"30%\" height=\"22\" data-rm-block-id=\"block-44\"><strong>Zoom digital<\/strong><\/td>\n<td width=\"70%\" height=\"22\" data-rm-block-id=\"block-45\">1x\uff5e4x cont\u00ednuo<\/td>\n<\/tr>\n<tr class=\"table-data\" align=\"left\" valign=\"middle\">\n<td width=\"30%\" height=\"22\" data-rm-block-id=\"block-46\"><strong>Paletas de cores<\/strong><\/td>\n<td width=\"70%\" height=\"22\" data-rm-block-id=\"block-47\">6<\/td>\n<\/tr>\n<tr class=\"table-data\" align=\"left\" valign=\"middle\">\n<td width=\"30%\" height=\"22\" data-rm-block-id=\"block-48\"><strong>Tipo de ecr\u00e3<\/strong><\/td>\n<td width=\"70%\" height=\"22\" data-rm-block-id=\"block-49\">OLED 0,39\u2033, resolu\u00e7\u00e3o 1024\u00d7768 pix\u00e9is,<\/td>\n<\/tr>\n<tr class=\"table-data\" align=\"left\" valign=\"middle\">\n<td width=\"30%\" height=\"22\" data-rm-block-id=\"block-50\"><strong>Corre\u00e7\u00e3o de dioptrias<\/strong><\/td>\n<td width=\"70%\" height=\"22\" data-rm-block-id=\"block-51\">-5\uff5e+5<\/td>\n<\/tr>\n<tr class=\"table-data\" align=\"left\" valign=\"middle\">\n<td width=\"30%\" height=\"22\" data-rm-block-id=\"block-52\"><strong>Dist\u00e2ncia dos olhos<\/strong><\/td>\n<td width=\"70%\" height=\"22\" data-rm-block-id=\"block-53\">40 mm<\/td>\n<\/tr>\n<tr class=\"table-data\" align=\"left\" valign=\"middle\">\n<td width=\"30%\" height=\"22\" data-rm-block-id=\"block-54\"><strong>Mem\u00f3ria interna<\/strong><\/td>\n<td width=\"70%\" height=\"22\" data-rm-block-id=\"block-55\">64 GBytes<\/td>\n<\/tr>\n<tr class=\"table-data\" align=\"left\" valign=\"middle\">\n<td width=\"30%\" height=\"22\" data-rm-block-id=\"block-56\"><strong>Medi\u00e7\u00e3o de dist\u00e2ncias<\/strong><\/td>\n<td width=\"70%\" height=\"22\" data-rm-block-id=\"block-57\">IA (baseada na aprendizagem profunda)<\/td>\n<\/tr>\n<tr class=\"table-data\" align=\"left\" valign=\"middle\">\n<td width=\"30%\" height=\"22\" data-rm-block-id=\"block-58\"><strong>Procurador de calor<\/strong><\/td>\n<td width=\"70%\" height=\"22\" data-rm-block-id=\"block-59\">SIM<\/td>\n<\/tr>\n<tr class=\"table-data\" align=\"left\" valign=\"middle\">\n<td width=\"30%\" height=\"22\" data-rm-block-id=\"block-60\"><strong>GPS<\/strong><\/td>\n<td width=\"70%\" height=\"22\" data-rm-block-id=\"block-61\">Sim<\/td>\n<\/tr>\n<tr class=\"table-data\" align=\"left\" valign=\"middle\">\n<td width=\"30%\" height=\"22\" data-rm-block-id=\"block-62\"><strong>SIA<\/strong><\/td>\n<td width=\"70%\" height=\"22\" data-rm-block-id=\"block-63\">Sim (Estabilizador eletr\u00f3nico de imagem)<\/td>\n<\/tr>\n<tr class=\"table-data\" align=\"left\" valign=\"middle\">\n<td width=\"30%\" height=\"22\" data-rm-block-id=\"block-64\"><strong>Multim\u00e9dia<\/strong><\/td>\n<td width=\"70%\" height=\"22\" data-rm-block-id=\"block-65\">Fotografia, v\u00eddeo, reprodu\u00e7\u00e3o local<\/td>\n<\/tr>\n<tr class=\"table-data\" align=\"left\" valign=\"middle\">\n<td width=\"30%\" height=\"22\" data-rm-block-id=\"block-66\"><strong>Tipo de pilha<\/strong><\/td>\n<td width=\"70%\" height=\"22\" data-rm-block-id=\"block-67\">Bateria amov\u00edvel 18.650 (recarreg\u00e1vel)<\/td>\n<\/tr>\n<tr class=\"table-data\" align=\"left\" valign=\"middle\">\n<td width=\"30%\" height=\"22\" data-rm-block-id=\"block-68\"><strong>Dura\u00e7\u00e3o da bateria<\/strong><\/td>\n<td width=\"70%\" height=\"22\" data-rm-block-id=\"block-69\">Tempo de funcionamento cont\u00ednuo \u2265 10h<\/td>\n<\/tr>\n<tr class=\"table-data\" align=\"left\" valign=\"middle\">\n<td width=\"30%\" height=\"22\" data-rm-block-id=\"block-70\"><strong>Liga\u00e7\u00f5es<\/strong><\/td>\n<td width=\"70%\" height=\"22\" data-rm-block-id=\"block-71\">USB tipo C<br \/>\nLiga\u00e7\u00e3o ao PC para descarregar fotografias e v\u00eddeos<br \/>\nLiga\u00e7\u00e3o de carregamento do dispositivo<\/td>\n<\/tr>\n<tr class=\"table-data\" align=\"left\" valign=\"middle\">\n<td width=\"30%\" height=\"22\" data-rm-block-id=\"block-72\"><\/td>\n<td width=\"70%\" height=\"22\" data-rm-block-id=\"block-73\">Wi-Fi<br \/>\nLiga\u00e7\u00e3o Wi-Fi com a aplica\u00e7\u00e3o<br \/>\nLiga\u00e7\u00e3o Hotspot com a aplica\u00e7\u00e3o<\/td>\n<\/tr>\n<tr class=\"table-data\" align=\"left\" valign=\"middle\">\n<td width=\"30%\" height=\"22\" data-rm-block-id=\"block-74\"><strong>Temperatura de funcionamento<\/strong><\/td>\n<td width=\"70%\" height=\"22\" data-rm-block-id=\"block-75\">-20\u2103\uff5e+50\u2103<\/td>\n<\/tr>\n<tr class=\"table-data\" align=\"left\" valign=\"middle\">\n<td width=\"30%\" height=\"22\" data-rm-block-id=\"block-76\"><strong>\u00cdndice de prote\u00e7\u00e3o<\/strong><\/td>\n<td width=\"70%\" height=\"22\" data-rm-block-id=\"block-77\">IP67, resist\u00eancia a quedas de 1 metro<\/td>\n<\/tr>\n<tr class=\"table-data\" align=\"left\" valign=\"middle\">\n<td width=\"30%\" height=\"22\" data-rm-block-id=\"block-78\"><strong>Peso<\/strong><\/td>\n<td width=\"70%\" height=\"22\" data-rm-block-id=\"block-79\">475g<\/td>\n<\/tr>\n<tr class=\"table-data\" align=\"left\" valign=\"middle\">\n<td width=\"30%\" height=\"22\" data-rm-block-id=\"block-80\"><strong>Dimens\u00f5es<\/strong><\/td>\n<td width=\"70%\" height=\"22\" data-rm-block-id=\"block-81\">69 (L) \u00d7 58 (A) \u00d7 190 (C) mm<\/td>\n<\/tr>\n<tr class=\"table-data\" align=\"left\" valign=\"middle\">\n<td width=\"30%\" height=\"22\" data-rm-block-id=\"block-82\"><strong>Dist\u00e2ncia de dete\u00e7\u00e3o<\/strong><\/td>\n<td width=\"70%\" height=\"22\" data-rm-block-id=\"block-83\">1.800m<\/td>\n<\/tr>\n<\/tbody>\n<\/table>\n<\/div>\n<h3 data-rm-block-id=\"block-84\"><\/h3>\n<h3 data-rm-block-id=\"block-84\">Conte\u00fado<\/h3>\n<div class=\"content\">\n<ul class=\"article_list\">\n<li data-rm-block-id=\"block-85\">Monocular t\u00e9rmico WILD<\/li>\n<li data-rm-block-id=\"block-86\">Cabo de dados e de carregamento USB-C<\/li>\n<li data-rm-block-id=\"block-87\">Carregador duplo 18.650<\/li>\n<li data-rm-block-id=\"block-88\">Bateria 18.650 (2X)<\/li>\n<li data-rm-block-id=\"block-89\">Correia para o pesco\u00e7o<\/li>\n<li data-rm-block-id=\"block-90\">Tira sujeci\u00f3n mano<\/li>\n<li data-rm-block-id=\"block-91\">Pano de limpeza<\/li>\n<li data-rm-block-id=\"block-92\">Manual do utilizador<\/li>\n<\/ul>\n<\/div>","protected":false},"excerpt":{"rendered":"<h3 data-rm-block-id=\"block-1\">O WILD 635 \u00e9 um mon\u00f3culo t\u00e9rmico compacto com uma <strong data-start=\"180\" data-end=\"207\">640 \u00d7 512 pix\u00e9is (VOx)<\/strong> e sensibilidade t\u00e9rmica NETD \u2264 18 mK, o que lhe permite obter imagens n\u00edtidas com bom contraste, mesmo em condi\u00e7\u00f5es de baixa visibilidade.<\/h3>","protected":false},"featured_media":23930,"template":"","meta":[],"product_brand":[],"product_cat":[165,147,131,144],"product_tag":[],"class_list":{"0":"post-23928","1":"product","2":"type-product","3":"status-publish","4":"has-post-thumbnail","6":"product_cat-monoculares-wild","7":"product_cat-monoculares-termicos","8":"product_cat-thermtec","9":"product_cat-vision-termica","11":"first","12":"instock","13":"taxable","14":"shipping-taxable","15":"purchasable","16":"product-type-simple","17":"add-to-wishlist-after_add_to_cart"},"_links":{"self":[{"href":"https:\/\/dinaturez.com\/pt\/wp-json\/wp\/v2\/product\/23928","targetHints":{"allow":["GET"]}}],"collection":[{"href":"https:\/\/dinaturez.com\/pt\/wp-json\/wp\/v2\/product"}],"about":[{"href":"https:\/\/dinaturez.com\/pt\/wp-json\/wp\/v2\/types\/product"}],"wp:featuredmedia":[{"embeddable":true,"href":"https:\/\/dinaturez.com\/pt\/wp-json\/wp\/v2\/media\/23930"}],"wp:attachment":[{"href":"https:\/\/dinaturez.com\/pt\/wp-json\/wp\/v2\/media?parent=23928"}],"wp:term":[{"taxonomy":"product_brand","embeddable":true,"href":"https:\/\/dinaturez.com\/pt\/wp-json\/wp\/v2\/product_brand?post=23928"},{"taxonomy":"product_cat","embeddable":true,"href":"https:\/\/dinaturez.com\/pt\/wp-json\/wp\/v2\/product_cat?post=23928"},{"taxonomy":"product_tag","embeddable":true,"href":"https:\/\/dinaturez.com\/pt\/wp-json\/wp\/v2\/product_tag?post=23928"}],"curies":[{"name":"wp","href":"https:\/\/api.w.org\/{rel}","templated":true}]}}