{"id":23891,"date":"2024-05-14T18:48:15","date_gmt":"2024-05-14T16:48:15","guid":{"rendered":"https:\/\/dinaturez.com\/?post_type=product&#038;p=23891"},"modified":"2026-03-23T13:11:36","modified_gmt":"2026-03-23T12:11:36","slug":"wild325","status":"publish","type":"product","link":"https:\/\/dinaturez.com\/pt\/product\/wild325\/","title":{"rendered":"WILD-325 THERMTEC"},"content":{"rendered":"<h3>O <strong data-start=\"151\" data-end=\"172\">ThermTec WILD 325<\/strong> \u00e9 um monocular t\u00e9rmico concebido para oferecer imagens n\u00edtidas, dete\u00e7\u00e3o precisa e opera\u00e7\u00e3o confort\u00e1vel em ambientes noturnos ou com pouca visibilidade. Com um sensor de <strong data-start=\"337\" data-end=\"351\">384\u00d7288 px<\/strong> e uma sensibilidade t\u00e9rmica de <strong data-start=\"382\" data-end=\"398\">NETD \u2264 18 mK<\/strong>, consegue destacar detalhes mesmo em condi\u00e7\u00f5es dif\u00edceis.<\/h3>\n<p>&nbsp;<\/p>\n<div class=\"content\">\n<ul class=\"article_list\">\n<li data-rm-block-id=\"block-1\">ThermEye<\/li>\n<li data-rm-block-id=\"block-2\">Monocular t\u00e9rmico<\/li>\n<li data-rm-block-id=\"block-3\">Sensor 384\u00d7288<\/li>\n<li data-rm-block-id=\"block-4\">NETD \u226418mK<\/li>\n<li data-rm-block-id=\"block-5\">Tamanho do pixel 12\u00b5m<\/li>\n<li data-rm-block-id=\"block-6\">Lente 25mm<\/li>\n<li data-rm-block-id=\"block-7\">Amplia\u00e7\u00e3o de 2,4X<\/li>\n<li data-rm-block-id=\"block-8\">Mem\u00f3ria interna 64GB<\/li>\n<li data-rm-block-id=\"block-9\">Zoom digital 1-4X<\/li>\n<li data-rm-block-id=\"block-10\">Paleta 6 cores<\/li>\n<li data-rm-block-id=\"block-11\">Medi\u00e7\u00e3o da dist\u00e2ncia AI<\/li>\n<li data-rm-block-id=\"block-12\">EIS (Estabilizador eletr\u00f3nico de imagem)<\/li>\n<li data-rm-block-id=\"block-13\">GPS<\/li>\n<li data-rm-block-id=\"block-14\">Ecr\u00e3 OLED<\/li>\n<li data-rm-block-id=\"block-15\">Captura de imagens e grava\u00e7\u00e3o de v\u00eddeo<\/li>\n<li data-rm-block-id=\"block-16\">WiFi<\/li>\n<li data-rm-block-id=\"block-17\">APP Smartphone<\/li>\n<li data-rm-block-id=\"block-18\">Bateria amov\u00edvel com autonomia de at\u00e9 10h<\/li>\n<li data-rm-block-id=\"block-19\">Conector USB tipo C<\/li>\n<li data-rm-block-id=\"block-20\">Prote\u00e7\u00e3o IP67<\/li>\n<li data-rm-block-id=\"block-21\">Dist\u00e2ncia de dete\u00e7\u00e3o 1.300m<\/li>\n<\/ul>\n<\/div>\n<h3 data-rm-block-id=\"block-22\">Especifica\u00e7\u00f5es<\/h3>\n<div class=\"content\">\n<table class=\"specs\" border=\"0\" cellspacing=\"0\" cellpadding=\"0\">\n<tbody>\n<tr class=\"table-data\" align=\"left\" valign=\"middle\">\n<td width=\"30%\" height=\"22\" data-rm-block-id=\"block-23\"><strong>Marca<\/strong><\/td>\n<td width=\"70%\" height=\"22\" data-rm-block-id=\"block-24\">ThermEye<\/td>\n<\/tr>\n<tr class=\"table-data\" align=\"left\" valign=\"middle\">\n<td width=\"30%\" height=\"22\" data-rm-block-id=\"block-25\"><strong>Modelo<\/strong><\/td>\n<td width=\"70%\" height=\"22\" data-rm-block-id=\"block-26\">WILD325<\/td>\n<\/tr>\n<tr class=\"table-data\" align=\"left\" valign=\"middle\">\n<td width=\"30%\" height=\"22\" data-rm-block-id=\"block-27\"><strong>Tipo de sensor<\/strong><\/td>\n<td width=\"70%\" height=\"22\" data-rm-block-id=\"block-28\">Microbol\u00f3metro VOx n\u00e3o arrefecido<\/td>\n<\/tr>\n<tr class=\"table-data\" align=\"left\" valign=\"middle\">\n<td width=\"30%\" height=\"22\" data-rm-block-id=\"block-29\"><strong>Resolu\u00e7\u00e3o<\/strong><\/td>\n<td width=\"70%\" height=\"22\" data-rm-block-id=\"block-30\">384\u00d7288 p\u00edxeis<\/td>\n<\/tr>\n<tr class=\"table-data\" align=\"left\" valign=\"middle\">\n<td width=\"30%\" height=\"22\" data-rm-block-id=\"block-31\"><strong>Tamanho do pixel<\/strong><\/td>\n<td width=\"70%\" height=\"22\" data-rm-block-id=\"block-32\">12\u00b5m<\/td>\n<\/tr>\n<tr class=\"table-data\" align=\"left\" valign=\"middle\">\n<td width=\"30%\" height=\"22\" data-rm-block-id=\"block-33\"><strong>NETD<\/strong><\/td>\n<td width=\"70%\" height=\"22\" data-rm-block-id=\"block-34\">\u226418mK@300K<\/td>\n<\/tr>\n<tr class=\"table-data\" align=\"left\" valign=\"middle\">\n<td width=\"30%\" height=\"22\" data-rm-block-id=\"block-35\"><strong>Gama espetral<\/strong><\/td>\n<td width=\"70%\" height=\"22\" data-rm-block-id=\"block-36\">8\uff5e14\u03bcm<\/td>\n<\/tr>\n<tr class=\"table-data\" align=\"left\" valign=\"middle\">\n<td width=\"30%\" height=\"22\" data-rm-block-id=\"block-37\"><strong>Lente<\/strong><\/td>\n<td width=\"70%\" height=\"22\" data-rm-block-id=\"block-38\">25 mm<\/td>\n<\/tr>\n<tr class=\"table-data\" align=\"left\" valign=\"middle\">\n<td width=\"30%\" height=\"22\" data-rm-block-id=\"block-39\"><strong>Aumentos<\/strong><\/td>\n<td width=\"70%\" height=\"22\" data-rm-block-id=\"block-40\">2,4X<\/td>\n<\/tr>\n<tr class=\"table-data\" align=\"left\" valign=\"middle\">\n<td width=\"30%\" height=\"22\" data-rm-block-id=\"block-41\"><strong>\u00c2ngulo de vis\u00e3o<\/strong><\/td>\n<td width=\"70%\" height=\"22\" data-rm-block-id=\"block-42\">10,5\u00ba x 7,9\u00ba.<\/td>\n<\/tr>\n<tr class=\"table-data\" align=\"left\" valign=\"middle\">\n<td width=\"30%\" height=\"22\" data-rm-block-id=\"block-43\"><strong>Zoom digital<\/strong><\/td>\n<td width=\"70%\" height=\"22\" data-rm-block-id=\"block-44\">1x\uff5e4x cont\u00ednuo<\/td>\n<\/tr>\n<tr class=\"table-data\" align=\"left\" valign=\"middle\">\n<td width=\"30%\" height=\"22\" data-rm-block-id=\"block-45\"><strong>Paletas de cores<\/strong><\/td>\n<td width=\"70%\" height=\"22\" data-rm-block-id=\"block-46\">6<\/td>\n<\/tr>\n<tr class=\"table-data\" align=\"left\" valign=\"middle\">\n<td width=\"30%\" height=\"22\" data-rm-block-id=\"block-47\"><strong>Tipo de ecr\u00e3<\/strong><\/td>\n<td width=\"70%\" height=\"22\" data-rm-block-id=\"block-48\">OLED 0,39\u2033, resolu\u00e7\u00e3o 1024\u00d7768 pix\u00e9is,<\/td>\n<\/tr>\n<tr class=\"table-data\" align=\"left\" valign=\"middle\">\n<td width=\"30%\" height=\"22\" data-rm-block-id=\"block-49\"><strong>Corre\u00e7\u00e3o de dioptrias<\/strong><\/td>\n<td width=\"70%\" height=\"22\" data-rm-block-id=\"block-50\">-5\uff5e+5<\/td>\n<\/tr>\n<tr class=\"table-data\" align=\"left\" valign=\"middle\">\n<td width=\"30%\" height=\"22\" data-rm-block-id=\"block-51\"><strong>Dist\u00e2ncia dos olhos<\/strong><\/td>\n<td width=\"70%\" height=\"22\" data-rm-block-id=\"block-52\">40 mm<\/td>\n<\/tr>\n<tr class=\"table-data\" align=\"left\" valign=\"middle\">\n<td width=\"30%\" height=\"22\" data-rm-block-id=\"block-53\"><strong>Mem\u00f3ria interna<\/strong><\/td>\n<td width=\"70%\" height=\"22\" data-rm-block-id=\"block-54\">64 GBytes<\/td>\n<\/tr>\n<tr class=\"table-data\" align=\"left\" valign=\"middle\">\n<td width=\"30%\" height=\"22\" data-rm-block-id=\"block-55\"><strong>Medi\u00e7\u00e3o de dist\u00e2ncias<\/strong><\/td>\n<td width=\"70%\" height=\"22\" data-rm-block-id=\"block-56\">IA (baseada na aprendizagem profunda)<\/td>\n<\/tr>\n<tr class=\"table-data\" align=\"left\" valign=\"middle\">\n<td width=\"30%\" height=\"22\" data-rm-block-id=\"block-57\"><strong>Procurador de calor<\/strong><\/td>\n<td width=\"70%\" height=\"22\" data-rm-block-id=\"block-58\">Sim<\/td>\n<\/tr>\n<tr class=\"table-data\" align=\"left\" valign=\"middle\">\n<td width=\"30%\" height=\"22\" data-rm-block-id=\"block-59\"><strong>GPS<\/strong><\/td>\n<td width=\"70%\" height=\"22\" data-rm-block-id=\"block-60\">Sim<\/td>\n<\/tr>\n<tr class=\"table-data\" align=\"left\" valign=\"middle\">\n<td width=\"30%\" height=\"22\" data-rm-block-id=\"block-61\"><strong>SIA<\/strong><\/td>\n<td width=\"70%\" height=\"22\" data-rm-block-id=\"block-62\">Sim (Estabilizador eletr\u00f3nico de imagem)<\/td>\n<\/tr>\n<tr class=\"table-data\" align=\"left\" valign=\"middle\">\n<td width=\"30%\" height=\"22\" data-rm-block-id=\"block-63\"><strong>Multim\u00e9dia<\/strong><\/td>\n<td width=\"70%\" height=\"22\" data-rm-block-id=\"block-64\">Fotografia, v\u00eddeo, reprodu\u00e7\u00e3o local<\/td>\n<\/tr>\n<tr class=\"table-data\" align=\"left\" valign=\"middle\">\n<td width=\"30%\" height=\"22\" data-rm-block-id=\"block-65\"><strong>Tipo de pilha<\/strong><\/td>\n<td width=\"70%\" height=\"22\" data-rm-block-id=\"block-66\">Bateria amov\u00edvel 18.650 (recarreg\u00e1vel)<\/td>\n<\/tr>\n<tr class=\"table-data\" align=\"left\" valign=\"middle\">\n<td width=\"30%\" height=\"22\" data-rm-block-id=\"block-67\"><strong>Dura\u00e7\u00e3o da bateria<\/strong><\/td>\n<td width=\"70%\" height=\"22\" data-rm-block-id=\"block-68\">Tempo de funcionamento cont\u00ednuo \u2265 10h<\/td>\n<\/tr>\n<tr class=\"table-data\" align=\"left\" valign=\"middle\">\n<td width=\"30%\" height=\"22\" data-rm-block-id=\"block-69\"><strong>Liga\u00e7\u00f5es<\/strong><\/td>\n<td width=\"70%\" height=\"22\" data-rm-block-id=\"block-70\">USB tipo C<br \/>\nLiga\u00e7\u00e3o ao PC para descarregar fotografias e v\u00eddeos<br \/>\nLiga\u00e7\u00e3o de carregamento do dispositivo<\/td>\n<\/tr>\n<tr class=\"table-data\" align=\"left\" valign=\"middle\">\n<td width=\"30%\" height=\"22\" data-rm-block-id=\"block-71\"><\/td>\n<td width=\"70%\" height=\"22\" data-rm-block-id=\"block-72\">Wi-Fi<br \/>\nLiga\u00e7\u00e3o Wi-Fi com a aplica\u00e7\u00e3o<br \/>\nLiga\u00e7\u00e3o Hotspot com a aplica\u00e7\u00e3o<\/td>\n<\/tr>\n<tr class=\"table-data\" align=\"left\" valign=\"middle\">\n<td width=\"30%\" height=\"22\" data-rm-block-id=\"block-73\"><strong>Temperatura de funcionamento<\/strong><\/td>\n<td width=\"70%\" height=\"22\" data-rm-block-id=\"block-74\">-20\u2103\uff5e+50\u2103<\/td>\n<\/tr>\n<tr class=\"table-data\" align=\"left\" valign=\"middle\">\n<td width=\"30%\" height=\"22\" data-rm-block-id=\"block-75\"><strong>\u00cdndice de prote\u00e7\u00e3o<\/strong><\/td>\n<td width=\"70%\" height=\"22\" data-rm-block-id=\"block-76\">IP67, resist\u00eancia a quedas de 1 metro<\/td>\n<\/tr>\n<tr class=\"table-data\" align=\"left\" valign=\"middle\">\n<td width=\"30%\" height=\"22\" data-rm-block-id=\"block-77\"><strong>Peso<\/strong><\/td>\n<td width=\"70%\" height=\"22\" data-rm-block-id=\"block-78\">520g<\/td>\n<\/tr>\n<tr class=\"table-data\" align=\"left\" valign=\"middle\">\n<td width=\"30%\" height=\"22\" data-rm-block-id=\"block-79\"><strong>Dimens\u00f5es<\/strong><\/td>\n<td width=\"70%\" height=\"22\" data-rm-block-id=\"block-80\">69 (L) \u00d7 58 (A) \u00d7 190 (C) mm<\/td>\n<\/tr>\n<tr class=\"table-data\" align=\"left\" valign=\"middle\">\n<td width=\"30%\" height=\"22\" data-rm-block-id=\"block-81\"><strong>Dist\u00e2ncia de dete\u00e7\u00e3o<\/strong><\/td>\n<td width=\"70%\" height=\"22\" data-rm-block-id=\"block-82\">1.300m<\/td>\n<\/tr>\n<\/tbody>\n<\/table>\n<\/div>\n<h3 data-rm-block-id=\"block-83\">Conte\u00fado<\/h3>\n<div class=\"content\">\n<ul class=\"article_list\">\n<li data-rm-block-id=\"block-84\">Monocular t\u00e9rmico WILD<\/li>\n<li data-rm-block-id=\"block-85\">Cabo de dados e de carregamento USB-C<\/li>\n<li data-rm-block-id=\"block-86\">Carregador duplo 18.650<\/li>\n<li data-rm-block-id=\"block-87\">Bateria 18.650 (2X)<\/li>\n<li data-rm-block-id=\"block-88\">Correia para o pesco\u00e7o<\/li>\n<li data-rm-block-id=\"block-89\">Tira sujeci\u00f3n mano<\/li>\n<li data-rm-block-id=\"block-90\">Pano de limpeza<\/li>\n<li data-rm-block-id=\"block-91\">Manual do utilizador<\/li>\n<\/ul>\n<\/div>","protected":false},"excerpt":{"rendered":"<h3>O <strong data-start=\"151\" data-end=\"172\">ThermTec WILD 325<\/strong> \u00e9 um monocular t\u00e9rmico concebido para oferecer imagens n\u00edtidas, dete\u00e7\u00e3o precisa e opera\u00e7\u00e3o confort\u00e1vel em ambientes noturnos ou com pouca visibilidade. Com um sensor de <strong data-start=\"337\" data-end=\"351\">384\u00d7288 px<\/strong> e uma sensibilidade t\u00e9rmica de <strong data-start=\"382\" data-end=\"398\">NETD \u2264 18 mK<\/strong>, consegue destacar detalhes mesmo em condi\u00e7\u00f5es dif\u00edceis.<\/h3>","protected":false},"featured_media":23893,"template":"","meta":[],"product_brand":[],"product_cat":[165,147,131,144],"product_tag":[],"class_list":{"0":"post-23891","1":"product","2":"type-product","3":"status-publish","4":"has-post-thumbnail","6":"product_cat-monoculares-wild","7":"product_cat-monoculares-termicos","8":"product_cat-thermtec","9":"product_cat-vision-termica","11":"first","12":"instock","13":"taxable","14":"shipping-taxable","15":"purchasable","16":"product-type-simple","17":"add-to-wishlist-after_add_to_cart"},"_links":{"self":[{"href":"https:\/\/dinaturez.com\/pt\/wp-json\/wp\/v2\/product\/23891","targetHints":{"allow":["GET"]}}],"collection":[{"href":"https:\/\/dinaturez.com\/pt\/wp-json\/wp\/v2\/product"}],"about":[{"href":"https:\/\/dinaturez.com\/pt\/wp-json\/wp\/v2\/types\/product"}],"wp:featuredmedia":[{"embeddable":true,"href":"https:\/\/dinaturez.com\/pt\/wp-json\/wp\/v2\/media\/23893"}],"wp:attachment":[{"href":"https:\/\/dinaturez.com\/pt\/wp-json\/wp\/v2\/media?parent=23891"}],"wp:term":[{"taxonomy":"product_brand","embeddable":true,"href":"https:\/\/dinaturez.com\/pt\/wp-json\/wp\/v2\/product_brand?post=23891"},{"taxonomy":"product_cat","embeddable":true,"href":"https:\/\/dinaturez.com\/pt\/wp-json\/wp\/v2\/product_cat?post=23891"},{"taxonomy":"product_tag","embeddable":true,"href":"https:\/\/dinaturez.com\/pt\/wp-json\/wp\/v2\/product_tag?post=23891"}],"curies":[{"name":"wp","href":"https:\/\/api.w.org\/{rel}","templated":true}]}}