{"id":23882,"date":"2024-05-12T13:15:00","date_gmt":"2024-05-12T11:15:00","guid":{"rendered":"https:\/\/dinaturez.com\/?post_type=product&#038;p=23882"},"modified":"2026-02-24T09:36:50","modified_gmt":"2026-02-24T08:36:50","slug":"caja-de-seguridad-mb200-gardepro","status":"publish","type":"product","link":"https:\/\/dinaturez.com\/pt\/product\/caja-de-seguridad-mb200-gardepro\/","title":{"rendered":"GardePro MB200 Caixa de seguran\u00e7a antirroubo para c\u00e2maras GardePro"},"content":{"rendered":"<h3>O <strong data-start=\"165\" data-end=\"222\">Cofre de c\u00e2mara GardePro MB200 para c\u00e2maras GardePro<\/strong> \u00e9 o acess\u00f3rio ideal para proteger a sua c\u00e2mara de exterior contra roubo, impacto e intemp\u00e9ries. Concebida para ambientes de armadilhagem fotogr\u00e1fica ou de vigil\u00e2ncia de ca\u00e7a, esta caixa robusta aumenta a durabilidade do seu equipamento sem afetar o seu desempenho.<\/h3>\n<p><strong data-start=\"529\" data-end=\"559\">Carater\u00edsticas principais<\/strong><br data-start=\"559\" data-end=\"562\" \/>- Constru\u00e7\u00e3o robusta e de alta qualidade em metal\/alum\u00ednio que proporciona uma <strong data-start=\"639\" data-end=\"703\">elevada resist\u00eancia a choques, vandalismo e condi\u00e7\u00f5es climat\u00e9ricas adversas<\/strong>. <br data-start=\"742\" data-end=\"745\" \/>- Conce\u00e7\u00e3o <strong data-start=\"754\" data-end=\"784\">antirroubo e anti-vandalismo<\/strong>, A c\u00e2mara pode ser fixada com um cadeado ou um cabo de seguran\u00e7a. <br data-start=\"907\" data-end=\"910\" data-is-only-node=\"\" \/>- Permite <strong data-start=\"920\" data-end=\"979\">fixa\u00e7\u00e3o c\u00f3moda em \u00e1rvores, postes ou superf\u00edcies s\u00f3lidas<\/strong> por meio de parafusos ou correntes (seguran\u00e7a refor\u00e7ada). <br data-start=\"1069\" data-end=\"1072\" \/>- Compat\u00edvel com v\u00e1rios modelos de c\u00e2maras GardePro (tais como X50, X60P, X60PLMB, A5 e s\u00e9ries semelhantes). <br data-start=\"1223\" data-end=\"1226\" \/>- Preserva a discri\u00e7\u00e3o do equipamento no terreno sem comprometer a funcionalidade da c\u00e2mara de armadilhagem fotogr\u00e1fica<\/p>\n<p><span style=\"color: #ff0000;\">A caixa de seguran\u00e7a antirroubo GardePro MB200 para c\u00e2maras de ca\u00e7a \u00e9 compat\u00edvel com os seguintes modelos: x50, x60p, x60 PRO MAX PLMB, A5, A5WF, E5S, E8, E6, E8, E8, E6, E8, E8, E8, E9, E9, E9, E9, E9, E9, E9, E9, E9, E9.<\/span><\/p>\n<p>&nbsp;<\/p>","protected":false},"excerpt":{"rendered":"<h3>O <strong data-start=\"165\" data-end=\"222\">Caja de seguridad MB200 para c\u00e1maras de caza GardePro<\/strong> \u00e9 o acess\u00f3rio ideal para proteger a sua c\u00e2mara de exterior contra roubo, impacto e intemp\u00e9ries. Concebida para ambientes de armadilhagem fotogr\u00e1fica ou de vigil\u00e2ncia de ca\u00e7a, esta caixa robusta aumenta a durabilidade do seu equipamento sem afetar o seu desempenho.<\/h3>","protected":false},"featured_media":23883,"template":"","meta":[],"product_brand":[],"product_cat":[105,139,138,129],"product_tag":[],"class_list":{"0":"post-23882","1":"product","2":"type-product","3":"status-publish","4":"has-post-thumbnail","6":"product_cat-accesorios","7":"product_cat-camara-con-envio-al-movil","8":"product_cat-camaras-basicas","9":"product_cat-gardepro","11":"first","12":"instock","13":"taxable","14":"shipping-taxable","15":"purchasable","16":"product-type-simple","17":"add-to-wishlist-after_add_to_cart"},"_links":{"self":[{"href":"https:\/\/dinaturez.com\/pt\/wp-json\/wp\/v2\/product\/23882","targetHints":{"allow":["GET"]}}],"collection":[{"href":"https:\/\/dinaturez.com\/pt\/wp-json\/wp\/v2\/product"}],"about":[{"href":"https:\/\/dinaturez.com\/pt\/wp-json\/wp\/v2\/types\/product"}],"wp:featuredmedia":[{"embeddable":true,"href":"https:\/\/dinaturez.com\/pt\/wp-json\/wp\/v2\/media\/23883"}],"wp:attachment":[{"href":"https:\/\/dinaturez.com\/pt\/wp-json\/wp\/v2\/media?parent=23882"}],"wp:term":[{"taxonomy":"product_brand","embeddable":true,"href":"https:\/\/dinaturez.com\/pt\/wp-json\/wp\/v2\/product_brand?post=23882"},{"taxonomy":"product_cat","embeddable":true,"href":"https:\/\/dinaturez.com\/pt\/wp-json\/wp\/v2\/product_cat?post=23882"},{"taxonomy":"product_tag","embeddable":true,"href":"https:\/\/dinaturez.com\/pt\/wp-json\/wp\/v2\/product_tag?post=23882"}],"curies":[{"name":"wp","href":"https:\/\/api.w.org\/{rel}","templated":true}]}}