{"id":23853,"date":"2024-05-06T19:35:22","date_gmt":"2024-05-06T17:35:22","guid":{"rendered":"https:\/\/dinaturez.com\/?post_type=product&#038;p=23853"},"modified":"2024-06-10T14:16:21","modified_gmt":"2024-06-10T12:16:21","slug":"spray-black-fire","status":"publish","type":"product","link":"https:\/\/dinaturez.com\/pt\/product\/spray-black-fire\/","title":{"rendered":"Spray de fogo preto"},"content":{"rendered":"<ul>\n<li>O Black Fire Spray foi concebido para os ca\u00e7adores. \u00c9 pequeno e f\u00e1cil de transportar, com um cheiro extremamente forte devido aos ingredientes de primeira qualidade de que \u00e9 feito o spray. Foi concebido para a ca\u00e7a ao javali, ao veado e ao cor\u00e7o, pois \u00e9 a op\u00e7\u00e3o mais pr\u00e1tica para aplicar no milho ou no gr\u00e3o a espalhar no comedouro. \u00c9 um perfume de primeira qualidade que pode ser utilizado no seu terreno de ca\u00e7a e que proporciona um cheiro forte e duradouro.<\/li>\n<\/ul>\n<p>&nbsp;<\/p>\n<p>Como \u00e9 que \u00e9 utilizado?<\/p>\n<p>&nbsp;<\/p>\n<p>Quando for ca\u00e7ar, pode utilizar o spray Fogo Negro nas solas dos sapatos. Este espalhar\u00e1 o odor \u00e0 medida que caminha, n\u00e3o s\u00f3 na zona de alimenta\u00e7\u00e3o mas tamb\u00e9m na zona circundante.<\/p>\n<p>&nbsp;<\/p>\n<p>O que \u00e9 que o pacote cont\u00e9m?<\/p>\n<p>&nbsp;<\/p>\n<p>A lata de Black Fire Spray foi concebida para os ca\u00e7adores. \u00c9 pequena e f\u00e1cil de transportar, com um cheiro extremamente forte devido aos ingredientes de primeira qualidade de que o spray \u00e9 feito. Foi concebido para a ca\u00e7a ao javali, ao veado e ao cor\u00e7o, pois \u00e9 a op\u00e7\u00e3o mais pr\u00e1tica para aplicar no milho ou no gr\u00e3o a espalhar no comedouro. \u00c9 um perfume de primeira qualidade que pode ser utilizado no seu terreno de ca\u00e7a e que proporciona um cheiro forte e duradouro.<\/p>\n<p>&nbsp;<\/p>\n<p>Como \u00e9 que \u00e9 utilizado?<\/p>\n<p>&nbsp;<\/p>\n<p>Quando for ca\u00e7ar, pode utilizar o spray Fogo Negro nas solas dos sapatos. Este espalhar\u00e1 o odor \u00e0 medida que caminha, n\u00e3o s\u00f3 na zona de alimenta\u00e7\u00e3o mas tamb\u00e9m na zona circundante.<\/p>\n<p>&nbsp;<\/p>\n<p>O que \u00e9 que o pacote cont\u00e9m?<\/p>\n<p>&nbsp;<\/p>\n<p>Lata de spray de 100 ml com diferentes aromas.<\/p>","protected":false},"excerpt":{"rendered":"<p>O Black Fire Spray foi concebido para os ca\u00e7adores. \u00c9 pequeno e f\u00e1cil de transportar, com um cheiro extremamente forte devido aos ingredientes de primeira qualidade de que \u00e9 feito o spray. Foi concebido para a ca\u00e7a ao javali, ao veado e ao cor\u00e7o, pois \u00e9 a op\u00e7\u00e3o mais pr\u00e1tica para aplica\u00e7\u00e3o em campos de milho ou searas.<\/p>","protected":false},"featured_media":23854,"template":"","meta":[],"product_brand":[],"product_cat":[104,135],"product_tag":[],"class_list":{"0":"post-23853","1":"product","2":"type-product","3":"status-publish","4":"has-post-thumbnail","6":"product_cat-atrayentes-y-reclamos","7":"product_cat-back-fire","9":"first","10":"instock","11":"taxable","12":"shipping-taxable","13":"purchasable","14":"product-type-variable","15":"add-to-wishlist-after_add_to_cart"},"_links":{"self":[{"href":"https:\/\/dinaturez.com\/pt\/wp-json\/wp\/v2\/product\/23853","targetHints":{"allow":["GET"]}}],"collection":[{"href":"https:\/\/dinaturez.com\/pt\/wp-json\/wp\/v2\/product"}],"about":[{"href":"https:\/\/dinaturez.com\/pt\/wp-json\/wp\/v2\/types\/product"}],"wp:featuredmedia":[{"embeddable":true,"href":"https:\/\/dinaturez.com\/pt\/wp-json\/wp\/v2\/media\/23854"}],"wp:attachment":[{"href":"https:\/\/dinaturez.com\/pt\/wp-json\/wp\/v2\/media?parent=23853"}],"wp:term":[{"taxonomy":"product_brand","embeddable":true,"href":"https:\/\/dinaturez.com\/pt\/wp-json\/wp\/v2\/product_brand?post=23853"},{"taxonomy":"product_cat","embeddable":true,"href":"https:\/\/dinaturez.com\/pt\/wp-json\/wp\/v2\/product_cat?post=23853"},{"taxonomy":"product_tag","embeddable":true,"href":"https:\/\/dinaturez.com\/pt\/wp-json\/wp\/v2\/product_tag?post=23853"}],"curies":[{"name":"wp","href":"https:\/\/api.w.org\/{rel}","templated":true}]}}