{"id":23598,"date":"2024-03-23T10:45:11","date_gmt":"2024-03-23T09:45:11","guid":{"rendered":"https:\/\/dinaturez.com\/?post_type=product&#038;p=23598"},"modified":"2026-02-12T10:13:27","modified_gmt":"2026-02-12T09:13:27","slug":"visor-alpen-optics-apex-xp-5-25x50-ri-mildot","status":"publish","type":"product","link":"https:\/\/dinaturez.com\/pt\/product\/visor-alpen-optics-apex-xp-5-25x50-ri-mildot\/","title":{"rendered":"ALPEN OPTICS Mira Apex XP 5-25\u00d750 RI MilDot com tecnologia SmartDot e FluoDigit"},"content":{"rendered":"<table width=\"519\">\n<tbody>\n<tr>\n<td width=\"519\">Mira telesc\u00f3pica para espingardas 5-25\u00d750 topo de gama com ret\u00edculo iluminado MilDot inovador<br \/>\nCampo de vis\u00e3o a 100 m, m\u00edn. 1,65 - m\u00e1x. 8<br \/>\nEspecialmente concebido para tiro de m\u00e9dio e longo alcance<br \/>\nZoom com tecnologia FluoDigits (d\u00edgitos de zoom fluorescentes)<br \/>\nRevestimento inovador de alta qualidade para imagens n\u00edtidas e cristalinas<br \/>\nRet\u00edculo no segundo plano focal<br \/>\nAjuste do ret\u00edculo com MRAD<br \/>\nAjuste do paralaxe 10m -1000m - Infinito<br \/>\n\u00c0 prova de \u00e1gua e resistente ao recuo<br \/>\nParagem zero<br \/>\nGarantia vital\u00edcia.<\/td>\n<\/tr>\n<\/tbody>\n<\/table>","protected":false},"excerpt":{"rendered":"<p>Visor Alpen Optics Apex XP 5-25&#215;50 RI MilDot, innovador recubrimiento de gama alta para obtener im\u00e1genes cristalinas y extremadamente n\u00edtidas<br \/>\nRet\u00edculo no segundo plano focal<br \/>\nAjuste do ret\u00edculo com MRAD<br \/>\nAjuste do paralaxe 10m -1000m - Infinito<br \/>\n\u00c0 prova de \u00e1gua e resistente ao recuo<br \/>\nParagem zero<br \/>\nGarantia vital\u00edcia.<\/p>","protected":false},"featured_media":23599,"template":"","meta":[],"product_brand":[],"product_cat":[136,109,141],"product_tag":[],"class_list":{"0":"post-23598","1":"product","2":"type-product","3":"status-publish","4":"has-post-thumbnail","6":"product_cat-alpen","7":"product_cat-ofertas","8":"product_cat-visores-diurnos","10":"first","11":"instock","12":"taxable","13":"shipping-taxable","14":"purchasable","15":"product-type-simple","16":"add-to-wishlist-after_add_to_cart"},"_links":{"self":[{"href":"https:\/\/dinaturez.com\/pt\/wp-json\/wp\/v2\/product\/23598","targetHints":{"allow":["GET"]}}],"collection":[{"href":"https:\/\/dinaturez.com\/pt\/wp-json\/wp\/v2\/product"}],"about":[{"href":"https:\/\/dinaturez.com\/pt\/wp-json\/wp\/v2\/types\/product"}],"wp:featuredmedia":[{"embeddable":true,"href":"https:\/\/dinaturez.com\/pt\/wp-json\/wp\/v2\/media\/23599"}],"wp:attachment":[{"href":"https:\/\/dinaturez.com\/pt\/wp-json\/wp\/v2\/media?parent=23598"}],"wp:term":[{"taxonomy":"product_brand","embeddable":true,"href":"https:\/\/dinaturez.com\/pt\/wp-json\/wp\/v2\/product_brand?post=23598"},{"taxonomy":"product_cat","embeddable":true,"href":"https:\/\/dinaturez.com\/pt\/wp-json\/wp\/v2\/product_cat?post=23598"},{"taxonomy":"product_tag","embeddable":true,"href":"https:\/\/dinaturez.com\/pt\/wp-json\/wp\/v2\/product_tag?post=23598"}],"curies":[{"name":"wp","href":"https:\/\/api.w.org\/{rel}","templated":true}]}}