{"id":23590,"date":"2024-03-23T10:36:47","date_gmt":"2024-03-23T09:36:47","guid":{"rendered":"https:\/\/dinaturez.com\/?post_type=product&#038;p=23590"},"modified":"2024-04-20T14:37:26","modified_gmt":"2024-04-20T12:37:26","slug":"visor-alpen-optics-apex-xp-25-16x42-a4-con-tecnologia-smartdot-y-fluodigits","status":"publish","type":"product","link":"https:\/\/dinaturez.com\/pt\/product\/visor-alpen-optics-apex-xp-25-16x42-a4-con-tecnologia-smartdot-y-fluodigits\/","title":{"rendered":"ALPEN OPTICS Mira telesc\u00f3pica para espingardas Apex XP 2,5-16\u00d742 A4 com tecnologia SmartDot e FluoDigits"},"content":{"rendered":"<table width=\"519\">\n<tbody>\n<tr>\n<td width=\"519\">Mira telesc\u00f3pica para espingardas 2,5-16\u00d742 com ret\u00edculo A4 iluminado para tiro diurno e noturno<br \/>\nCampo de vis\u00e3o a 100 m. min.2.25 - max. 14.1<br \/>\nDimens\u00f5es reduzidas e design leve (615 g), ideal para utiliza\u00e7\u00e3o com acess\u00f3rios<br \/>\nZoom com tecnologia FluoDigits (d\u00edgitos de zoom fluorescentes)<br \/>\nRevestimento inovador e de alta qualidade para imagens extremamente n\u00edtidas<br \/>\nA inovadora tecnologia SmartDot poupa energia e tempo<br \/>\nRet\u00edculo no segundo plano focal<br \/>\nAjuste do ret\u00edculo com MRAD<br \/>\nAjuste do paralaxe 10m -1000m - Infinito<br \/>\n\u00c0 prova de \u00e1gua e resistente ao recuo<br \/>\nParagem zero<br \/>\nGarantia vital\u00edcia.<\/td>\n<\/tr>\n<\/tbody>\n<\/table>","protected":false},"excerpt":{"rendered":"<p>Mira telesc\u00f3pica para espingardas 2,5-16\u00d742 com ret\u00edculo A4 iluminado para ca\u00e7a diurna e crepuscular Campo de vis\u00e3o a 100 m. m\u00edn.2,25 - m\u00e1x. 14,1 Dimens\u00f5es reduzidas e design leve (615 g), ideal para utiliza\u00e7\u00e3o com acess\u00f3rios Zoom com tecnologia FluoDigits (d\u00edgitos de zoom fluorescentes) Revestimento inovador de alta qualidade para imagens n\u00edtidas Tecnologia inovadora com tecnologia FluoDigits para [...]<\/p>","protected":false},"featured_media":23591,"template":"","meta":[],"product_brand":[],"product_cat":[136,141],"product_tag":[],"class_list":{"0":"post-23590","1":"product","2":"type-product","3":"status-publish","4":"has-post-thumbnail","6":"product_cat-alpen","7":"product_cat-visores-diurnos","9":"first","10":"instock","11":"taxable","12":"shipping-taxable","13":"purchasable","14":"product-type-simple","15":"add-to-wishlist-after_add_to_cart"},"_links":{"self":[{"href":"https:\/\/dinaturez.com\/pt\/wp-json\/wp\/v2\/product\/23590","targetHints":{"allow":["GET"]}}],"collection":[{"href":"https:\/\/dinaturez.com\/pt\/wp-json\/wp\/v2\/product"}],"about":[{"href":"https:\/\/dinaturez.com\/pt\/wp-json\/wp\/v2\/types\/product"}],"wp:featuredmedia":[{"embeddable":true,"href":"https:\/\/dinaturez.com\/pt\/wp-json\/wp\/v2\/media\/23591"}],"wp:attachment":[{"href":"https:\/\/dinaturez.com\/pt\/wp-json\/wp\/v2\/media?parent=23590"}],"wp:term":[{"taxonomy":"product_brand","embeddable":true,"href":"https:\/\/dinaturez.com\/pt\/wp-json\/wp\/v2\/product_brand?post=23590"},{"taxonomy":"product_cat","embeddable":true,"href":"https:\/\/dinaturez.com\/pt\/wp-json\/wp\/v2\/product_cat?post=23590"},{"taxonomy":"product_tag","embeddable":true,"href":"https:\/\/dinaturez.com\/pt\/wp-json\/wp\/v2\/product_tag?post=23590"}],"curies":[{"name":"wp","href":"https:\/\/api.w.org\/{rel}","templated":true}]}}