{"id":23583,"date":"2024-03-23T10:24:02","date_gmt":"2024-03-23T09:24:02","guid":{"rendered":"https:\/\/dinaturez.com\/?post_type=product&#038;p=23583"},"modified":"2024-04-20T14:40:50","modified_gmt":"2024-04-20T12:40:50","slug":"visor-alpen-optics-apex-xp-25-15x50-ri-bdc-con-tecnologia-smartdot-y-fluodigits","status":"publish","type":"product","link":"https:\/\/dinaturez.com\/pt\/product\/visor-alpen-optics-apex-xp-25-15x50-ri-bdc-con-tecnologia-smartdot-y-fluodigits\/","title":{"rendered":"ALPEN OPTICS Mira Apex XP 2,5-15X50 RI BDC com tecnologia SmartDot e FluoDigits"},"content":{"rendered":"<table width=\"519\">\n<tbody>\n<tr>\n<td width=\"519\">Mira telesc\u00f3pica universal com ret\u00edculo BDC iluminado para ca\u00e7a diurna e crepuscular<br \/>\nCorretor de paralaxe 10 m - 1000m - \u221e<br \/>\nAdequado para ca\u00e7a ou desporto<br \/>\nCampo de vis\u00e3o a 100 m m\u00edn. 2,8 - m\u00e1x. 16,3<br \/>\nZoom com tecnologia FluoDigits (d\u00edgitos de zoom fluorescentes)<br \/>\nRevestimento inovador de alta qualidade para imagens n\u00edtidas e cristalinas<br \/>\nA inovadora tecnologia SmartDot poupa energia e tempo<br \/>\nRet\u00edculo no segundo plano focal<br \/>\nAjuste do ret\u00edculo com MRAD<br \/>\n\u00c0 prova de \u00e1gua e resistente ao recuo<br \/>\nPeso 780gr<br \/>\nParagem zero<br \/>\nGarantia de luxo.<\/td>\n<\/tr>\n<\/tbody>\n<\/table>","protected":false},"excerpt":{"rendered":"<p>Mira telesc\u00f3pica universal com ret\u00edculo BDC iluminado para ca\u00e7a diurna e crepuscular Corretor de paralaxe 10 m - 1000m - \u221e Adequado para ca\u00e7a ou desporto Campo de vis\u00e3o a 100m m\u00edn. 2,8 - m\u00e1x. 16,3 Zoom com tecnologia FluoDigits (d\u00edgitos de zoom fluorescentes) Revestimento inovador de alta qualidade para [...]<\/p>","protected":false},"featured_media":23584,"template":"","meta":[],"product_brand":[],"product_cat":[136,141],"product_tag":[],"class_list":{"0":"post-23583","1":"product","2":"type-product","3":"status-publish","4":"has-post-thumbnail","6":"product_cat-alpen","7":"product_cat-visores-diurnos","9":"first","10":"instock","11":"taxable","12":"shipping-taxable","13":"purchasable","14":"product-type-simple","15":"add-to-wishlist-after_add_to_cart"},"_links":{"self":[{"href":"https:\/\/dinaturez.com\/pt\/wp-json\/wp\/v2\/product\/23583","targetHints":{"allow":["GET"]}}],"collection":[{"href":"https:\/\/dinaturez.com\/pt\/wp-json\/wp\/v2\/product"}],"about":[{"href":"https:\/\/dinaturez.com\/pt\/wp-json\/wp\/v2\/types\/product"}],"wp:featuredmedia":[{"embeddable":true,"href":"https:\/\/dinaturez.com\/pt\/wp-json\/wp\/v2\/media\/23584"}],"wp:attachment":[{"href":"https:\/\/dinaturez.com\/pt\/wp-json\/wp\/v2\/media?parent=23583"}],"wp:term":[{"taxonomy":"product_brand","embeddable":true,"href":"https:\/\/dinaturez.com\/pt\/wp-json\/wp\/v2\/product_brand?post=23583"},{"taxonomy":"product_cat","embeddable":true,"href":"https:\/\/dinaturez.com\/pt\/wp-json\/wp\/v2\/product_cat?post=23583"},{"taxonomy":"product_tag","embeddable":true,"href":"https:\/\/dinaturez.com\/pt\/wp-json\/wp\/v2\/product_tag?post=23583"}],"curies":[{"name":"wp","href":"https:\/\/api.w.org\/{rel}","templated":true}]}}