{"id":23571,"date":"2024-03-23T10:09:53","date_gmt":"2024-03-23T09:09:53","guid":{"rendered":"https:\/\/dinaturez.com\/?post_type=product&#038;p=23571"},"modified":"2025-09-02T13:39:32","modified_gmt":"2025-09-02T11:39:32","slug":"visor-alpen-optics-apex-xp-15-9x45-ri","status":"publish","type":"product","link":"https:\/\/dinaturez.com\/pt\/product\/visor-alpen-optics-apex-xp-15-9x45-ri\/","title":{"rendered":"ALPEN OPTICS Mira telesc\u00f3pica para espingardas Apex XP 1,5-9\u00d745 RI duplex com tecnologia SmartDot e FluoDigits"},"content":{"rendered":"<table width=\"519\">\n<tbody>\n<tr>\n<td width=\"519\">Mira com ret\u00edculo duplex iluminado para ca\u00e7ar \u00e0 luz do dia e ao crep\u00fasculo<br \/>\nTamanho pequeno e design leve (599 g), ideal para utiliza\u00e7\u00e3o com acess\u00f3rios<br \/>\nCampo de vis\u00e3o min.4 - max 24.<br \/>\nZoom com tecnologia FluoDigits (d\u00edgitos de zoom fluorescentes)<br \/>\nRevestimento inovador de alta qualidade para imagens n\u00edtidas e cristalinas<br \/>\nA inovadora tecnologia SmartDot poupa energia e tempo<br \/>\nRet\u00edculo no segundo plano focal<br \/>\nAjuste do ret\u00edculo com MRAD<br \/>\n\u00c0 prova de \u00e1gua e resistente ao recuo<br \/>\nParagem zero<br \/>\nGarantia de luxo.<\/td>\n<\/tr>\n<\/tbody>\n<\/table>","protected":false},"excerpt":{"rendered":"<p>Visor ALPEN OPTICS Apex XP 1,5-9&#215;45 RI, innovador recubrimiento de gama alta para obtener im\u00e1genes cristalinas y extremadamente n\u00edtidas<br \/>\nA inovadora tecnologia SmartDot poupa energia e tempo<br \/>\nRet\u00edculo no segundo plano focal<br \/>\nAjuste do ret\u00edculo com MRAD<br \/>\n\u00c0 prova de \u00e1gua e resistente ao recuo<br \/>\nParagem zero<br \/>\nGarantia de luxo.<\/p>","protected":false},"featured_media":23572,"template":"","meta":[],"product_brand":[],"product_cat":[136,109,141],"product_tag":[],"class_list":{"0":"post-23571","1":"product","2":"type-product","3":"status-publish","4":"has-post-thumbnail","6":"product_cat-alpen","7":"product_cat-ofertas","8":"product_cat-visores-diurnos","10":"first","11":"instock","12":"sale","13":"taxable","14":"shipping-taxable","15":"purchasable","16":"product-type-simple","17":"add-to-wishlist-after_add_to_cart"},"_links":{"self":[{"href":"https:\/\/dinaturez.com\/pt\/wp-json\/wp\/v2\/product\/23571","targetHints":{"allow":["GET"]}}],"collection":[{"href":"https:\/\/dinaturez.com\/pt\/wp-json\/wp\/v2\/product"}],"about":[{"href":"https:\/\/dinaturez.com\/pt\/wp-json\/wp\/v2\/types\/product"}],"wp:featuredmedia":[{"embeddable":true,"href":"https:\/\/dinaturez.com\/pt\/wp-json\/wp\/v2\/media\/23572"}],"wp:attachment":[{"href":"https:\/\/dinaturez.com\/pt\/wp-json\/wp\/v2\/media?parent=23571"}],"wp:term":[{"taxonomy":"product_brand","embeddable":true,"href":"https:\/\/dinaturez.com\/pt\/wp-json\/wp\/v2\/product_brand?post=23571"},{"taxonomy":"product_cat","embeddable":true,"href":"https:\/\/dinaturez.com\/pt\/wp-json\/wp\/v2\/product_cat?post=23571"},{"taxonomy":"product_tag","embeddable":true,"href":"https:\/\/dinaturez.com\/pt\/wp-json\/wp\/v2\/product_tag?post=23571"}],"curies":[{"name":"wp","href":"https:\/\/api.w.org\/{rel}","templated":true}]}}