{"id":23566,"date":"2024-03-23T10:02:56","date_gmt":"2024-03-23T09:02:56","guid":{"rendered":"https:\/\/dinaturez.com\/?post_type=product&#038;p=23566"},"modified":"2024-04-20T14:42:58","modified_gmt":"2024-04-20T12:42:58","slug":"visor-alpen-optics-apex-xp-1-6x24-ri-duplex-con-tecnologia-smartdot-y-fluodigits","status":"publish","type":"product","link":"https:\/\/dinaturez.com\/pt\/product\/visor-alpen-optics-apex-xp-1-6x24-ri-duplex-con-tecnologia-smartdot-y-fluodigits\/","title":{"rendered":"ALPEN OPTICS Visor duplex Apex XP 1-6\u00d724 RI com tecnologia SmartDot e FluoDigits"},"content":{"rendered":"<table width=\"519\">\n<tbody>\n<tr>\n<td width=\"519\">Mira para espingardas de ca\u00e7a, com ret\u00edculo duplex iluminado \u00e0 luz do dia<br \/>\nCampo de vis\u00e3o sensacional de 38 m a 100 m<br \/>\nZoom com tecnologia FluoDigits (d\u00edgitos de zoom fluorescentes)<br \/>\nRevestimento inovador de alta qualidade para imagens n\u00edtidas e cristalinas<br \/>\nA inovadora tecnologia SmartDot poupa energia e tempo<br \/>\nRet\u00edculo no segundo plano focal<br \/>\nAjuste do ret\u00edculo com MRAD<br \/>\n\u00c0 prova de \u00e1gua e resistente ao recuo<br \/>\nParagem zero<br \/>\nPeso 534gr<br \/>\nGarantia de luxo.<\/td>\n<\/tr>\n<\/tbody>\n<\/table>","protected":false},"excerpt":{"rendered":"<p>Mira para ca\u00e7a, com ret\u00edculo duplex iluminado adequado para a luz do dia Sensacional campo de vis\u00e3o de 38 m a 100 m Zoom com tecnologia FluoDigits (d\u00edgitos de zoom fluorescentes) Revestimento inovador de alta qualidade para imagens cristalinas e extremamente n\u00edtidas Tecnologia SmartDot inovadora poupa energia e tempo Ret\u00edculo em [...]<\/p>","protected":false},"featured_media":23567,"template":"","meta":[],"product_brand":[],"product_cat":[136,141],"product_tag":[],"class_list":{"0":"post-23566","1":"product","2":"type-product","3":"status-publish","4":"has-post-thumbnail","6":"product_cat-alpen","7":"product_cat-visores-diurnos","9":"first","10":"instock","11":"taxable","12":"shipping-taxable","13":"purchasable","14":"product-type-simple","15":"add-to-wishlist-after_add_to_cart"},"_links":{"self":[{"href":"https:\/\/dinaturez.com\/pt\/wp-json\/wp\/v2\/product\/23566","targetHints":{"allow":["GET"]}}],"collection":[{"href":"https:\/\/dinaturez.com\/pt\/wp-json\/wp\/v2\/product"}],"about":[{"href":"https:\/\/dinaturez.com\/pt\/wp-json\/wp\/v2\/types\/product"}],"wp:featuredmedia":[{"embeddable":true,"href":"https:\/\/dinaturez.com\/pt\/wp-json\/wp\/v2\/media\/23567"}],"wp:attachment":[{"href":"https:\/\/dinaturez.com\/pt\/wp-json\/wp\/v2\/media?parent=23566"}],"wp:term":[{"taxonomy":"product_brand","embeddable":true,"href":"https:\/\/dinaturez.com\/pt\/wp-json\/wp\/v2\/product_brand?post=23566"},{"taxonomy":"product_cat","embeddable":true,"href":"https:\/\/dinaturez.com\/pt\/wp-json\/wp\/v2\/product_cat?post=23566"},{"taxonomy":"product_tag","embeddable":true,"href":"https:\/\/dinaturez.com\/pt\/wp-json\/wp\/v2\/product_tag?post=23566"}],"curies":[{"name":"wp","href":"https:\/\/api.w.org\/{rel}","templated":true}]}}