{"id":23556,"date":"2024-03-23T09:53:45","date_gmt":"2024-03-23T08:53:45","guid":{"rendered":"https:\/\/dinaturez.com\/?post_type=product&#038;p=23556"},"modified":"2024-04-20T14:43:50","modified_gmt":"2024-04-20T12:43:50","slug":"visor-alpen-optics-apex-lt-2-12x44-a4-con-tecnologia-smartdot","status":"publish","type":"product","link":"https:\/\/dinaturez.com\/pt\/product\/visor-alpen-optics-apex-lt-2-12x44-a4-con-tecnologia-smartdot\/","title":{"rendered":"ALPEN OPTICS Visor Apex LT 2-12\u00d744 A4 com tecnologia SmartDot"},"content":{"rendered":"<table width=\"519\">\n<tbody>\n<tr>\n<td width=\"519\">O visor de ret\u00edculo A4 iluminado com tecnologia SmartDot poupa energia e tempo<br \/>\nAmplia\u00e7\u00e3o de 2-12x<br \/>\nCorretor de paralaxe 5m - 300m - \u221e<br \/>\nTamanho pequeno e design leve (710 gr).<br \/>\nCampo de vis\u00e3o m \/ 100m. min. 2.8 - max. 16.8.<br \/>\nRevestimento inovador de alta qualidade para imagens n\u00edtidas e cristalinas<br \/>\nRet\u00edculo no segundo plano focal<br \/>\nAjuste do ret\u00edculo com MRAD<br \/>\n\u00c0 prova de \u00e1gua e resistente ao recuo at\u00e9 mais de 1000gr de impulso.<br \/>\nGarantia de luxo.<\/td>\n<\/tr>\n<\/tbody>\n<\/table>","protected":false},"excerpt":{"rendered":"<p>Visor de ret\u00edculo A4 iluminado com tecnologia SmartDot para poupar energia e tempo. Amplia\u00e7\u00e3o 2-12x Corretor de paralaxe 5m - 300m - \u221e Tamanho pequeno e design leve (710 gr). Campo de vis\u00e3o m \/ 100m. min. 2,8 - max 16,8. Revestimento inovador de alta qualidade para imagens cristalinas e extremamente n\u00edtidas.<\/p>","protected":false},"featured_media":23557,"template":"","meta":[],"product_brand":[],"product_cat":[136,141],"product_tag":[],"class_list":{"0":"post-23556","1":"product","2":"type-product","3":"status-publish","4":"has-post-thumbnail","6":"product_cat-alpen","7":"product_cat-visores-diurnos","9":"first","10":"instock","11":"taxable","12":"shipping-taxable","13":"purchasable","14":"product-type-simple","15":"add-to-wishlist-after_add_to_cart"},"_links":{"self":[{"href":"https:\/\/dinaturez.com\/pt\/wp-json\/wp\/v2\/product\/23556","targetHints":{"allow":["GET"]}}],"collection":[{"href":"https:\/\/dinaturez.com\/pt\/wp-json\/wp\/v2\/product"}],"about":[{"href":"https:\/\/dinaturez.com\/pt\/wp-json\/wp\/v2\/types\/product"}],"wp:featuredmedia":[{"embeddable":true,"href":"https:\/\/dinaturez.com\/pt\/wp-json\/wp\/v2\/media\/23557"}],"wp:attachment":[{"href":"https:\/\/dinaturez.com\/pt\/wp-json\/wp\/v2\/media?parent=23556"}],"wp:term":[{"taxonomy":"product_brand","embeddable":true,"href":"https:\/\/dinaturez.com\/pt\/wp-json\/wp\/v2\/product_brand?post=23556"},{"taxonomy":"product_cat","embeddable":true,"href":"https:\/\/dinaturez.com\/pt\/wp-json\/wp\/v2\/product_cat?post=23556"},{"taxonomy":"product_tag","embeddable":true,"href":"https:\/\/dinaturez.com\/pt\/wp-json\/wp\/v2\/product_tag?post=23556"}],"curies":[{"name":"wp","href":"https:\/\/api.w.org\/{rel}","templated":true}]}}