{"id":23552,"date":"2024-03-23T09:50:27","date_gmt":"2024-03-23T08:50:27","guid":{"rendered":"https:\/\/dinaturez.com\/?post_type=product&#038;p=23552"},"modified":"2024-04-20T14:44:22","modified_gmt":"2024-04-20T12:44:22","slug":"visor-alpen-optics-apex-lt-1-6x24-a4-con-tecnologia-smartdot","status":"publish","type":"product","link":"https:\/\/dinaturez.com\/pt\/product\/visor-alpen-optics-apex-lt-1-6x24-a4-con-tecnologia-smartdot\/","title":{"rendered":"ALPEN OPTICS Visor Apex LT 1-6\u00d724 A4 com tecnologia SmartDot"},"content":{"rendered":"<table width=\"519\">\n<tbody>\n<tr>\n<td width=\"519\">O visor de ret\u00edculo A4 iluminado com tecnologia SmartDot poupa energia e tempo<br \/>\nAmplia\u00e7\u00e3o 1-6x<br \/>\nTamanho curto e design leve (540 gr).<br \/>\nCampo de vis\u00e3o m \/ 100m. min. 5,4 - max. 33,9.<br \/>\nRevestimento inovador de alta qualidade para imagens n\u00edtidas e cristalinas<br \/>\nRet\u00edculo no segundo plano focal<br \/>\nAjuste do ret\u00edculo com MRAD<br \/>\n\u00c0 prova de \u00e1gua e resistente ao recuo at\u00e9 mais de 1000gr de impulso.<br \/>\nGarantia de luxo.<\/td>\n<\/tr>\n<\/tbody>\n<\/table>","protected":false},"excerpt":{"rendered":"<p>Mira de carabina com ret\u00edculo A4 iluminado e tecnologia SmartDot para poupar energia e tempo. Amplia\u00e7\u00e3o de 1-6x. Tamanho pequeno e design leve (540 gr). Campo de vis\u00e3o m \/ 100m. m\u00edn. 5,4 - m\u00e1x. 33,9. Revestimento inovador de alta qualidade para imagens cristalinas e extremamente n\u00edtidas Ret\u00edculo no segundo plano focal Ajuste de [...]<\/p>","protected":false},"featured_media":23553,"template":"","meta":[],"product_brand":[],"product_cat":[136,141],"product_tag":[],"class_list":{"0":"post-23552","1":"product","2":"type-product","3":"status-publish","4":"has-post-thumbnail","6":"product_cat-alpen","7":"product_cat-visores-diurnos","9":"first","10":"instock","11":"taxable","12":"shipping-taxable","13":"purchasable","14":"product-type-simple","15":"add-to-wishlist-after_add_to_cart"},"_links":{"self":[{"href":"https:\/\/dinaturez.com\/pt\/wp-json\/wp\/v2\/product\/23552","targetHints":{"allow":["GET"]}}],"collection":[{"href":"https:\/\/dinaturez.com\/pt\/wp-json\/wp\/v2\/product"}],"about":[{"href":"https:\/\/dinaturez.com\/pt\/wp-json\/wp\/v2\/types\/product"}],"wp:featuredmedia":[{"embeddable":true,"href":"https:\/\/dinaturez.com\/pt\/wp-json\/wp\/v2\/media\/23553"}],"wp:attachment":[{"href":"https:\/\/dinaturez.com\/pt\/wp-json\/wp\/v2\/media?parent=23552"}],"wp:term":[{"taxonomy":"product_brand","embeddable":true,"href":"https:\/\/dinaturez.com\/pt\/wp-json\/wp\/v2\/product_brand?post=23552"},{"taxonomy":"product_cat","embeddable":true,"href":"https:\/\/dinaturez.com\/pt\/wp-json\/wp\/v2\/product_cat?post=23552"},{"taxonomy":"product_tag","embeddable":true,"href":"https:\/\/dinaturez.com\/pt\/wp-json\/wp\/v2\/product_tag?post=23552"}],"curies":[{"name":"wp","href":"https:\/\/api.w.org\/{rel}","templated":true}]}}