{"id":23543,"date":"2024-03-23T09:41:38","date_gmt":"2024-03-23T08:41:38","guid":{"rendered":"https:\/\/dinaturez.com\/?post_type=product&#038;p=23543"},"modified":"2024-04-20T14:47:50","modified_gmt":"2024-04-20T12:47:50","slug":"holografico-alpen-optics-argus-lt-red-dot-sight-1x26x23-abierto","status":"publish","type":"product","link":"https:\/\/dinaturez.com\/pt\/product\/holografico-alpen-optics-argus-lt-red-dot-sight-1x26x23-abierto\/","title":{"rendered":"Mira de ponto vermelho hologr\u00e1fica ALPEN OPTICS Argus LT 1x26x23 aberta"},"content":{"rendered":"<table width=\"519\">\n<tbody>\n<tr>\n<td width=\"519\">Campo de vis\u00e3o ilimitado<br \/>\n3 ret\u00edculos, Dot, Circle-Dot e Circle<br \/>\nRevestimento multicamada<br \/>\nRet\u00edculo DinamicDot - 3 pontos M.O.A.<br \/>\nPeso 70 gr<br \/>\nDura\u00e7\u00e3o da bateria at\u00e9 50.000 horas<br \/>\nAjustes do ret\u00edculo 0,3 MRAD, equivalente a 3 cm a 100 m por clique.<br \/>\nFun\u00e7\u00e3o de espera autom\u00e1tica para poupar energia e tempo DynamicDot. Liga-se quando em movimento e desliga-se ap\u00f3s 2 minutos de inatividade.<br \/>\nAnti-embaciamento.<br \/>\nImperme\u00e1vel at\u00e9 1 m (IPX7) e resistente a Cal. Magnum (1.000 gr)<br \/>\nLente multi-revestida de alta qualidade. Garante uma vis\u00e3o n\u00edtida.<br \/>\nPainel solar que impede que o ret\u00edculo permane\u00e7a ligado quando a bateria se esgota.<br \/>\nGarantia de luxo<\/td>\n<\/tr>\n<\/tbody>\n<\/table>","protected":false},"excerpt":{"rendered":"<p>Campo de vis\u00e3o ilimitado 3 ret\u00edculos, Dot, Circle-Dot e Circle Revestimento multicamada DynamicDot - 3 M.O.A. Dot Reticle Peso 70 gr Dura\u00e7\u00e3o da bateria at\u00e9 50.000 horas Defini\u00e7\u00f5es do ret\u00edculo 0,3 MRAD, o que equivale a 3 cm a 100 m por clique. Fun\u00e7\u00e3o de espera autom\u00e1tica para poupar energia e tempo DynamicDot. Pode ser ligada com [...]<\/p>","protected":false},"featured_media":23544,"template":"","meta":[],"product_brand":[],"product_cat":[136,141],"product_tag":[],"class_list":{"0":"post-23543","1":"product","2":"type-product","3":"status-publish","4":"has-post-thumbnail","6":"product_cat-alpen","7":"product_cat-visores-diurnos","9":"first","10":"instock","11":"taxable","12":"shipping-taxable","13":"purchasable","14":"product-type-simple","15":"add-to-wishlist-after_add_to_cart"},"_links":{"self":[{"href":"https:\/\/dinaturez.com\/pt\/wp-json\/wp\/v2\/product\/23543","targetHints":{"allow":["GET"]}}],"collection":[{"href":"https:\/\/dinaturez.com\/pt\/wp-json\/wp\/v2\/product"}],"about":[{"href":"https:\/\/dinaturez.com\/pt\/wp-json\/wp\/v2\/types\/product"}],"wp:featuredmedia":[{"embeddable":true,"href":"https:\/\/dinaturez.com\/pt\/wp-json\/wp\/v2\/media\/23544"}],"wp:attachment":[{"href":"https:\/\/dinaturez.com\/pt\/wp-json\/wp\/v2\/media?parent=23543"}],"wp:term":[{"taxonomy":"product_brand","embeddable":true,"href":"https:\/\/dinaturez.com\/pt\/wp-json\/wp\/v2\/product_brand?post=23543"},{"taxonomy":"product_cat","embeddable":true,"href":"https:\/\/dinaturez.com\/pt\/wp-json\/wp\/v2\/product_cat?post=23543"},{"taxonomy":"product_tag","embeddable":true,"href":"https:\/\/dinaturez.com\/pt\/wp-json\/wp\/v2\/product_tag?post=23543"}],"curies":[{"name":"wp","href":"https:\/\/api.w.org\/{rel}","templated":true}]}}