{"id":23539,"date":"2024-03-23T09:37:56","date_gmt":"2024-03-23T08:37:56","guid":{"rendered":"https:\/\/dinaturez.com\/?post_type=product&#038;p=23539"},"modified":"2024-04-20T14:48:06","modified_gmt":"2024-04-20T12:48:06","slug":"punto-rojo-alpen-optics-nevada-lt-prisma-3x24-con-punto-rojo","status":"publish","type":"product","link":"https:\/\/dinaturez.com\/pt\/product\/punto-rojo-alpen-optics-nevada-lt-prisma-3x24-con-punto-rojo\/","title":{"rendered":"Ponto vermelho ALPEN OPTICS Nevada LT Prism 3\u00d724 com ponto vermelho"},"content":{"rendered":"<table width=\"519\">\n<tbody>\n<tr>\n<td width=\"519\">\u00d3tica prism\u00e1tica de alta qualidade com ret\u00edculo de 3 pontos M.O.A.<br \/>\nCampo de vis\u00e3o de 128 m a 1.000 m.<br \/>\nAmplia\u00e7\u00e3o fixa de 3x e di\u00e2metro da lente de 24 mm<br \/>\nCaixa robusta em alum\u00ednio 6061<br \/>\nTratamento multicamada de alta qualidade<br \/>\nAjustamento da grelha no MRAD<br \/>\nIlumina\u00e7\u00e3o do ret\u00edculo ajust\u00e1vel em 14 n\u00edveis, 10 n\u00edveis para uso diurno e 4 n\u00edveis para vis\u00e3o nocturna.<br \/>\nFun\u00e7\u00e3o de espera autom\u00e1tica para poupar energia e tempo DynamicDot. Liga-se com o movimento e desliga-se ap\u00f3s 5 minutos de inatividade.<br \/>\nAnti-embaciamento.<br \/>\nA Nevada LT Prism 3\u00d724 \u00e9 resistente ao fogo at\u00e9 um calibre Magnum de 1.000 g. de impulso.<br \/>\n\u00d3tica \u00e0 prova de \u00e1gua at\u00e9 1 m (IPX7).<br \/>\nPainel solar que impede que o ret\u00edculo permane\u00e7a ligado quando a bateria se esgota.<br \/>\nGarantia de luxo<\/td>\n<\/tr>\n<\/tbody>\n<\/table>","protected":false},"excerpt":{"rendered":"<p>\u00d3tica prism\u00e1tica de alta qualidade com ret\u00edculo de 3 pontos M.O.A. Campo de vis\u00e3o de 128 m a 1.000 m. Amplia\u00e7\u00e3o fixa de 3x e di\u00e2metro da objetiva de 24 mm Caixa robusta em alum\u00ednio 6061 Revestimento multicamada de alta qualidade Ajuste do ret\u00edculo em MRAD Ilumina\u00e7\u00e3o do ret\u00edculo ajust\u00e1vel em 14 n\u00edveis, 10 para cada ret\u00edculo.<\/p>","protected":false},"featured_media":23540,"template":"","meta":[],"product_brand":[],"product_cat":[136,141],"product_tag":[],"class_list":{"0":"post-23539","1":"product","2":"type-product","3":"status-publish","4":"has-post-thumbnail","6":"product_cat-alpen","7":"product_cat-visores-diurnos","9":"first","10":"instock","11":"taxable","12":"shipping-taxable","13":"purchasable","14":"product-type-simple","15":"add-to-wishlist-after_add_to_cart"},"_links":{"self":[{"href":"https:\/\/dinaturez.com\/pt\/wp-json\/wp\/v2\/product\/23539","targetHints":{"allow":["GET"]}}],"collection":[{"href":"https:\/\/dinaturez.com\/pt\/wp-json\/wp\/v2\/product"}],"about":[{"href":"https:\/\/dinaturez.com\/pt\/wp-json\/wp\/v2\/types\/product"}],"wp:featuredmedia":[{"embeddable":true,"href":"https:\/\/dinaturez.com\/pt\/wp-json\/wp\/v2\/media\/23540"}],"wp:attachment":[{"href":"https:\/\/dinaturez.com\/pt\/wp-json\/wp\/v2\/media?parent=23539"}],"wp:term":[{"taxonomy":"product_brand","embeddable":true,"href":"https:\/\/dinaturez.com\/pt\/wp-json\/wp\/v2\/product_brand?post=23539"},{"taxonomy":"product_cat","embeddable":true,"href":"https:\/\/dinaturez.com\/pt\/wp-json\/wp\/v2\/product_cat?post=23539"},{"taxonomy":"product_tag","embeddable":true,"href":"https:\/\/dinaturez.com\/pt\/wp-json\/wp\/v2\/product_tag?post=23539"}],"curies":[{"name":"wp","href":"https:\/\/api.w.org\/{rel}","templated":true}]}}