{"id":23527,"date":"2024-03-23T09:26:16","date_gmt":"2024-03-23T08:26:16","guid":{"rendered":"https:\/\/dinaturez.com\/?post_type=product&#038;p=23527"},"modified":"2024-04-20T14:49:17","modified_gmt":"2024-04-20T12:49:17","slug":"prismaticos-alpen-optics-apex-steady-14x42-hd-con-estabilizacion-de-imagen","status":"publish","type":"product","link":"https:\/\/dinaturez.com\/pt\/product\/prismaticos-alpen-optics-apex-steady-14x42-hd-con-estabilizacion-de-imagen\/","title":{"rendered":"ALPEN OPTICS Bin\u00f3culos Apex Steady 14\u00d742 HD com estabiliza\u00e7\u00e3o de imagem"},"content":{"rendered":"<table width=\"519\">\n<tbody>\n<tr>\n<td width=\"519\">Bin\u00f3culos 14x42HD com estabiliza\u00e7\u00e3o de imagem para uma observa\u00e7\u00e3o sem trepida\u00e7\u00f5es. Ideal para persegui\u00e7\u00e3o e utiliza\u00e7\u00e3o n\u00e1utica. Alcance de observa\u00e7\u00e3o de cerca de 500 m.<br \/>\nRevestimento multi-camadas ALPEN UBX para uma transmiss\u00e3o m\u00e1xima da luz (92%).<br \/>\nRevestimento de fase PXA para uma excelente nitidez e contraste<br \/>\nO revestimento LPE nas lentes mant\u00e9m as lentes limpas e secas<br \/>\nVidro HD de elevado desempenho para imagens altamente detalhadas<br \/>\nResistente a salpicos de \u00e1gua<br \/>\nOculares LE t \"twist-up\", adequadas para utilizadores de \u00f3culos<br \/>\nCampo de vis\u00e3o de 70m a 1000m<br \/>\nPeso 644gr<br \/>\nGarantia de 5 anos.<\/td>\n<\/tr>\n<\/tbody>\n<\/table>","protected":false},"excerpt":{"rendered":"<p>Bin\u00f3culos 14x42HD com estabiliza\u00e7\u00e3o de imagem para observa\u00e7\u00f5es sem trepida\u00e7\u00e3o. Ideal para persegui\u00e7\u00e3o e utiliza\u00e7\u00e3o n\u00e1utica. Alcance de observa\u00e7\u00e3o de cerca de 500 m. Revestimento multi-camadas ALPEN UBX para uma transmiss\u00e3o m\u00e1xima da luz (92%). Revestimento de fase PXA para uma excelente nitidez e contraste O revestimento LPE est\u00e1 dispon\u00edvel com uma [...]<\/p>","protected":false},"featured_media":23528,"template":"","meta":[],"product_brand":[],"product_cat":[136,142],"product_tag":[],"class_list":{"0":"post-23527","1":"product","2":"type-product","3":"status-publish","4":"has-post-thumbnail","6":"product_cat-alpen","7":"product_cat-prismaticos","9":"first","10":"instock","11":"taxable","12":"shipping-taxable","13":"purchasable","14":"product-type-simple","15":"add-to-wishlist-after_add_to_cart"},"_links":{"self":[{"href":"https:\/\/dinaturez.com\/pt\/wp-json\/wp\/v2\/product\/23527","targetHints":{"allow":["GET"]}}],"collection":[{"href":"https:\/\/dinaturez.com\/pt\/wp-json\/wp\/v2\/product"}],"about":[{"href":"https:\/\/dinaturez.com\/pt\/wp-json\/wp\/v2\/types\/product"}],"wp:featuredmedia":[{"embeddable":true,"href":"https:\/\/dinaturez.com\/pt\/wp-json\/wp\/v2\/media\/23528"}],"wp:attachment":[{"href":"https:\/\/dinaturez.com\/pt\/wp-json\/wp\/v2\/media?parent=23527"}],"wp:term":[{"taxonomy":"product_brand","embeddable":true,"href":"https:\/\/dinaturez.com\/pt\/wp-json\/wp\/v2\/product_brand?post=23527"},{"taxonomy":"product_cat","embeddable":true,"href":"https:\/\/dinaturez.com\/pt\/wp-json\/wp\/v2\/product_cat?post=23527"},{"taxonomy":"product_tag","embeddable":true,"href":"https:\/\/dinaturez.com\/pt\/wp-json\/wp\/v2\/product_tag?post=23527"}],"curies":[{"name":"wp","href":"https:\/\/api.w.org\/{rel}","templated":true}]}}