{"id":23518,"date":"2024-03-23T08:56:29","date_gmt":"2024-03-23T07:56:29","guid":{"rendered":"https:\/\/dinaturez.com\/?post_type=product&#038;p=23518"},"modified":"2026-03-06T10:21:12","modified_gmt":"2026-03-06T09:21:12","slug":"prismaticos-alpen-optics-apex-xp-8x42-lrf","status":"publish","type":"product","link":"https:\/\/dinaturez.com\/pt\/product\/prismaticos-alpen-optics-apex-xp-8x42-lrf\/","title":{"rendered":"Bin\u00f3culos ALPEN OPTICS Apex XP 8\u00d742 LRF 2,286 m."},"content":{"rendered":"<h3 data-start=\"96\" data-end=\"397\"><strong data-start=\"100\" data-end=\"129\">Bin\u00f3culos Alpen Optics Apex XP 8\u00d742<\/strong> oferecem um equil\u00edbrio perfeito entre qualidade \u00f3tica, durabilidade e conforto. Com uma amplia\u00e7\u00e3o de 8x e lentes de 42 mm, proporcionam imagens brilhantes, n\u00edtidas e altamente detalhadas, ideais para observa\u00e7\u00e3o de aves, observa\u00e7\u00e3o da natureza ou actividades ao ar livre.<\/h3>\n<h3 data-start=\"399\" data-end=\"684\">As \u00f3pticas de elevado desempenho com revestimentos multi-revestidos melhoram a transmiss\u00e3o da luz e garantem cores naturais e um excelente contraste, mesmo em condi\u00e7\u00f5es de ilumina\u00e7\u00e3o dif\u00edceis. E o seu design robusto e \u00e0 prova de \u00e1gua est\u00e1 pronto para o acompanhar em qualquer aventura.<\/h3>\n<p data-start=\"399\" data-end=\"684\">\n<p data-start=\"686\" data-end=\"717\"><strong data-start=\"686\" data-end=\"717\">Carater\u00edsticas principais:<\/strong><\/p>\n<ul data-start=\"718\" data-end=\"1077\">\n<li data-section-id=\"13ah5cj\" data-start=\"718\" data-end=\"790\">\n<p data-start=\"720\" data-end=\"790\">Amplia\u00e7\u00e3o de 8x com lentes de 42 mm para imagens brilhantes e est\u00e1veis<\/p>\n<\/li>\n<li data-section-id=\"11kpg0k\" data-start=\"791\" data-end=\"865\">\n<p data-start=\"793\" data-end=\"865\">\u00d3tica de alta defini\u00e7\u00e3o com excelente contraste e fidelidade de cores<\/p>\n<\/li>\n<li data-section-id=\"1x4rgph\" data-start=\"866\" data-end=\"927\">\n<p data-start=\"868\" data-end=\"927\">Tratamentos multicamadas para uma transmiss\u00e3o m\u00e1xima da luz<\/p>\n<\/li>\n<li data-section-id=\"v4vfye\" data-start=\"928\" data-end=\"1003\">\n<p data-start=\"930\" data-end=\"1003\">Constru\u00e7\u00e3o robusta, \u00e0 prova de \u00e1gua e preparada para o exterior<\/p>\n<\/li>\n<li data-section-id=\"jexeke\" data-start=\"1004\" data-end=\"1077\">\n<p data-start=\"1006\" data-end=\"1077\">Design ergon\u00f3mico e ader\u00eancia segura para longas sess\u00f5es de observa\u00e7\u00e3o<\/p>\n<\/li>\n<\/ul>","protected":false},"excerpt":{"rendered":"<h3 data-start=\"96\" data-end=\"397\"><strong data-start=\"100\" data-end=\"129\">Alpen Optics Apex XP 8&#215;42<\/strong> oferecem um equil\u00edbrio perfeito entre qualidade \u00f3tica, durabilidade e conforto. Com uma amplia\u00e7\u00e3o de 8x e lentes de 42 mm, proporcionam imagens brilhantes, n\u00edtidas e altamente detalhadas, ideais para observa\u00e7\u00e3o de aves, observa\u00e7\u00e3o da natureza ou actividades ao ar livre.<\/h3>","protected":false},"featured_media":23519,"template":"","meta":[],"product_brand":[],"product_cat":[136,142],"product_tag":[],"class_list":{"0":"post-23518","1":"product","2":"type-product","3":"status-publish","4":"has-post-thumbnail","6":"product_cat-alpen","7":"product_cat-prismaticos","9":"first","10":"instock","11":"sale","12":"taxable","13":"shipping-taxable","14":"purchasable","15":"product-type-simple","16":"add-to-wishlist-after_add_to_cart"},"_links":{"self":[{"href":"https:\/\/dinaturez.com\/pt\/wp-json\/wp\/v2\/product\/23518","targetHints":{"allow":["GET"]}}],"collection":[{"href":"https:\/\/dinaturez.com\/pt\/wp-json\/wp\/v2\/product"}],"about":[{"href":"https:\/\/dinaturez.com\/pt\/wp-json\/wp\/v2\/types\/product"}],"wp:featuredmedia":[{"embeddable":true,"href":"https:\/\/dinaturez.com\/pt\/wp-json\/wp\/v2\/media\/23519"}],"wp:attachment":[{"href":"https:\/\/dinaturez.com\/pt\/wp-json\/wp\/v2\/media?parent=23518"}],"wp:term":[{"taxonomy":"product_brand","embeddable":true,"href":"https:\/\/dinaturez.com\/pt\/wp-json\/wp\/v2\/product_brand?post=23518"},{"taxonomy":"product_cat","embeddable":true,"href":"https:\/\/dinaturez.com\/pt\/wp-json\/wp\/v2\/product_cat?post=23518"},{"taxonomy":"product_tag","embeddable":true,"href":"https:\/\/dinaturez.com\/pt\/wp-json\/wp\/v2\/product_tag?post=23518"}],"curies":[{"name":"wp","href":"https:\/\/api.w.org\/{rel}","templated":true}]}}