{"id":23509,"date":"2024-03-23T08:47:14","date_gmt":"2024-03-23T07:47:14","guid":{"rendered":"https:\/\/dinaturez.com\/?post_type=product&#038;p=23509"},"modified":"2024-04-20T14:50:38","modified_gmt":"2024-04-20T12:50:38","slug":"prismaticos-alpen-optics-apex-xp-07x24-lrf-1828-m","status":"publish","type":"product","link":"https:\/\/dinaturez.com\/pt\/product\/prismaticos-alpen-optics-apex-xp-07x24-lrf-1828-m\/","title":{"rendered":"Bin\u00f3culos ALPEN OPTICS Apex XP 07\u00d724 LRF 1.828 m."},"content":{"rendered":"<table width=\"519\">\n<tbody>\n<tr>\n<td width=\"519\">Bin\u00f3culos 8\u00d732 topo de gama com tel\u00e9metro<br \/>\nLente com revestimento FMC<br \/>\nPrismas BaK-4 com revestimento completo multi-camadas para uma maior transmiss\u00e3o da luz (90%).<br \/>\nMede dist\u00e2ncias at\u00e9 1.828 metros (2.000 jardas)<br \/>\nModo de medi\u00e7\u00e3o HCD (mede a dist\u00e2ncia com compensa\u00e7\u00e3o de \u00e2ngulo).<br \/>\nModo de medi\u00e7\u00e3o LOS (mede a dist\u00e2ncia horizontal\/linha reta).<br \/>\nModo de medi\u00e7\u00e3o da temperatura.<br \/>\nEcr\u00e3 LCD preto com brilho ajust\u00e1vel para uma leitura f\u00e1cil das medi\u00e7\u00f5es de dist\u00e2ncia<br \/>\nTamanho compacto: 105 x 113 x 40 mm;<br \/>\nAmpla roda de zoom, caixa robusta em magn\u00e9sio, refor\u00e7o em borracha<br \/>\nOculares de tor\u00e7\u00e3o; ajuste das dioptrias de -5 a +5<br \/>\nCampo de vis\u00e3o de 115 m a 1.000 m<br \/>\nPeso 422 g<br \/>\nGarantia de 5 anos.<\/td>\n<\/tr>\n<\/tbody>\n<\/table>","protected":false},"excerpt":{"rendered":"<p>Bin\u00f3culos tel\u00e9metro 8\u00d732 de gama alta Lente com revestimento FMC Lente com revestimento FMC Prismas BaK-4 com revestimento total multi-camada para maior transmiss\u00e3o de luz (90%). Mede dist\u00e2ncias at\u00e9 1.828 metros (2.000 jardas) Modo de medi\u00e7\u00e3o HCD (mede a dist\u00e2ncia com compensa\u00e7\u00e3o de \u00e2ngulo). Modo de medi\u00e7\u00e3o LOS (mede a dist\u00e2ncia horizontal\/em linha reta). Modo de medi\u00e7\u00e3o [...]<\/p>","protected":false},"featured_media":23510,"template":"","meta":[],"product_brand":[],"product_cat":[136,142],"product_tag":[],"class_list":{"0":"post-23509","1":"product","2":"type-product","3":"status-publish","4":"has-post-thumbnail","6":"product_cat-alpen","7":"product_cat-prismaticos","9":"first","10":"instock","11":"taxable","12":"shipping-taxable","13":"purchasable","14":"product-type-simple","15":"add-to-wishlist-after_add_to_cart"},"_links":{"self":[{"href":"https:\/\/dinaturez.com\/pt\/wp-json\/wp\/v2\/product\/23509","targetHints":{"allow":["GET"]}}],"collection":[{"href":"https:\/\/dinaturez.com\/pt\/wp-json\/wp\/v2\/product"}],"about":[{"href":"https:\/\/dinaturez.com\/pt\/wp-json\/wp\/v2\/types\/product"}],"wp:featuredmedia":[{"embeddable":true,"href":"https:\/\/dinaturez.com\/pt\/wp-json\/wp\/v2\/media\/23510"}],"wp:attachment":[{"href":"https:\/\/dinaturez.com\/pt\/wp-json\/wp\/v2\/media?parent=23509"}],"wp:term":[{"taxonomy":"product_brand","embeddable":true,"href":"https:\/\/dinaturez.com\/pt\/wp-json\/wp\/v2\/product_brand?post=23509"},{"taxonomy":"product_cat","embeddable":true,"href":"https:\/\/dinaturez.com\/pt\/wp-json\/wp\/v2\/product_cat?post=23509"},{"taxonomy":"product_tag","embeddable":true,"href":"https:\/\/dinaturez.com\/pt\/wp-json\/wp\/v2\/product_tag?post=23509"}],"curies":[{"name":"wp","href":"https:\/\/api.w.org\/{rel}","templated":true}]}}