{"id":23501,"date":"2024-03-23T08:38:19","date_gmt":"2024-03-23T07:38:19","guid":{"rendered":"https:\/\/dinaturez.com\/?post_type=product&#038;p=23501"},"modified":"2026-02-10T09:00:36","modified_gmt":"2026-02-10T08:00:36","slug":"prismaticos-alpen-optics-black-tusk-8x42-led","status":"publish","type":"product","link":"https:\/\/dinaturez.com\/pt\/product\/prismaticos-alpen-optics-black-tusk-8x42-led\/","title":{"rendered":"Bin\u00f3culos ALPEN OPTICS Black Tusk 8\u00d742 com LED"},"content":{"rendered":"<table width=\"519\">\n<tbody>\n<tr>\n<td width=\"519\">Bin\u00f3culos profissionais 8X42 com vidro ED para imagens a cores reais<br \/>\nElevada transmiss\u00e3o de luz superior a 92% (560 nm)<br \/>\nCaixa de magn\u00e9sio leve e robusta<br \/>\nRevestimento ergon\u00f3mico em borracha com boa ader\u00eancia para utiliza\u00e7\u00e3o no terreno<br \/>\nImperme\u00e1vel, selado e cheio de nitrog\u00e9nio para evitar o embaciamento das lentes a partir do interior<br \/>\nOculares rotativas<br \/>\nRevestimento de fase PXA para excelentes contrastes<br \/>\nCom o revestimento met\u00e1lico SHR exclusivo da ALPEN para imagens brilhantes, n\u00edtidas e de alta resolu\u00e7\u00e3o<br \/>\nCampo de vis\u00e3o de 142m a 1000m<br \/>\nPeso 703gr<br \/>\nGarantia de luxo<\/td>\n<\/tr>\n<\/tbody>\n<\/table>","protected":false},"excerpt":{"rendered":"<p>Bin\u00f3culos profissionais 8X42 com vidro ED para uma imagem a cores reais Elevada transmiss\u00e3o de luz superior a 92% (560 nm) Caixa de magn\u00e9sio leve e robusta Armadura de borracha ergon\u00f3mica com boa ader\u00eancia para utiliza\u00e7\u00e3o no terreno Imperme\u00e1vel, selada e cheia de nitrog\u00e9nio para evitar o embaciamento da objetiva a partir do exterior [...]<\/p>","protected":false},"featured_media":23502,"template":"","meta":[],"product_brand":[],"product_cat":[136,142],"product_tag":[],"class_list":{"0":"post-23501","1":"product","2":"type-product","3":"status-publish","4":"has-post-thumbnail","6":"product_cat-alpen","7":"product_cat-prismaticos","9":"first","10":"instock","11":"taxable","12":"shipping-taxable","13":"purchasable","14":"product-type-simple","15":"add-to-wishlist-after_add_to_cart"},"_links":{"self":[{"href":"https:\/\/dinaturez.com\/pt\/wp-json\/wp\/v2\/product\/23501","targetHints":{"allow":["GET"]}}],"collection":[{"href":"https:\/\/dinaturez.com\/pt\/wp-json\/wp\/v2\/product"}],"about":[{"href":"https:\/\/dinaturez.com\/pt\/wp-json\/wp\/v2\/types\/product"}],"wp:featuredmedia":[{"embeddable":true,"href":"https:\/\/dinaturez.com\/pt\/wp-json\/wp\/v2\/media\/23502"}],"wp:attachment":[{"href":"https:\/\/dinaturez.com\/pt\/wp-json\/wp\/v2\/media?parent=23501"}],"wp:term":[{"taxonomy":"product_brand","embeddable":true,"href":"https:\/\/dinaturez.com\/pt\/wp-json\/wp\/v2\/product_brand?post=23501"},{"taxonomy":"product_cat","embeddable":true,"href":"https:\/\/dinaturez.com\/pt\/wp-json\/wp\/v2\/product_cat?post=23501"},{"taxonomy":"product_tag","embeddable":true,"href":"https:\/\/dinaturez.com\/pt\/wp-json\/wp\/v2\/product_tag?post=23501"}],"curies":[{"name":"wp","href":"https:\/\/api.w.org\/{rel}","templated":true}]}}