{"id":23485,"date":"2024-03-22T22:53:09","date_gmt":"2024-03-22T21:53:09","guid":{"rendered":"https:\/\/dinaturez.com\/?post_type=product&#038;p=23485"},"modified":"2026-02-10T09:04:40","modified_gmt":"2026-02-10T08:04:40","slug":"prismaticos-alpen-optics-apex-xp-10x42-con-revestimiento-pxa-cristal-ed","status":"publish","type":"product","link":"https:\/\/dinaturez.com\/pt\/product\/prismaticos-alpen-optics-apex-xp-10x42-con-revestimiento-pxa-cristal-ed\/","title":{"rendered":"ALPEN OPTICS Bin\u00f3culos Apex XP 10\u00d742 com revestimento PXA \/ vidro ED"},"content":{"rendered":"<table width=\"519\">\n<tbody>\n<tr>\n<td width=\"519\">Bin\u00f3culos 10\u00d742 de alta qualidade com vidro ED para reduzir a luz difusa<br \/>\nRevestimento de fase PXA para uma nitidez e contraste excepcionais. Transmiss\u00e3o de luz do 92%<br \/>\nRevestimento de prisma met\u00e1lico HR para uma melhor transmiss\u00e3o de luz e luminosidade<br \/>\nVidro HD de elevado desempenho para imagens altamente detalhadas<br \/>\nCaixa \u00e0 prova de \u00e1gua, o enchimento de azoto evita o embaciamento das lentes a partir do interior<br \/>\nRevestimento completo multi-camadas<br \/>\nCampo de vis\u00e3o de 113m a 1000m<br \/>\nPeso 650gr<br \/>\nGarantia de luxo<\/td>\n<\/tr>\n<\/tbody>\n<\/table>","protected":false},"excerpt":{"rendered":"<p>Bin\u00f3culos 10\u00d742 de alta qualidade com vidro ED que reduz a luz difusa Revestimento de fase PXA para uma nitidez e contraste excepcionais. A transmiss\u00e3o de luz do revestimento de prisma met\u00e1lico 92% HR melhora a transmiss\u00e3o de luz e o brilho Vidro HD de alto desempenho para imagens altamente detalhadas Caixa \u00e0 prova de \u00e1gua, o enchimento \u00e9 \u00e0 prova de \u00e1gua e o [...]<\/p>","protected":false},"featured_media":23486,"template":"","meta":[],"product_brand":[],"product_cat":[136,142],"product_tag":[],"class_list":{"0":"post-23485","1":"product","2":"type-product","3":"status-publish","4":"has-post-thumbnail","6":"product_cat-alpen","7":"product_cat-prismaticos","9":"first","10":"instock","11":"taxable","12":"shipping-taxable","13":"purchasable","14":"product-type-simple","15":"add-to-wishlist-after_add_to_cart"},"_links":{"self":[{"href":"https:\/\/dinaturez.com\/pt\/wp-json\/wp\/v2\/product\/23485","targetHints":{"allow":["GET"]}}],"collection":[{"href":"https:\/\/dinaturez.com\/pt\/wp-json\/wp\/v2\/product"}],"about":[{"href":"https:\/\/dinaturez.com\/pt\/wp-json\/wp\/v2\/types\/product"}],"wp:featuredmedia":[{"embeddable":true,"href":"https:\/\/dinaturez.com\/pt\/wp-json\/wp\/v2\/media\/23486"}],"wp:attachment":[{"href":"https:\/\/dinaturez.com\/pt\/wp-json\/wp\/v2\/media?parent=23485"}],"wp:term":[{"taxonomy":"product_brand","embeddable":true,"href":"https:\/\/dinaturez.com\/pt\/wp-json\/wp\/v2\/product_brand?post=23485"},{"taxonomy":"product_cat","embeddable":true,"href":"https:\/\/dinaturez.com\/pt\/wp-json\/wp\/v2\/product_cat?post=23485"},{"taxonomy":"product_tag","embeddable":true,"href":"https:\/\/dinaturez.com\/pt\/wp-json\/wp\/v2\/product_tag?post=23485"}],"curies":[{"name":"wp","href":"https:\/\/api.w.org\/{rel}","templated":true}]}}