{"id":23470,"date":"2024-03-22T22:30:24","date_gmt":"2024-03-22T21:30:24","guid":{"rendered":"https:\/\/dinaturez.com\/?post_type=product&#038;p=23470"},"modified":"2024-04-20T14:55:48","modified_gmt":"2024-04-20T12:55:48","slug":"prismaticos-alpen-optics-shasta-ridge-8x42-con-revestimiento-pxa","status":"publish","type":"product","link":"https:\/\/dinaturez.com\/pt\/product\/prismaticos-alpen-optics-shasta-ridge-8x42-con-revestimiento-pxa\/","title":{"rendered":"ALPEN OPTICS Bin\u00f3culos Shasta Ridge 8\u00d742 com revestimento PXA"},"content":{"rendered":"<table width=\"519\">\n<tbody>\n<tr>\n<td width=\"519\">Bin\u00f3culos com amplia\u00e7\u00e3o de 8x para um bom reconhecimento dos pormenores<br \/>\nCampo de vis\u00e3o 130m a 1000m<br \/>\nPrismas Bak-4<br \/>\nRevestimento HR para uma transmiss\u00e3o \u00f3ptima da luz. Transmiss\u00e3o de luz do 91%<br \/>\nRevestimento de fase PXA para uma excelente nitidez e contraste<br \/>\n\u00c0 prova de \u00e1gua, com enchimento de nitrog\u00e9nio para evitar que a lente embacie a partir do interior<br \/>\nMulti-revestido<br \/>\nLeve e compacto<br \/>\nPeso 567 gr. Garantia Deluxe.<\/td>\n<\/tr>\n<\/tbody>\n<\/table>","protected":false},"excerpt":{"rendered":"<p>Bin\u00f3culos com amplia\u00e7\u00e3o de 8x para um bom reconhecimento dos detalhes Campo de vis\u00e3o de 130m a 1000m Prismas Bak-4 Revestimento HR para uma transmiss\u00e3o \u00f3ptima da luz. Transmiss\u00e3o da luz de 91% Revestimento de fase PXA para uma excelente nitidez e contraste Imperme\u00e1vel, cheio de nitrog\u00e9nio para evitar fugas na lente.<\/p>","protected":false},"featured_media":23471,"template":"","meta":[],"product_brand":[],"product_cat":[136,142],"product_tag":[],"class_list":{"0":"post-23470","1":"product","2":"type-product","3":"status-publish","4":"has-post-thumbnail","6":"product_cat-alpen","7":"product_cat-prismaticos","9":"first","10":"instock","11":"taxable","12":"shipping-taxable","13":"purchasable","14":"product-type-simple","15":"add-to-wishlist-after_add_to_cart"},"_links":{"self":[{"href":"https:\/\/dinaturez.com\/pt\/wp-json\/wp\/v2\/product\/23470","targetHints":{"allow":["GET"]}}],"collection":[{"href":"https:\/\/dinaturez.com\/pt\/wp-json\/wp\/v2\/product"}],"about":[{"href":"https:\/\/dinaturez.com\/pt\/wp-json\/wp\/v2\/types\/product"}],"wp:featuredmedia":[{"embeddable":true,"href":"https:\/\/dinaturez.com\/pt\/wp-json\/wp\/v2\/media\/23471"}],"wp:attachment":[{"href":"https:\/\/dinaturez.com\/pt\/wp-json\/wp\/v2\/media?parent=23470"}],"wp:term":[{"taxonomy":"product_brand","embeddable":true,"href":"https:\/\/dinaturez.com\/pt\/wp-json\/wp\/v2\/product_brand?post=23470"},{"taxonomy":"product_cat","embeddable":true,"href":"https:\/\/dinaturez.com\/pt\/wp-json\/wp\/v2\/product_cat?post=23470"},{"taxonomy":"product_tag","embeddable":true,"href":"https:\/\/dinaturez.com\/pt\/wp-json\/wp\/v2\/product_tag?post=23470"}],"curies":[{"name":"wp","href":"https:\/\/api.w.org\/{rel}","templated":true}]}}