{"id":23460,"date":"2024-03-18T20:02:56","date_gmt":"2024-03-18T19:02:56","guid":{"rendered":"https:\/\/dinaturez.com\/?post_type=product&#038;p=23460"},"modified":"2026-05-02T12:31:29","modified_gmt":"2026-05-02T10:31:29","slug":"vidar660-lrf","status":"publish","type":"product","link":"https:\/\/dinaturez.com\/pt\/product\/vidar660-lrf\/","title":{"rendered":"VIDAR660-LRF-2.0 THERMTEC"},"content":{"rendered":"<h3 data-start=\"254\" data-end=\"616\" data-rm-block-id=\"block-1\">A Vidar 660 LRF da Thermtec representa o que h\u00e1 de melhor em miras telesc\u00f3picas t\u00e9rmicas de topo de gama: pot\u00eancia, precis\u00e3o e versatilidade num pacote completo. Foi concebida para ca\u00e7adores exigentes, guardas de ca\u00e7a, profissionais de controlo da vida selvagem ou de seguran\u00e7a que necessitam de elevada sensibilidade t\u00e9rmica, medi\u00e7\u00e3o fi\u00e1vel da dist\u00e2ncia e op\u00e7\u00f5es avan\u00e7adas de registo e configura\u00e7\u00e3o.<\/h3>\n<h3 data-rm-block-id=\"block-2\">Descri\u00e7\u00e3o<\/h3>\n<div class=\"content\">\n<ul class=\"article_list\">\n<li data-rm-block-id=\"block-3\">Therm Tec<\/li>\n<li data-rm-block-id=\"block-4\">Visualizador t\u00e9rmico compacto<\/li>\n<li data-rm-block-id=\"block-5\">Resolu\u00e7\u00e3o t\u00e9rmica 640\u00d7512 VOx<\/li>\n<li data-rm-block-id=\"block-6\">Medidor de dist\u00e2ncia laser LRF<\/li>\n<li data-rm-block-id=\"block-7\">NETD \u226420mK<\/li>\n<li data-rm-block-id=\"block-8\">Tamanho do pixel 12\u00b5m<\/li>\n<li data-rm-block-id=\"block-9\">Lente 20\/60mm<\/li>\n<li data-rm-block-id=\"block-10\">Amplia\u00e7\u00e3o de 1,1\/3,2X<\/li>\n<li data-rm-block-id=\"block-11\">Paleta 6 cores<\/li>\n<li data-rm-block-id=\"block-12\">Mem\u00f3ria interna 64GB<\/li>\n<li data-rm-block-id=\"block-13\">Zoom digital 4X<\/li>\n<li data-rm-block-id=\"block-14\">C\u00e1lculo da dist\u00e2ncia IA<\/li>\n<li data-rm-block-id=\"block-15\">Ecr\u00e3 AMOLED 1024 50HZ<\/li>\n<li data-rm-block-id=\"block-16\">Captura de imagens e grava\u00e7\u00e3o de v\u00eddeo<\/li>\n<li data-rm-block-id=\"block-17\">For\u00e7a de recuo at\u00e9 6000J<\/li>\n<li data-rm-block-id=\"block-18\">7 ret\u00edculos<\/li>\n<li data-rm-block-id=\"block-19\">5 Perfis de zeragem<\/li>\n<li data-rm-block-id=\"block-20\">WiFi<\/li>\n<li data-rm-block-id=\"block-21\">APP Smartphone<\/li>\n<li data-rm-block-id=\"block-22\">Bateria incorporada com uma autonomia de at\u00e9 16 horas<\/li>\n<li data-rm-block-id=\"block-23\">Conector USB de tipo magn\u00e9tico<\/li>\n<li data-rm-block-id=\"block-24\">Prote\u00e7\u00e3o IP67<\/li>\n<li data-rm-block-id=\"block-25\">Imagem PIP<\/li>\n<li data-rm-block-id=\"block-26\">Grava\u00e7\u00e3o autom\u00e1tica Grava\u00e7\u00e3o RAV<\/li>\n<\/ul>\n<\/div>\n<h3 data-rm-block-id=\"block-27\">Especifica\u00e7\u00f5es<\/h3>\n<div class=\"content\">\n<table class=\"specs\" border=\"0\" cellspacing=\"0\" cellpadding=\"0\">\n<tbody>\n<tr class=\"table-data\" align=\"left\" valign=\"middle\">\n<td width=\"30%\" height=\"22\" data-rm-block-id=\"block-28\"><strong>Marca<\/strong><\/td>\n<td width=\"70%\" height=\"22\" data-rm-block-id=\"block-29\">ThermTec<\/td>\n<\/tr>\n<tr class=\"table-data\" align=\"left\" valign=\"middle\">\n<td width=\"30%\" height=\"22\" data-rm-block-id=\"block-30\"><strong>Tipo de sensor<\/strong><\/td>\n<td width=\"70%\" height=\"22\" data-rm-block-id=\"block-31\">Microbol\u00f3metro VOx n\u00e3o arrefecido<\/td>\n<\/tr>\n<tr class=\"table-data\" align=\"left\" valign=\"middle\">\n<td width=\"30%\" height=\"22\" data-rm-block-id=\"block-32\"><strong>Resolu\u00e7\u00e3o<\/strong><\/td>\n<td width=\"70%\" height=\"22\" data-rm-block-id=\"block-33\">640\u00d7512 p\u00edxeis<\/td>\n<\/tr>\n<tr class=\"table-data\" align=\"left\" valign=\"middle\">\n<td width=\"30%\" height=\"22\" data-rm-block-id=\"block-34\"><strong>Tamanho do pixel<\/strong><\/td>\n<td width=\"70%\" height=\"22\" data-rm-block-id=\"block-35\">12\u00b5m<\/td>\n<\/tr>\n<tr class=\"table-data\" align=\"left\" valign=\"middle\">\n<td width=\"30%\" height=\"22\" data-rm-block-id=\"block-36\"><strong>Medidor de dist\u00e2ncia a laser<\/strong><\/td>\n<td width=\"70%\" height=\"22\" data-rm-block-id=\"block-37\">Tel\u00eametro a laser LRF 1200m<\/td>\n<\/tr>\n<tr class=\"table-data\" align=\"left\" valign=\"middle\">\n<td width=\"30%\" height=\"22\" data-rm-block-id=\"block-38\"><strong>NETD<\/strong><\/td>\n<td width=\"70%\" height=\"22\" data-rm-block-id=\"block-39\">\u226425mK@300K<\/td>\n<\/tr>\n<tr class=\"table-data\" align=\"left\" valign=\"middle\">\n<td width=\"30%\" height=\"22\" data-rm-block-id=\"block-40\"><strong>Gama espetral<\/strong><\/td>\n<td width=\"70%\" height=\"22\" data-rm-block-id=\"block-41\">8\uff5e14\u03bcm<\/td>\n<\/tr>\n<tr class=\"table-data\" align=\"left\" valign=\"middle\">\n<td width=\"30%\" height=\"22\" data-rm-block-id=\"block-42\"><strong>Lente<\/strong><\/td>\n<td width=\"70%\" height=\"22\" data-rm-block-id=\"block-43\">20\/60mm (F#1.0, focagem manual)<\/td>\n<\/tr>\n<tr class=\"table-data\" align=\"left\" valign=\"middle\">\n<td width=\"30%\" height=\"22\" data-rm-block-id=\"block-44\"><strong>Tecnologia de obturador<\/strong><\/td>\n<td width=\"70%\" height=\"22\" data-rm-block-id=\"block-45\">Shutterless (Tecnologia militar sem obturador)<\/td>\n<\/tr>\n<tr class=\"table-data\" align=\"left\" valign=\"middle\">\n<td width=\"30%\" height=\"22\" data-rm-block-id=\"block-46\"><strong>Aumentos<\/strong><\/td>\n<td width=\"70%\" height=\"22\" data-rm-block-id=\"block-47\">1,1\/3,2X<\/td>\n<\/tr>\n<tr class=\"table-data\" align=\"left\" valign=\"middle\">\n<td width=\"30%\" height=\"22\" data-rm-block-id=\"block-48\"><strong>\u00c2ngulo de vis\u00e3o<\/strong><\/td>\n<td width=\"70%\" height=\"22\" data-rm-block-id=\"block-49\">21,7\u00b0 x 17,4\u00b0 \/ 7,3\u00b0 x 5,9\u00b0 \/ 21,7\u00b0 x 17,4\u00b0 \/ 7,3\u00b0 x 5,9\u00b0<\/td>\n<\/tr>\n<tr class=\"table-data\" align=\"left\" valign=\"middle\">\n<td width=\"30%\" height=\"22\" data-rm-block-id=\"block-50\"><strong>Zoom digital<\/strong><\/td>\n<td width=\"70%\" height=\"22\" data-rm-block-id=\"block-51\">1x\uff5e5x cont\u00ednuo<\/td>\n<\/tr>\n<tr class=\"table-data\" align=\"left\" valign=\"middle\">\n<td width=\"30%\" height=\"22\" data-rm-block-id=\"block-52\"><strong>Paletas de cores<\/strong><\/td>\n<td width=\"70%\" height=\"22\" data-rm-block-id=\"block-53\">6<\/td>\n<\/tr>\n<tr class=\"table-data\" align=\"left\" valign=\"middle\">\n<td width=\"30%\" height=\"22\" data-rm-block-id=\"block-54\"><strong>Tipo de ecr\u00e3<\/strong><\/td>\n<td width=\"70%\" height=\"22\" data-rm-block-id=\"block-55\">AMOLED 0,39\u2033, resolu\u00e7\u00e3o 1024\u00d7768 pix\u00e9is, 3 tons de imagem<\/td>\n<\/tr>\n<tr class=\"table-data\" align=\"left\" valign=\"middle\">\n<td width=\"30%\" height=\"22\" data-rm-block-id=\"block-56\"><strong>Ajuste di\u00f3ptrico<\/strong><\/td>\n<td width=\"70%\" height=\"22\" data-rm-block-id=\"block-57\">-5\uff5e+5<\/td>\n<\/tr>\n<tr class=\"table-data\" align=\"left\" valign=\"middle\">\n<td width=\"30%\" height=\"22\" data-rm-block-id=\"block-58\"><strong>Dist\u00e2ncia dos olhos<\/strong><\/td>\n<td width=\"70%\" height=\"22\" data-rm-block-id=\"block-59\">45 mm<\/td>\n<\/tr>\n<tr class=\"table-data\" align=\"left\" valign=\"middle\">\n<td width=\"30%\" height=\"22\" data-rm-block-id=\"block-60\"><strong>For\u00e7a m\u00e1xima de recuo<\/strong><\/td>\n<td width=\"70%\" height=\"22\" data-rm-block-id=\"block-61\">6000J<\/td>\n<\/tr>\n<tr class=\"table-data\" align=\"left\" valign=\"middle\">\n<td width=\"30%\" height=\"22\" data-rm-block-id=\"block-62\"><strong>Suporte de montagem<\/strong><\/td>\n<td width=\"70%\" height=\"22\" data-rm-block-id=\"block-63\">Calha Picatinny<\/td>\n<\/tr>\n<tr class=\"table-data\" align=\"left\" valign=\"middle\">\n<td width=\"30%\" height=\"22\" data-rm-block-id=\"block-64\"><strong>Zeragem<\/strong><\/td>\n<td width=\"70%\" height=\"22\" data-rm-block-id=\"block-65\">Autom\u00e1tico \/ Manual<\/td>\n<\/tr>\n<tr class=\"table-data\" align=\"left\" valign=\"middle\">\n<td width=\"30%\" height=\"22\" data-rm-block-id=\"block-66\"><strong>Reprodu\u00e7\u00e3o de v\u00eddeo e imagem<\/strong><\/td>\n<td width=\"70%\" height=\"22\" data-rm-block-id=\"block-67\">SIM<\/td>\n<\/tr>\n<tr class=\"table-data\" align=\"left\" valign=\"middle\">\n<td width=\"30%\" height=\"22\" data-rm-block-id=\"block-68\"><strong>Grava\u00e7\u00e3o de \u00e1udio durante a filmagem<\/strong><\/td>\n<td width=\"70%\" height=\"22\" data-rm-block-id=\"block-69\">SIM<\/td>\n<\/tr>\n<tr class=\"table-data\" align=\"left\" valign=\"middle\">\n<td width=\"30%\" height=\"22\" data-rm-block-id=\"block-70\"><strong>Ret\u00edculo<\/strong><\/td>\n<td width=\"70%\" height=\"22\" data-rm-block-id=\"block-71\">7 (Cores: preto, branco, vermelho e azul)<\/td>\n<\/tr>\n<tr class=\"table-data\" align=\"left\" valign=\"middle\">\n<td width=\"30%\" height=\"22\" data-rm-block-id=\"block-72\"><strong>Mem\u00f3ria interna<\/strong><\/td>\n<td width=\"70%\" height=\"22\" data-rm-block-id=\"block-73\">64 GB<\/td>\n<\/tr>\n<tr class=\"table-data\" align=\"left\" valign=\"middle\">\n<td width=\"30%\" height=\"22\" data-rm-block-id=\"block-74\"><strong>Estimativa da dist\u00e2ncia<\/strong><\/td>\n<td width=\"70%\" height=\"22\" data-rm-block-id=\"block-75\">IA (baseada na aprendizagem profunda)<\/td>\n<\/tr>\n<tr class=\"table-data\" align=\"left\" valign=\"middle\">\n<td width=\"30%\" height=\"22\" data-rm-block-id=\"block-76\"><strong>Imagem sobre imagem<\/strong><\/td>\n<td width=\"70%\" height=\"22\" data-rm-block-id=\"block-77\">Imagem em tamanho reduzido sobreposta \u00e0 imagem principal, diminuindo a vista central do observador.<\/td>\n<\/tr>\n<tr class=\"table-data\" align=\"left\" valign=\"middle\">\n<td width=\"30%\" height=\"22\" data-rm-block-id=\"block-78\"><strong>Tipo de pilha<\/strong><\/td>\n<td width=\"70%\" height=\"22\" data-rm-block-id=\"block-79\">Bateria substitu\u00edvel, 2\u00d718650 Li<\/td>\n<\/tr>\n<tr class=\"table-data\" align=\"left\" valign=\"middle\">\n<td width=\"30%\" height=\"22\" data-rm-block-id=\"block-80\"><strong>Dura\u00e7\u00e3o da bateria<\/strong><\/td>\n<td width=\"70%\" height=\"22\" data-rm-block-id=\"block-81\">Tempo de funcionamento cont\u00ednuo 16h<\/td>\n<\/tr>\n<tr class=\"table-data\" align=\"left\" valign=\"middle\">\n<td width=\"30%\" height=\"22\" data-rm-block-id=\"block-82\"><strong>Liga\u00e7\u00f5es<\/strong><\/td>\n<td width=\"70%\" height=\"22\" data-rm-block-id=\"block-83\">USB magn\u00e9tico para liga\u00e7\u00e3o ao PC para descarregar fotografias e v\u00eddeos<\/td>\n<\/tr>\n<tr class=\"table-data\" align=\"left\" valign=\"middle\">\n<td width=\"30%\" height=\"22\" data-rm-block-id=\"block-84\"><strong>Comunica\u00e7\u00e3o<\/strong><\/td>\n<td width=\"70%\" height=\"22\" data-rm-block-id=\"block-85\">Liga\u00e7\u00e3o Hotspot com a aplica\u00e7\u00e3o<\/td>\n<\/tr>\n<tr class=\"table-data\" align=\"left\" valign=\"middle\">\n<td width=\"30%\" height=\"22\" data-rm-block-id=\"block-86\"><strong>Temperatura de funcionamento<\/strong><\/td>\n<td width=\"70%\" height=\"22\" data-rm-block-id=\"block-87\">-20\u2103\uff5e+55\u2103<\/td>\n<\/tr>\n<tr class=\"table-data\" align=\"left\" valign=\"middle\">\n<td width=\"30%\" height=\"22\" data-rm-block-id=\"block-88\"><strong>\u00cdndice de prote\u00e7\u00e3o<\/strong><\/td>\n<td width=\"70%\" height=\"22\" data-rm-block-id=\"block-89\">IP67, resist\u00eancia a quedas de 1 metro<\/td>\n<\/tr>\n<tr class=\"table-data\" align=\"left\" valign=\"middle\">\n<td width=\"30%\" height=\"22\" data-rm-block-id=\"block-90\"><strong>Peso<\/strong><\/td>\n<td width=\"70%\" height=\"22\" data-rm-block-id=\"block-91\">887g<\/td>\n<\/tr>\n<tr class=\"table-data\" align=\"left\" valign=\"middle\">\n<td width=\"30%\" height=\"22\" data-rm-block-id=\"block-92\"><strong>Dimens\u00f5es<\/strong><\/td>\n<td width=\"70%\" height=\"22\" data-rm-block-id=\"block-93\">220 (L) x 100 (P) x 87 (A) mm<\/td>\n<\/tr>\n<\/tbody>\n<\/table>\n<\/div>\n<h3 data-rm-block-id=\"block-94\">Conte\u00fado<\/h3>\n<div class=\"content\">\n<ul class=\"article_list\">\n<li data-rm-block-id=\"block-95\">Viseira t\u00e9rmica ThermTec<\/li>\n<li data-rm-block-id=\"block-96\">Cabo de dados USB magn\u00e9tico<\/li>\n<li data-rm-block-id=\"block-97\">Bateria de l\u00edtio 18650 BATT 4x<\/li>\n<li data-rm-block-id=\"block-98\">Carregador de bateria BATT-LI-CHARGER 18650<\/li>\n<li data-rm-block-id=\"block-99\">Calha Picatinny<\/li>\n<li data-rm-block-id=\"block-100\">Ocular com fole de borracha<\/li>\n<li data-rm-block-id=\"block-101\">Chaves Allen grandes e pequenas<\/li>\n<li data-rm-block-id=\"block-102\">Parafuso de montagem 3X<\/li>\n<li data-rm-block-id=\"block-103\">Pano de limpeza<\/li>\n<\/ul>\n<\/div>","protected":false},"excerpt":{"rendered":"<h3 data-start=\"254\" data-end=\"616\">O Vidar 660 LRF representa o que h\u00e1 de mais moderno em visores t\u00e9rmicos de alta qualidade: pot\u00eancia, precis\u00e3o e versatilidade num formato muito completo. Ele foi projetado para ca\u00e7adores exigentes, vigilantes, controle de fauna ou profissionais de seguran\u00e7a que precisam de alta sensibilidade t\u00e9rmica, medi\u00e7\u00e3o de dist\u00e2ncia confi\u00e1vel e op\u00e7\u00f5es avan\u00e7adas de grava\u00e7\u00e3o e configura\u00e7\u00e3o.<\/h3>\n<h3 data-start=\"618\" data-end=\"647\"><\/h3>","protected":false},"featured_media":24632,"template":"","meta":[],"product_brand":[],"product_cat":[131,144,146,150],"product_tag":[],"class_list":{"0":"post-23460","1":"product","2":"type-product","3":"status-publish","4":"has-post-thumbnail","6":"product_cat-thermtec","7":"product_cat-vision-termica","8":"product_cat-visores-termicos","9":"product_cat-visores-thermtec","11":"first","12":"instock","13":"sale","14":"taxable","15":"shipping-taxable","16":"purchasable","17":"product-type-simple","18":"add-to-wishlist-after_add_to_cart"},"_links":{"self":[{"href":"https:\/\/dinaturez.com\/pt\/wp-json\/wp\/v2\/product\/23460","targetHints":{"allow":["GET"]}}],"collection":[{"href":"https:\/\/dinaturez.com\/pt\/wp-json\/wp\/v2\/product"}],"about":[{"href":"https:\/\/dinaturez.com\/pt\/wp-json\/wp\/v2\/types\/product"}],"wp:featuredmedia":[{"embeddable":true,"href":"https:\/\/dinaturez.com\/pt\/wp-json\/wp\/v2\/media\/24632"}],"wp:attachment":[{"href":"https:\/\/dinaturez.com\/pt\/wp-json\/wp\/v2\/media?parent=23460"}],"wp:term":[{"taxonomy":"product_brand","embeddable":true,"href":"https:\/\/dinaturez.com\/pt\/wp-json\/wp\/v2\/product_brand?post=23460"},{"taxonomy":"product_cat","embeddable":true,"href":"https:\/\/dinaturez.com\/pt\/wp-json\/wp\/v2\/product_cat?post=23460"},{"taxonomy":"product_tag","embeddable":true,"href":"https:\/\/dinaturez.com\/pt\/wp-json\/wp\/v2\/product_tag?post=23460"}],"curies":[{"name":"wp","href":"https:\/\/api.w.org\/{rel}","templated":true}]}}