{"id":23453,"date":"2024-03-18T19:58:47","date_gmt":"2024-03-18T18:58:47","guid":{"rendered":"https:\/\/dinaturez.com\/?post_type=product&#038;p=23453"},"modified":"2026-05-02T12:32:11","modified_gmt":"2026-05-02T10:32:11","slug":"vidar650lrf","status":"publish","type":"product","link":"https:\/\/dinaturez.com\/pt\/product\/vidar650lrf\/","title":{"rendered":"VIDAR650-LRF-2.0 THERMTEC"},"content":{"rendered":"<h3>O <strong data-start=\"280\" data-end=\"313\">VIDAR 650 LRF 2.0 da ThermTec<\/strong> \u00c9 um visor t\u00e9rmico compacto de alto desempenho, concebido para aplica\u00e7\u00f5es exigentes, como ca\u00e7a, vigil\u00e2ncia ou uso profissional em condi\u00e7\u00f5es adversas. Combina alta resolu\u00e7\u00e3o, tel\u00e9metro laser integrado e fun\u00e7\u00f5es inteligentes para oferecer uma experi\u00eancia completa e fi\u00e1vel.<\/h3>\n<p>&nbsp;<\/p>\n<h4>Descri\u00e7\u00e3o<\/h4>\n<div class=\"content\">\n<ul class=\"article_list\">\n<li>ThermTec<\/li>\n<li>Visualizador t\u00e9rmico compacto<\/li>\n<li>Resolu\u00e7\u00e3o t\u00e9rmica 640\u00d7512 VOx<\/li>\n<li>Medidor de dist\u00e2ncia laser LRF<\/li>\n<li>NETD \u226418mK<\/li>\n<li>Tamanho do pixel 12\u00b5m<\/li>\n<li>Lente de 50 mm<\/li>\n<li>Amplia\u00e7\u00e3o de 2,8x<\/li>\n<li>Paleta 6 cores<\/li>\n<li>Mem\u00f3ria interna 64GB<\/li>\n<li>Zoom digital 4X<\/li>\n<li>C\u00e1lculo da dist\u00e2ncia IA<\/li>\n<li>Ecr\u00e3 AMOLED 1024 50HZ<\/li>\n<li>Captura de imagens e grava\u00e7\u00e3o de v\u00eddeo<\/li>\n<li>For\u00e7a de recuo at\u00e9 6000J<\/li>\n<li>7 ret\u00edculos<\/li>\n<li>5 Perfis da carreira de tiro<\/li>\n<li>WiFi<\/li>\n<li>APP Smartphone<\/li>\n<li>Bateria incorporada com uma autonomia de at\u00e9 16 horas<\/li>\n<li>Conector USB de tipo magn\u00e9tico<\/li>\n<li>Prote\u00e7\u00e3o IP67<\/li>\n<li>Imagem PIP<\/li>\n<li>Grava\u00e7\u00e3o autom\u00e1tica Grava\u00e7\u00e3o RAV<\/li>\n<\/ul>\n<\/div>\n<h4><\/h4>\n<h4>Especifica\u00e7\u00f5es<\/h4>\n<div class=\"content\">\n<table class=\"specs\" border=\"0\" cellspacing=\"0\" cellpadding=\"0\">\n<tbody>\n<tr class=\"table-data\" align=\"left\" valign=\"middle\">\n<td width=\"30%\" height=\"22\"><strong>Marca<\/strong><\/td>\n<td width=\"70%\" height=\"22\">ThermTec<\/td>\n<\/tr>\n<tr class=\"table-data\" align=\"left\" valign=\"middle\">\n<td width=\"30%\" height=\"22\"><strong>Tipo de sensor<\/strong><\/td>\n<td width=\"70%\" height=\"22\">Microbol\u00f3metro VOx n\u00e3o arrefecido<\/td>\n<\/tr>\n<tr class=\"table-data\" align=\"left\" valign=\"middle\">\n<td width=\"30%\" height=\"22\"><strong>Resolu\u00e7\u00e3o<\/strong><\/td>\n<td width=\"70%\" height=\"22\">640\u00d7512 p\u00edxeis<\/td>\n<\/tr>\n<tr class=\"table-data\" align=\"left\" valign=\"middle\">\n<td width=\"30%\" height=\"22\"><strong>Medidor de dist\u00e2ncia a laser<\/strong><\/td>\n<td width=\"70%\" height=\"22\">Tel\u00eametro a laser LRF 1200m<\/td>\n<\/tr>\n<tr class=\"table-data\" align=\"left\" valign=\"middle\">\n<td width=\"30%\" height=\"22\"><strong>Tamanho do pixel<\/strong><\/td>\n<td width=\"70%\" height=\"22\">12\u00b5m<\/td>\n<\/tr>\n<tr class=\"table-data\" align=\"left\" valign=\"middle\">\n<td width=\"30%\" height=\"22\"><strong>NETD<\/strong><\/td>\n<td width=\"70%\" height=\"22\">\u226418mK@300K<\/td>\n<\/tr>\n<tr class=\"table-data\" align=\"left\" valign=\"middle\">\n<td width=\"30%\" height=\"22\"><strong>Gama espetral<\/strong><\/td>\n<td width=\"70%\" height=\"22\">8\uff5e14\u03bcm<\/td>\n<\/tr>\n<tr class=\"table-data\" align=\"left\" valign=\"middle\">\n<td width=\"30%\" height=\"22\"><strong>Lente<\/strong><\/td>\n<td width=\"70%\" height=\"22\">50mm (F#1.0, focagem manual)<\/td>\n<\/tr>\n<tr class=\"table-data\" align=\"left\" valign=\"middle\">\n<td width=\"30%\" height=\"22\"><strong>Tecnologia de obturador<\/strong><\/td>\n<td width=\"70%\" height=\"22\">Shutterless (Tecnologia militar sem obturador)<\/td>\n<\/tr>\n<tr class=\"table-data\" align=\"left\" valign=\"middle\">\n<td width=\"30%\" height=\"22\"><strong>Aumentos<\/strong><\/td>\n<td width=\"70%\" height=\"22\">2,8X<\/td>\n<\/tr>\n<tr class=\"table-data\" align=\"left\" valign=\"middle\">\n<td width=\"30%\" height=\"22\"><strong>\u00c2ngulo de vis\u00e3o<\/strong><\/td>\n<td width=\"70%\" height=\"22\">8.8\u00b0 x 7\u00b0<\/td>\n<\/tr>\n<tr class=\"table-data\" align=\"left\" valign=\"middle\">\n<td width=\"30%\" height=\"22\"><strong>Zoom digital<\/strong><\/td>\n<td width=\"70%\" height=\"22\">1x\uff5e4x cont\u00ednuo<\/td>\n<\/tr>\n<tr class=\"table-data\" align=\"left\" valign=\"middle\">\n<td width=\"30%\" height=\"22\"><strong>Paletas de cores<\/strong><\/td>\n<td width=\"70%\" height=\"22\">6<\/td>\n<\/tr>\n<tr class=\"table-data\" align=\"left\" valign=\"middle\">\n<td width=\"30%\" height=\"22\"><strong>Tipo de ecr\u00e3<\/strong><\/td>\n<td width=\"70%\" height=\"22\">AMOLED 0,39\u2033, resolu\u00e7\u00e3o 1024\u00d7768 pix\u00e9is, 3 tons de imagem<\/td>\n<\/tr>\n<tr class=\"table-data\" align=\"left\" valign=\"middle\">\n<td width=\"30%\" height=\"22\"><strong>Ajuste di\u00f3ptrico<\/strong><\/td>\n<td width=\"70%\" height=\"22\">-5\uff5e+5<\/td>\n<\/tr>\n<tr class=\"table-data\" align=\"left\" valign=\"middle\">\n<td width=\"30%\" height=\"22\"><strong>Dist\u00e2ncia dos olhos<\/strong><\/td>\n<td width=\"70%\" height=\"22\">45 mm<\/td>\n<\/tr>\n<tr class=\"table-data\" align=\"left\" valign=\"middle\">\n<td width=\"30%\" height=\"22\"><strong>For\u00e7a m\u00e1xima de recuo<\/strong><\/td>\n<td width=\"70%\" height=\"22\">6000J<\/td>\n<\/tr>\n<tr class=\"table-data\" align=\"left\" valign=\"middle\">\n<td width=\"30%\" height=\"22\"><strong>Suporte de montagem<\/strong><\/td>\n<td width=\"70%\" height=\"22\">Calha Picatinny<\/td>\n<\/tr>\n<tr class=\"table-data\" align=\"left\" valign=\"middle\">\n<td width=\"30%\" height=\"22\"><strong>Coloc\u00e1-lo ao alcance<\/strong><\/td>\n<td width=\"70%\" height=\"22\">Autom\u00e1tico \/ Manual<\/td>\n<\/tr>\n<tr class=\"table-data\" align=\"left\" valign=\"middle\">\n<td width=\"30%\" height=\"22\"><strong>Reprodu\u00e7\u00e3o de v\u00eddeo e imagem<\/strong><\/td>\n<td width=\"70%\" height=\"22\">SIM<\/td>\n<\/tr>\n<tr class=\"table-data\" align=\"left\" valign=\"middle\">\n<td width=\"30%\" height=\"22\"><strong>Grava\u00e7\u00e3o de \u00e1udio durante a filmagem<\/strong><\/td>\n<td width=\"70%\" height=\"22\">SIM<\/td>\n<\/tr>\n<tr class=\"table-data\" align=\"left\" valign=\"middle\">\n<td width=\"30%\" height=\"22\"><strong>Ret\u00edculo<\/strong><\/td>\n<td width=\"70%\" height=\"22\">7 tipos, mudan\u00e7a autom\u00e1tica de cor P\/B, ponto central verde, vermelho e azul<\/td>\n<\/tr>\n<tr class=\"table-data\" align=\"left\" valign=\"middle\">\n<td width=\"30%\" height=\"22\"><strong>Mem\u00f3ria interna<\/strong><\/td>\n<td width=\"70%\" height=\"22\">64 GB<\/td>\n<\/tr>\n<tr class=\"table-data\" align=\"left\" valign=\"middle\">\n<td width=\"30%\" height=\"22\"><strong>Estimativa da dist\u00e2ncia<\/strong><\/td>\n<td width=\"70%\" height=\"22\">IA (baseada na aprendizagem profunda)<\/td>\n<\/tr>\n<tr class=\"table-data\" align=\"left\" valign=\"middle\">\n<td width=\"30%\" height=\"22\"><strong>Imagem sobre imagem<\/strong><\/td>\n<td width=\"70%\" height=\"22\">Imagem em tamanho reduzido sobreposta \u00e0 imagem principal, diminuindo a vista central do observador.<\/td>\n<\/tr>\n<tr class=\"table-data\" align=\"left\" valign=\"middle\">\n<td width=\"30%\" height=\"22\"><strong>Tipo de pilha<\/strong><\/td>\n<td width=\"70%\" height=\"22\">Bateria substitu\u00edvel, 2\u00d718650 Li<\/td>\n<\/tr>\n<tr class=\"table-data\" align=\"left\" valign=\"middle\">\n<td width=\"30%\" height=\"22\"><strong>Dura\u00e7\u00e3o da bateria<\/strong><\/td>\n<td width=\"70%\" height=\"22\">Tempo de funcionamento cont\u00ednuo 10h<\/td>\n<\/tr>\n<tr class=\"table-data\" align=\"left\" valign=\"middle\">\n<td width=\"30%\" height=\"22\"><strong>Liga\u00e7\u00f5es<\/strong><\/td>\n<td width=\"70%\" height=\"22\">USB magn\u00e9tico para liga\u00e7\u00e3o ao PC para descarregar fotografias e v\u00eddeos<\/td>\n<\/tr>\n<tr class=\"table-data\" align=\"left\" valign=\"middle\">\n<td width=\"30%\" height=\"22\"><strong>Comunica\u00e7\u00e3o<\/strong><\/td>\n<td width=\"70%\" height=\"22\">Liga\u00e7\u00e3o Hotspot com a aplica\u00e7\u00e3o<\/td>\n<\/tr>\n<tr class=\"table-data\" align=\"left\" valign=\"middle\">\n<td width=\"30%\" height=\"22\"><strong>Temperatura de funcionamento<\/strong><\/td>\n<td width=\"70%\" height=\"22\">-20\u2103\uff5e+55\u2103<\/td>\n<\/tr>\n<tr class=\"table-data\" align=\"left\" valign=\"middle\">\n<td width=\"30%\" height=\"22\"><strong>\u00cdndice de prote\u00e7\u00e3o<\/strong><\/td>\n<td width=\"70%\" height=\"22\">IP67, resist\u00eancia a quedas de 1 metro<\/td>\n<\/tr>\n<tr class=\"table-data\" align=\"left\" valign=\"middle\">\n<td width=\"30%\" height=\"22\"><strong>Peso<\/strong><\/td>\n<td width=\"70%\" height=\"22\">687 g<\/td>\n<\/tr>\n<tr class=\"table-data\" align=\"left\" valign=\"middle\">\n<td width=\"30%\" height=\"22\"><strong>Dimens\u00f5es<\/strong><\/td>\n<td width=\"70%\" height=\"22\">201 (L) x 1078 (P) x 72 (A) mm<\/td>\n<\/tr>\n<\/tbody>\n<\/table>\n<\/div>\n<h4><\/h4>\n<h4>Conte\u00fado<\/h4>\n<div class=\"content\">\n<ul class=\"article_list\">\n<li>Viseira t\u00e9rmica ThermTec<\/li>\n<li>Cabo de dados USB magn\u00e9tico<\/li>\n<li>Bateria de l\u00edtio 18650 BATT 4x<\/li>\n<li>Carregador de bateria BATT-LI-CHARGER 18650<\/li>\n<li>Calha Picatinny<\/li>\n<li>Ocular com fole de borracha<\/li>\n<li>Chaves Allen grandes e pequenas<\/li>\n<li>Parafuso de montagem 3X<\/li>\n<li>Pano de limpeza<\/li>\n<\/ul>\n<\/div>","protected":false},"excerpt":{"rendered":"<h3>O <strong data-start=\"280\" data-end=\"313\">VIDAR 650 LRF 2.0 da ThermTec<\/strong> \u00c9 um visor t\u00e9rmico compacto de alto desempenho, concebido para aplica\u00e7\u00f5es exigentes, como ca\u00e7a, vigil\u00e2ncia ou uso profissional em condi\u00e7\u00f5es adversas. Combina alta resolu\u00e7\u00e3o, tel\u00e9metro laser integrado e fun\u00e7\u00f5es inteligentes para oferecer uma experi\u00eancia completa e fi\u00e1vel.<\/h3>","protected":false},"featured_media":26572,"template":"","meta":[],"product_brand":[],"product_cat":[131,144,146,150],"product_tag":[],"class_list":{"0":"post-23453","1":"product","2":"type-product","3":"status-publish","4":"has-post-thumbnail","6":"product_cat-thermtec","7":"product_cat-vision-termica","8":"product_cat-visores-termicos","9":"product_cat-visores-thermtec","11":"first","12":"instock","13":"sale","14":"taxable","15":"shipping-taxable","16":"purchasable","17":"product-type-simple","18":"add-to-wishlist-after_add_to_cart"},"_links":{"self":[{"href":"https:\/\/dinaturez.com\/pt\/wp-json\/wp\/v2\/product\/23453","targetHints":{"allow":["GET"]}}],"collection":[{"href":"https:\/\/dinaturez.com\/pt\/wp-json\/wp\/v2\/product"}],"about":[{"href":"https:\/\/dinaturez.com\/pt\/wp-json\/wp\/v2\/types\/product"}],"wp:featuredmedia":[{"embeddable":true,"href":"https:\/\/dinaturez.com\/pt\/wp-json\/wp\/v2\/media\/26572"}],"wp:attachment":[{"href":"https:\/\/dinaturez.com\/pt\/wp-json\/wp\/v2\/media?parent=23453"}],"wp:term":[{"taxonomy":"product_brand","embeddable":true,"href":"https:\/\/dinaturez.com\/pt\/wp-json\/wp\/v2\/product_brand?post=23453"},{"taxonomy":"product_cat","embeddable":true,"href":"https:\/\/dinaturez.com\/pt\/wp-json\/wp\/v2\/product_cat?post=23453"},{"taxonomy":"product_tag","embeddable":true,"href":"https:\/\/dinaturez.com\/pt\/wp-json\/wp\/v2\/product_tag?post=23453"}],"curies":[{"name":"wp","href":"https:\/\/api.w.org\/{rel}","templated":true}]}}