{"id":23371,"date":"2024-03-15T17:02:10","date_gmt":"2024-03-15T16:02:10","guid":{"rendered":"https:\/\/dinaturez.com\/?post_type=product&#038;p=23371"},"modified":"2025-10-01T11:10:38","modified_gmt":"2025-10-01T09:10:38","slug":"hunt650-clip-on","status":"publish","type":"product","link":"https:\/\/dinaturez.com\/pt\/product\/hunt650-clip-on\/","title":{"rendered":"Clip-On HUNT650 THERMTEC"},"content":{"rendered":"<h3><strong>A HUNT 650 Thermal Clip-On Thermal Clip-On da Thermtec, dispon\u00edvel na Dinaturez, \u00e9 um dispositivo de vis\u00e3o t\u00e9rmica de alto desempenho concebido para converter qualquer mira de espingarda diurna numa ferramenta t\u00e9rmica avan\u00e7ada sem necessidade de recalibra\u00e7\u00e3o. Com um sensor de alta sensibilidade, um maior alcance de dete\u00e7\u00e3o e funcionalidades inteligentes, proporciona imagens ultra n\u00edtidas e uma experi\u00eancia de ca\u00e7a optimizada em qualquer ambiente e condi\u00e7\u00e3o de luz.<\/strong><\/h3>\n<h3>A tecnologia do HUNT 650 foi concebida para satisfazer todas as necessidades do ca\u00e7ador moderno.<\/h3>\n<p>&nbsp;<\/p>\n<h3>Tecnologia t\u00e9rmica avan\u00e7ada para resultados \u00f3ptimos<\/h3>\n<p>&nbsp;<\/p>\n<p><span style=\"color: #0000ff;\"><strong>\u00a0Sensor NETD \u2264 20 mK:<\/strong><\/span> Detecta o calor com a m\u00e1xima precis\u00e3o, garantindo imagens t\u00e9rmicas n\u00edtidas e detalhadas.<\/p>\n<p>Poder\u00e1 desfrutar de uma experi\u00eancia de ca\u00e7a mais gratificante e eficaz.<\/p>\n<p>Isto torna-a a escolha ideal para quem ca\u00e7a em condi\u00e7\u00f5es dif\u00edceis.<\/p>\n<p><strong>\u00a0<span style=\"color: #0000ff;\">Alcance de dete\u00e7\u00e3o at\u00e9 2600 metros:<\/span><\/strong> Com uma lente de 50 mm e um algoritmo avan\u00e7ado, detecta alvos a dist\u00e2ncias extremas, mesmo na escurid\u00e3o total.<\/p>\n<p><strong>\u00a0<span style=\"color: #0000ff;\">Tel\u00e9metro IA inteligente:<\/span><\/strong> Mede automaticamente a dist\u00e2ncia at\u00e9 ao alvo, melhorando a precis\u00e3o em cada disparo.<\/p>\n<p>Isto traduz-se numa maior confian\u00e7a e sucesso em cada sess\u00e3o de ca\u00e7a.<\/p>\n<p><span style=\"color: #0000ff;\"><strong>V\u00eddeo ativado por retrocesso (RAV):<\/strong><\/span> Captura automaticamente antes, durante e depois do disparo, garantindo que n\u00e3o perde nenhuma a\u00e7\u00e3o.<\/p>\n<p><span style=\"color: #0000ff;\"><strong>Corre\u00e7\u00e3o de imagem por auto-aprendizagem:<\/strong><\/span> O dispositivo aprende e adapta-se automaticamente a diferentes cen\u00e1rios, optimizando sempre a qualidade da imagem.<\/p>\n<p><span style=\"color: #0000ff;\"><strong>Estabilidade de imagem ultra-longa:<\/strong> <\/span>Mant\u00e9m a imagem est\u00e1vel durante pelo menos 1 hora sem interrup\u00e7\u00e3o, reduzindo a necessidade de ajustes frequentes e permitindo uma ca\u00e7a mais suave.<\/p>\n<p>&nbsp;<\/p>\n<p><strong>\u00a0Design ergon\u00f3mico e tecnologia para uma experi\u00eancia inigual\u00e1vel <\/strong><strong>Os ca\u00e7adores podem ter a certeza de que est\u00e3o a utilizar tecnologia avan\u00e7ada especificamente concebida para melhorar o seu desempenho e efic\u00e1cia durante a ca\u00e7a.<\/strong><\/p>\n<p>&nbsp;<\/p>\n<p><span style=\"color: #0000ff;\"><strong>Foco preciso:<\/strong> <\/span>Bot\u00e3o de focagem superior com mecanismo optimizado para uma imagem n\u00edtida a qualquer dist\u00e2ncia com um movimento m\u00ednimo.<\/p>\n<p><span style=\"color: #0000ff;\"><strong>Bot\u00f5es t\u00e1cteis silenciosos:<\/strong><\/span> A tecnologia Quiet minimiza o ru\u00eddo para uma ca\u00e7a mais discreta.<\/p>\n<p><span style=\"color: #0000ff;\"><strong>Controlo remoto de anel inteligente Bluetooth:<\/strong><\/span> Permite um acesso r\u00e1pido e preciso a todas as fun\u00e7\u00f5es do dispositivo.<\/p>\n<p>Autonomia de at\u00e9 10 horas com consumo de energia ultra-baixo.<\/p>\n<p>Carregamento r\u00e1pido em 1,5 horas com a caixa de carregamento inclu\u00edda.<\/p>\n<p><span style=\"color: #0000ff;\"><strong>Interface de utilizador adapt\u00e1vel:<\/strong><\/span> Ajusta-se automaticamente ao ecr\u00e3 diurno sem afetar a visualiza\u00e7\u00e3o, garantindo uma experi\u00eancia de utiliza\u00e7\u00e3o \u00f3ptima e ininterrupta.<\/p>\n<p>&nbsp;<\/p>\n<p><strong>Design robusto para todos os tipos de ca\u00e7a<\/strong><\/p>\n<p><strong>Resist\u00eancia IP67:<\/strong> \u00c0 prova de \u00e1gua e de p\u00f3, concebido para resistir a ambientes extremos.<\/p>\n<p><strong>Constru\u00e7\u00e3o robusta:<\/strong> Materiais de alta qualidade garantem durabilidade e fiabilidade em caso de utiliza\u00e7\u00e3o intensiva.<\/p>\n<p><strong>Leve e ergon\u00f3mico:<\/strong> F\u00e1cil de montar e desmontar sem acrescentar peso desnecess\u00e1rio ao seu equipamento.<\/p>\n<p><strong>Bateria de longa dura\u00e7\u00e3o - At\u00e9 16 horas de dura\u00e7\u00e3o da bateria<\/strong><\/p>\n<p>&nbsp;<\/p>\n<p>Possui uma bateria de alto desempenho, que oferece at\u00e9 16 horas de uso cont\u00ednuo, ideal para longas sess\u00f5es de ca\u00e7a, especialmente quando se ca\u00e7a animais que se movem \u00e0 noite, tornando o HUNT 650 uma ferramenta inestim\u00e1vel para o ca\u00e7ador.<\/p>\n<p>F\u00e1cil instala\u00e7\u00e3o e compatibilidade universal<\/p>\n<p><strong>\u00a0Montagem r\u00e1pida sem recalibra\u00e7\u00e3o:<\/strong> Fixa-se diretamente \u00e0 viseira sem necessidade de ferramentas adicionais.<\/p>\n<p><strong>\u00a0Interface intuitiva:<\/strong> Menus e controlos ergon\u00f3micos para uma opera\u00e7\u00e3o f\u00e1cil em a\u00e7\u00e3o.<\/p>\n<p><strong>Porqu\u00ea comprar o ThermTec HUNT 650 na Dinaturez?<\/strong><\/p>\n<p>\u00c9 o aliado perfeito para qualquer ca\u00e7ador que necessite de um dispositivo fi\u00e1vel e de elevado desempenho durante as suas actividades de ca\u00e7a.<\/p>\n<p>Na Dinaturez, propomos produtos de ca\u00e7a de alta qualidade para melhorar os seus desempenhos na ca\u00e7a nocturna. Compre o Clip-On com a garantia de um pre\u00e7o competitivo, conselhos de especialistas e entrega r\u00e1pida.<\/p>\n<p>Al\u00e9m disso, \u00e9 perfeito para quem procura melhorar a sua experi\u00eancia de ca\u00e7a, fornecendo n\u00e3o s\u00f3 imagens t\u00e9rmicas de alta qualidade, mas tamb\u00e9m uma claridade que \u00e9 essencial durante a ca\u00e7a nocturna.<\/p>\n<p>N\u00e3o espere mais para atualizar o seu equipamento de ca\u00e7a nocturna.<\/p>\n<p>Compre agora na Dinaturez e leve a sua experi\u00eancia de ca\u00e7a para o pr\u00f3ximo n\u00edvel.<\/p>\n<h2>Descri\u00e7\u00e3o<\/h2>\n<div class=\"content\">\n<ul class=\"article_list\">\n<li>ThermTec<\/li>\n<li>Acoplador t\u00e9rmico de encaixe<\/li>\n<li>Sensor 640\u00d7512<\/li>\n<li>NETD \u226420mK<\/li>\n<li>Tamanho do pixel 12\u00b5m<\/li>\n<li>Lente de 50 mm<\/li>\n<li>64 GB<\/li>\n<li>C\u00e1lculo da dist\u00e2ncia IA<\/li>\n<li>AMOLED 1024\u00d7768<\/li>\n<li>Captura de imagens e grava\u00e7\u00e3o de v\u00eddeo<\/li>\n<li>WiFi<\/li>\n<li>APP Smartphone<\/li>\n<li>Bateria incorporada com autonomia de at\u00e9 6h<\/li>\n<li>Conector USB tipo C<\/li>\n<li>Prote\u00e7\u00e3o IP67<\/li>\n<li>Dist\u00e2ncia de dete\u00e7\u00e3o 2.600m<\/li>\n<li>Peso 400g<\/li>\n<li>Rosca de adapta\u00e7\u00e3o M52x0,75<\/li>\n<li>Anel de controlo remoto -<\/li>\n<\/ul>\n<\/div>\n<h2>Especifica\u00e7\u00f5es<\/h2>\n<div class=\"content\">\n<table class=\"specs\" border=\"0\" cellspacing=\"0\" cellpadding=\"0\">\n<tbody>\n<tr class=\"table-data\" align=\"left\" valign=\"middle\">\n<td width=\"30%\" height=\"22\"><strong>Marca<\/strong><\/td>\n<td width=\"70%\" height=\"22\">ThermTec<\/td>\n<\/tr>\n<tr class=\"table-data\" align=\"left\" valign=\"middle\">\n<td width=\"30%\" height=\"22\"><strong>Modelo<\/strong><\/td>\n<td width=\"70%\" height=\"22\">HUNT650<\/td>\n<\/tr>\n<tr class=\"table-data\" align=\"left\" valign=\"middle\">\n<td width=\"30%\" height=\"22\"><strong>Sensor de tipos<\/strong><\/td>\n<td width=\"70%\" height=\"22\">Microbol\u00f3metro VOx n\u00e3o arrefecido<\/td>\n<\/tr>\n<tr class=\"table-data\" align=\"left\" valign=\"middle\">\n<td width=\"30%\" height=\"22\"><strong>Resolu\u00e7\u00e3o<\/strong><\/td>\n<td width=\"70%\" height=\"22\">640\u00d7512 p\u00edxeis<\/td>\n<\/tr>\n<tr class=\"table-data\" align=\"left\" valign=\"middle\">\n<td width=\"30%\" height=\"22\"><strong>Tamanho do pixel<\/strong><\/td>\n<td width=\"70%\" height=\"22\">12\u00b5m<\/td>\n<\/tr>\n<tr class=\"table-data\" align=\"left\" valign=\"middle\">\n<td width=\"30%\" height=\"22\"><strong>NETD<\/strong><\/td>\n<td width=\"70%\" height=\"22\">\u226420mK@300K<\/td>\n<\/tr>\n<tr class=\"table-data\" align=\"left\" valign=\"middle\">\n<td width=\"30%\" height=\"22\"><strong>Gama espetral<\/strong><\/td>\n<td width=\"70%\" height=\"22\">8\uff5e14\u03bcm<\/td>\n<\/tr>\n<tr class=\"table-data\" align=\"left\" valign=\"middle\">\n<td width=\"30%\" height=\"22\"><strong>Lente<\/strong><\/td>\n<td width=\"70%\" height=\"22\">50mm (F#1.0)<\/td>\n<\/tr>\n<tr class=\"table-data\" align=\"left\" valign=\"middle\">\n<td width=\"30%\" height=\"22\"><strong>Amplia\u00e7\u00f5es recomendadas do visor<\/strong><\/td>\n<td width=\"70%\" height=\"22\">1-8X<\/td>\n<\/tr>\n<tr class=\"table-data\" align=\"left\" valign=\"middle\">\n<td width=\"30%\" height=\"22\"><strong>\u00c2ngulo de vis\u00e3o<\/strong><\/td>\n<td width=\"70%\" height=\"22\">8,8\u00ba x 7,0\u00ba.<\/td>\n<\/tr>\n<tr class=\"table-data\" align=\"left\" valign=\"middle\">\n<td width=\"30%\" height=\"22\"><strong>Dist\u00e2ncia de identifica\u00e7\u00e3o (humano 1,8 m)<\/strong><\/td>\n<td width=\"70%\" height=\"22\">2.600m<\/td>\n<\/tr>\n<tr class=\"table-data\" align=\"left\" valign=\"middle\">\n<td width=\"30%\" height=\"22\"><strong>Paletas de cores<\/strong><\/td>\n<td width=\"70%\" height=\"22\">6<\/td>\n<\/tr>\n<tr class=\"table-data\" align=\"left\" valign=\"middle\">\n<td width=\"30%\" height=\"22\"><strong>Tipo de ecr\u00e3<\/strong><\/td>\n<td width=\"70%\" height=\"22\">AMOLED 0,39\u2033, resolu\u00e7\u00e3o 1024\u00d7768 pix\u00e9is<\/td>\n<\/tr>\n<tr class=\"table-data\" align=\"left\" valign=\"middle\">\n<td width=\"30%\" height=\"22\"><strong>Mem\u00f3ria interna<\/strong><\/td>\n<td width=\"70%\" height=\"22\">64 GBytes<\/td>\n<\/tr>\n<tr class=\"table-data\" align=\"left\" valign=\"middle\">\n<td width=\"30%\" height=\"22\"><strong>C\u00e1lculo da dist\u00e2ncia<\/strong><\/td>\n<td width=\"70%\" height=\"22\">IA (baseada na aprendizagem profunda)<\/td>\n<\/tr>\n<tr class=\"table-data\" align=\"left\" valign=\"middle\">\n<td width=\"30%\" height=\"22\"><strong>Multim\u00e9dia<\/strong><\/td>\n<td width=\"70%\" height=\"22\">Fotografia, v\u00eddeo, reprodu\u00e7\u00e3o local<\/td>\n<\/tr>\n<tr class=\"table-data\" align=\"left\" valign=\"middle\">\n<td width=\"30%\" height=\"22\"><strong>Tipo de pilha<\/strong><\/td>\n<td width=\"70%\" height=\"22\">Bateria interna<\/td>\n<\/tr>\n<tr class=\"table-data\" align=\"left\" valign=\"middle\">\n<td width=\"30%\" height=\"22\"><strong>Dura\u00e7\u00e3o da bateria<\/strong><\/td>\n<td width=\"70%\" height=\"22\">Tempo de funcionamento cont\u00ednuo at\u00e9 6h<\/td>\n<\/tr>\n<tr class=\"table-data\" align=\"left\" valign=\"middle\">\n<td width=\"30%\" height=\"22\"><strong>Liga\u00e7\u00f5es<\/strong><\/td>\n<td width=\"70%\" height=\"22\">USB-C<br \/>\nLiga\u00e7\u00e3o ao PC para descarregar fotografias e v\u00eddeos<br \/>\nLiga\u00e7\u00e3o de carregamento do dispositivo<\/td>\n<\/tr>\n<tr class=\"table-data\" align=\"left\" valign=\"middle\">\n<td width=\"30%\" height=\"22\"><\/td>\n<td width=\"70%\" height=\"22\">Wi-Fi<br \/>\nLiga\u00e7\u00e3o Wi-Fi com a aplica\u00e7\u00e3o<br \/>\nLiga\u00e7\u00e3o Hotspot com a aplica\u00e7\u00e3o<\/td>\n<\/tr>\n<tr class=\"table-data\" align=\"left\" valign=\"middle\">\n<td width=\"30%\" height=\"22\"><strong>Temperatura de funcionamento<\/strong><\/td>\n<td width=\"70%\" height=\"22\">-20\u2103\uff5e+50\u2103<\/td>\n<\/tr>\n<tr class=\"table-data\" align=\"left\" valign=\"middle\">\n<td width=\"30%\" height=\"22\"><strong>\u00cdndice de prote\u00e7\u00e3o<\/strong><\/td>\n<td width=\"70%\" height=\"22\">IP67, resist\u00eancia a quedas de 1 metro<\/td>\n<\/tr>\n<tr class=\"table-data\" align=\"left\" valign=\"middle\">\n<td width=\"30%\" height=\"22\"><strong>Peso<\/strong><\/td>\n<td width=\"70%\" height=\"22\">4<br \/>\n00g<\/td>\n<\/tr>\n<tr class=\"table-data\" align=\"left\" valign=\"middle\">\n<td width=\"30%\" height=\"22\"><strong>Dimens\u00f5es<\/strong><\/td>\n<td width=\"70%\" height=\"22\">129 (L) \u00d7 70 (P) \u00d7 77 (A) mm<\/td>\n<\/tr>\n<tr class=\"table-data\" align=\"left\" valign=\"middle\">\n<td width=\"30%\" height=\"22\"><strong>Material de constru\u00e7\u00e3o<\/strong><\/td>\n<td width=\"70%\" height=\"22\">Liga de magn\u00e9sio<\/td>\n<\/tr>\n<tr class=\"table-data\" align=\"left\" valign=\"middle\">\n<td width=\"30%\" height=\"22\"><strong>T\u00f3pico de adapta\u00e7\u00e3o<\/strong><\/td>\n<td width=\"70%\" height=\"22\">M52x0,75<\/td>\n<\/tr>\n<tr class=\"table-data\" align=\"left\" valign=\"middle\">\n<td width=\"30%\" height=\"22\"><strong>Controlo remoto<\/strong><\/td>\n<td width=\"70%\" height=\"22\">Anel Bluetooth<\/td>\n<\/tr>\n<tr class=\"table-data\" align=\"left\" valign=\"middle\">\n<td width=\"30%\" height=\"22\"><strong>Grava\u00e7\u00e3o autom\u00e1tica do disparo<\/strong><\/td>\n<td width=\"70%\" height=\"22\">Sim, RAV<\/td>\n<\/tr>\n<\/tbody>\n<\/table>\n<\/div>\n<h2>Conte\u00fado<\/h2>\n<div class=\"content\">\n<ul class=\"article_list\">\n<li>Acoplador t\u00e9rmico de encaixe HUNT650<\/li>\n<li>Anel de controlo remoto<\/li>\n<li>Cabo de dados e de carregamento USB-C<\/li>\n<li>Pano de limpeza<\/li>\n<li>Manual do utilizador<\/li>\n<\/ul>\n<\/div>","protected":false},"excerpt":{"rendered":"<h3>A ThermTec HUNT 650 Thermal Clip-On Thermal Clip-On, dispon\u00edvel na Dinaturez, transforma a sua mira diurna de espingarda num potente dispositivo de vis\u00e3o t\u00e9rmica sem necessidade de recalibra\u00e7\u00e3o. Com um sensor NETD \u2264 20 mK, um alcance de dete\u00e7\u00e3o at\u00e9 2600 m e um tel\u00e9metro IA, oferece imagens t\u00e9rmicas ultra n\u00edtidas e uma precis\u00e3o absoluta. Destaca-se pelo seu v\u00eddeo ativado por recuo (RAV), corre\u00e7\u00e3o de imagem com auto-aprendizagem, focagem precisa e estabilidade de imagem ultra-longa. O seu controlo remoto Bluetooth Smart Ring, bot\u00f5es t\u00e1cteis silenciosos e at\u00e9 16 horas de dura\u00e7\u00e3o da bateria garantem uma experi\u00eancia de ca\u00e7a superior em qualquer ambiente.<\/h3>","protected":false},"featured_media":23372,"template":"","meta":[],"product_brand":[],"product_cat":[149,131,144],"product_tag":[],"class_list":{"0":"post-23371","1":"product","2":"type-product","3":"status-publish","4":"has-post-thumbnail","6":"product_cat-acoples-clip-on","7":"product_cat-thermtec","8":"product_cat-vision-termica","10":"first","11":"instock","12":"taxable","13":"shipping-taxable","14":"purchasable","15":"product-type-simple","16":"add-to-wishlist-after_add_to_cart"},"_links":{"self":[{"href":"https:\/\/dinaturez.com\/pt\/wp-json\/wp\/v2\/product\/23371","targetHints":{"allow":["GET"]}}],"collection":[{"href":"https:\/\/dinaturez.com\/pt\/wp-json\/wp\/v2\/product"}],"about":[{"href":"https:\/\/dinaturez.com\/pt\/wp-json\/wp\/v2\/types\/product"}],"wp:featuredmedia":[{"embeddable":true,"href":"https:\/\/dinaturez.com\/pt\/wp-json\/wp\/v2\/media\/23372"}],"wp:attachment":[{"href":"https:\/\/dinaturez.com\/pt\/wp-json\/wp\/v2\/media?parent=23371"}],"wp:term":[{"taxonomy":"product_brand","embeddable":true,"href":"https:\/\/dinaturez.com\/pt\/wp-json\/wp\/v2\/product_brand?post=23371"},{"taxonomy":"product_cat","embeddable":true,"href":"https:\/\/dinaturez.com\/pt\/wp-json\/wp\/v2\/product_cat?post=23371"},{"taxonomy":"product_tag","embeddable":true,"href":"https:\/\/dinaturez.com\/pt\/wp-json\/wp\/v2\/product_tag?post=23371"}],"curies":[{"name":"wp","href":"https:\/\/api.w.org\/{rel}","templated":true}]}}