{"id":23359,"date":"2024-03-15T16:51:39","date_gmt":"2024-03-15T15:51:39","guid":{"rendered":"https:\/\/dinaturez.com\/?post_type=product&#038;p=23359"},"modified":"2026-05-02T12:25:13","modified_gmt":"2026-05-02T10:25:13","slug":"ares660-lrf","status":"publish","type":"product","link":"https:\/\/dinaturez.com\/pt\/product\/ares660-lrf\/","title":{"rendered":"ARES660-LRF-2.0 THERMTEC"},"content":{"rendered":"<h3>O ARES 660 LRF \u00e9 um visor t\u00e9rmico avan\u00e7ado concebido para observa\u00e7\u00e3o e pontaria a m\u00e9dia e longa dist\u00e2ncia. Possui um sensor t\u00e9rmico VOx n\u00e3o refrigerado de <strong data-start=\"335\" data-end=\"351\">640 \u00d7 512 px<\/strong> (pixel de 12 \u00b5m), o que permite uma imagem t\u00e9rmica detalhada. Possui uma lente de <strong data-start=\"472\" data-end=\"494\">20\/60 mm (F\/1.0)<\/strong> com campo de vis\u00e3o duplo, o que permite ajustar o \u00e2ngulo dependendo da situa\u00e7\u00e3o: um campo amplo para dete\u00e7\u00e3o e uma teleobjetiva para identifica\u00e7\u00e3o\/longa dist\u00e2ncia.<\/h3>\n<h4>Descri\u00e7\u00e3o<\/h4>\n<div class=\"content\">\n<ul class=\"article_list\">\n<li>ThermTec<\/li>\n<li>Visualizador t\u00e9rmico<\/li>\n<li>LRF<\/li>\n<li>Medidor de dist\u00e2ncia a laser 1.000 metros<\/li>\n<li>Resolu\u00e7\u00e3o do sensor 640\u00d7512 VOx<\/li>\n<li>NETD \u226420mK<\/li>\n<li>Tamanho do pixel 12\u00b5m<\/li>\n<li>Lente 20\/60mm<\/li>\n<li>Amplia\u00e7\u00e3o de 1,1X \/ 3,2X<\/li>\n<li>Mem\u00f3ria interna 64 GB<\/li>\n<li>Ecr\u00e3 AMOLED<\/li>\n<li>Captura de imagens e grava\u00e7\u00e3o de v\u00eddeo<\/li>\n<li>Grava\u00e7\u00e3o autom\u00e1tica do disparo<\/li>\n<li>Defini\u00e7\u00e3o manual e autom\u00e1tica<\/li>\n<li>Zoom digital 4x<\/li>\n<li>For\u00e7a de recuo at\u00e9 6000J<\/li>\n<li>5 Perfis de zeragem<\/li>\n<li>6 paletas de cores<\/li>\n<li>7 ret\u00edculos<\/li>\n<li>WiFi<\/li>\n<li>APP Smartphone<\/li>\n<li>Bateria interna e bateria amov\u00edvel com uma autonomia de at\u00e9 12h<\/li>\n<li>Conector USB tipo C<\/li>\n<li>Prote\u00e7\u00e3o IP67<\/li>\n<li>Di\u00e2metro do tubo 30mm<\/li>\n<li>An\u00e9is Weaver inclu\u00eddos<\/li>\n<\/ul>\n<p>&nbsp;<\/p>\n<\/div>\n<h4>Especifica\u00e7\u00f5es<\/h4>\n<div class=\"content\">\n<table class=\"specs\" border=\"0\" cellspacing=\"0\" cellpadding=\"0\">\n<tbody>\n<tr class=\"table-data\" align=\"left\" valign=\"middle\">\n<td width=\"30%\" height=\"22\"><strong>Marca<\/strong><\/td>\n<td width=\"70%\" height=\"22\">ThermTec<\/td>\n<\/tr>\n<tr class=\"table-data\" align=\"left\" valign=\"middle\">\n<td width=\"30%\" height=\"22\"><strong>Tipo de sensor<\/strong><\/td>\n<td width=\"70%\" height=\"22\">Microbol\u00f3metro VOx n\u00e3o arrefecido<\/td>\n<\/tr>\n<tr class=\"table-data\" align=\"left\" valign=\"middle\">\n<td width=\"30%\" height=\"22\"><strong>Resolu\u00e7\u00e3o<\/strong><\/td>\n<td width=\"70%\" height=\"22\">640\u00d7512 p\u00edxeis<\/td>\n<\/tr>\n<tr class=\"table-data\" align=\"left\" valign=\"middle\">\n<td width=\"30%\" height=\"22\"><strong>Tamanho do pixel<\/strong><\/td>\n<td width=\"70%\" height=\"22\">12\u00b5m<\/td>\n<\/tr>\n<tr class=\"table-data\" align=\"left\" valign=\"middle\">\n<td width=\"30%\" height=\"22\"><strong>NETD<\/strong><\/td>\n<td width=\"70%\" height=\"22\">\u226420mK@300K<\/td>\n<\/tr>\n<tr class=\"table-data\" align=\"left\" valign=\"middle\">\n<td width=\"30%\" height=\"22\"><strong>Gama espetral<\/strong><\/td>\n<td width=\"70%\" height=\"22\">8\uff5e14\u03bcm<\/td>\n<\/tr>\n<tr class=\"table-data\" align=\"left\" valign=\"middle\">\n<td width=\"30%\" height=\"22\"><strong>Lente<\/strong><\/td>\n<td width=\"70%\" height=\"22\">20\/60mm (F#1.0, focagem manual)<\/td>\n<\/tr>\n<tr class=\"table-data\" align=\"left\" valign=\"middle\">\n<td width=\"30%\" height=\"22\"><strong>Medidor de dist\u00e2ncia<\/strong><\/td>\n<td width=\"70%\" height=\"22\">LRF, laser, at\u00e9 1.000 metros<\/td>\n<\/tr>\n<tr class=\"table-data\" align=\"left\" valign=\"middle\">\n<td width=\"30%\" height=\"22\"><strong>Tecnologia de obturador<\/strong><\/td>\n<td width=\"70%\" height=\"22\">Shutterless (Tecnologia militar sem obturador)<\/td>\n<\/tr>\n<tr class=\"table-data\" align=\"left\" valign=\"middle\">\n<td width=\"30%\" height=\"22\"><strong>Aumentos<\/strong><\/td>\n<td width=\"70%\" height=\"22\">1,1X \/ 3,2X<\/td>\n<\/tr>\n<tr class=\"table-data\" align=\"left\" valign=\"middle\">\n<td width=\"30%\" height=\"22\"><strong>\u00c2ngulo de vis\u00e3o<\/strong><\/td>\n<td width=\"70%\" height=\"22\">21,7\u00b0 x 17,4\u00b0 \/ 7,3\u00b0 x 5,9\u00b0 \/ 21,7\u00b0 x 17,4\u00b0 \/ 7,3\u00b0 x 5,9\u00b0<\/td>\n<\/tr>\n<tr class=\"table-data\" align=\"left\" valign=\"middle\">\n<td width=\"30%\" height=\"22\"><strong>Zoom digital<\/strong><\/td>\n<td width=\"70%\" height=\"22\">1x\uff5e5x cont\u00ednuo<\/td>\n<\/tr>\n<tr class=\"table-data\" align=\"left\" valign=\"middle\">\n<td width=\"30%\" height=\"22\"><strong>Paletas de cores<\/strong><\/td>\n<td width=\"70%\" height=\"22\">6<\/td>\n<\/tr>\n<tr class=\"table-data\" align=\"left\" valign=\"middle\">\n<td width=\"30%\" height=\"22\"><strong>Tipo de ecr\u00e3<\/strong><\/td>\n<td width=\"70%\" height=\"22\">AMOLED 0,39\u2033, resolu\u00e7\u00e3o 1024\u00d7768 pix\u00e9is, 3 modos de imagem<\/td>\n<\/tr>\n<tr class=\"table-data\" align=\"left\" valign=\"middle\">\n<td width=\"30%\" height=\"22\"><strong>Ajuste di\u00f3ptrico<\/strong><\/td>\n<td width=\"70%\" height=\"22\">-5\uff5e+5<\/td>\n<\/tr>\n<tr class=\"table-data\" align=\"left\" valign=\"middle\">\n<td width=\"30%\" height=\"22\"><strong>Dist\u00e2ncia dos olhos<\/strong><\/td>\n<td width=\"70%\" height=\"22\">50mm<\/td>\n<\/tr>\n<tr class=\"table-data\" align=\"left\" valign=\"middle\">\n<td width=\"30%\" height=\"22\"><strong>For\u00e7a m\u00e1xima de recuo<\/strong><\/td>\n<td width=\"70%\" height=\"22\">6000J<\/td>\n<\/tr>\n<tr class=\"table-data\" align=\"left\" valign=\"middle\">\n<td width=\"30%\" height=\"22\"><strong>Montagem<\/strong><\/td>\n<td width=\"70%\" height=\"22\">2x an\u00e9is Weaver de 30 mm<\/td>\n<\/tr>\n<tr class=\"table-data\" align=\"left\" valign=\"middle\">\n<td width=\"30%\" height=\"22\"><strong>Zeragem<\/strong><\/td>\n<td width=\"70%\" height=\"22\">Autom\u00e1tico \/ Manual<\/td>\n<\/tr>\n<tr class=\"table-data\" align=\"left\" valign=\"middle\">\n<td width=\"30%\" height=\"22\"><strong>Reprodu\u00e7\u00e3o de v\u00eddeo e imagem<\/strong><\/td>\n<td width=\"70%\" height=\"22\">SIM<\/td>\n<\/tr>\n<tr class=\"table-data\" align=\"left\" valign=\"middle\">\n<td width=\"30%\" height=\"22\"><strong>Grava\u00e7\u00e3o de \u00e1udio durante a filmagem<\/strong><\/td>\n<td width=\"70%\" height=\"22\">SIM<\/td>\n<\/tr>\n<tr class=\"table-data\" align=\"left\" valign=\"middle\">\n<td width=\"30%\" height=\"22\"><strong>Ret\u00edculo<\/strong><\/td>\n<td width=\"70%\" height=\"22\">7 (ponto central preto, branco, vermelho e azul)<\/td>\n<\/tr>\n<tr class=\"table-data\" align=\"left\" valign=\"middle\">\n<td width=\"30%\" height=\"22\"><strong>Mem\u00f3ria interna<\/strong><\/td>\n<td width=\"70%\" height=\"22\">16 GB<\/td>\n<\/tr>\n<tr class=\"table-data\" align=\"left\" valign=\"middle\">\n<td width=\"30%\" height=\"22\"><strong>Procurador de calor<\/strong><\/td>\n<td width=\"70%\" height=\"22\">SIM<\/td>\n<\/tr>\n<tr class=\"table-data\" align=\"left\" valign=\"middle\">\n<td width=\"30%\" height=\"22\"><strong>Imagem sobre imagem<\/strong><\/td>\n<td width=\"70%\" height=\"22\">Imagem em tamanho reduzido sobreposta \u00e0 imagem principal, diminuindo a vista central do observador.<\/td>\n<\/tr>\n<tr class=\"table-data\" align=\"left\" valign=\"middle\">\n<td width=\"30%\" height=\"22\"><strong>Tipo de pilha<\/strong><\/td>\n<td width=\"70%\" height=\"22\">Bateria interna e bateria substitu\u00edvel, 1x 18650 Li ou 1x 18500 Li<\/td>\n<\/tr>\n<tr class=\"table-data\" align=\"left\" valign=\"middle\">\n<td width=\"30%\" height=\"22\"><strong>Dura\u00e7\u00e3o da bateria<\/strong><\/td>\n<td width=\"70%\" height=\"22\">Tempo de funcionamento cont\u00ednuo at\u00e9 16h<\/td>\n<\/tr>\n<tr class=\"table-data\" align=\"left\" valign=\"middle\">\n<td width=\"30%\" height=\"22\"><strong>Liga\u00e7\u00f5es<\/strong><\/td>\n<td width=\"70%\" height=\"22\">USB tipo C para liga\u00e7\u00e3o ao PC para descarregar fotografias e v\u00eddeos<\/td>\n<\/tr>\n<tr class=\"table-data\" align=\"left\" valign=\"middle\">\n<td width=\"30%\" height=\"22\"><strong>Comunica\u00e7\u00e3o<\/strong><\/td>\n<td width=\"70%\" height=\"22\">Liga\u00e7\u00e3o Hotspot com a aplica\u00e7\u00e3o<\/td>\n<\/tr>\n<tr class=\"table-data\" align=\"left\" valign=\"middle\">\n<td width=\"30%\" height=\"22\"><strong>Temperatura de funcionamento<\/strong><\/td>\n<td width=\"70%\" height=\"22\">-20\u2103\uff5e+50\u2103<\/td>\n<\/tr>\n<tr class=\"table-data\" align=\"left\" valign=\"middle\">\n<td width=\"30%\" height=\"22\"><strong>\u00cdndice de prote\u00e7\u00e3o<\/strong><\/td>\n<td width=\"70%\" height=\"22\">IP67, resist\u00eancia a quedas de 1 metro<\/td>\n<\/tr>\n<tr class=\"table-data\" align=\"left\" valign=\"middle\">\n<td width=\"30%\" height=\"22\"><strong>Peso<\/strong><\/td>\n<td width=\"70%\" height=\"22\">1.117g<\/td>\n<\/tr>\n<tr class=\"table-data\" align=\"left\" valign=\"middle\">\n<td width=\"30%\" height=\"22\"><strong>Dimens\u00f5es<\/strong><\/td>\n<td width=\"70%\" height=\"22\">438 mm \u00d7 104 mm \u00d7 93 mm<\/td>\n<\/tr>\n<\/tbody>\n<\/table>\n<\/div>\n<h3><\/h3>\n<h4>Conte\u00fado<\/h4>\n<div class=\"content\">\n<ul class=\"article_list\">\n<li>Viseira t\u00e9rmica ThermTec<\/li>\n<li>Fole de olho magn\u00e9tico<\/li>\n<li>Cabo de dados USB-C<\/li>\n<li>Cobertura protetora<\/li>\n<li>Suporte para bateria 18650 (bateria BATT-ER18650 INCLU\u00cdDA)<\/li>\n<li>Suporte da pilha 18500 (pilha N\u00c3O INCLU\u00cdDA)<\/li>\n<li>Carregador de bateria BATT-LI-CHARGER 18650<\/li>\n<li>An\u00e9is Picatinny de 30 mm - 2X<\/li>\n<li>18650 Li - 2X baterias<\/li>\n<\/ul>\n<\/div>","protected":false},"excerpt":{"rendered":"<h3>O ARES 660 LRF \u00e9 um visor t\u00e9rmico avan\u00e7ado concebido para observa\u00e7\u00e3o e pontaria a m\u00e9dia e longa dist\u00e2ncia. Possui um sensor t\u00e9rmico VOx n\u00e3o refrigerado de <strong data-start=\"335\" data-end=\"351\">640 \u00d7 512 px<\/strong> (pixel de 12 \u00b5m), o que permite uma imagem t\u00e9rmica detalhada. Possui uma lente de <strong data-start=\"472\" data-end=\"494\">20\/60 mm (F\/1.0)<\/strong> com campo de vis\u00e3o duplo, o que permite ajustar o \u00e2ngulo dependendo da situa\u00e7\u00e3o: um campo amplo para dete\u00e7\u00e3o e uma teleobjetiva para identifica\u00e7\u00e3o\/longa dist\u00e2ncia.<\/h3>","protected":false},"featured_media":24679,"template":"","meta":[],"product_brand":[],"product_cat":[131,144,146,150],"product_tag":[],"class_list":{"0":"post-23359","1":"product","2":"type-product","3":"status-publish","4":"has-post-thumbnail","6":"product_cat-thermtec","7":"product_cat-vision-termica","8":"product_cat-visores-termicos","9":"product_cat-visores-thermtec","11":"first","12":"instock","13":"sale","14":"taxable","15":"shipping-taxable","16":"purchasable","17":"product-type-simple","18":"add-to-wishlist-after_add_to_cart"},"_links":{"self":[{"href":"https:\/\/dinaturez.com\/pt\/wp-json\/wp\/v2\/product\/23359","targetHints":{"allow":["GET"]}}],"collection":[{"href":"https:\/\/dinaturez.com\/pt\/wp-json\/wp\/v2\/product"}],"about":[{"href":"https:\/\/dinaturez.com\/pt\/wp-json\/wp\/v2\/types\/product"}],"wp:featuredmedia":[{"embeddable":true,"href":"https:\/\/dinaturez.com\/pt\/wp-json\/wp\/v2\/media\/24679"}],"wp:attachment":[{"href":"https:\/\/dinaturez.com\/pt\/wp-json\/wp\/v2\/media?parent=23359"}],"wp:term":[{"taxonomy":"product_brand","embeddable":true,"href":"https:\/\/dinaturez.com\/pt\/wp-json\/wp\/v2\/product_brand?post=23359"},{"taxonomy":"product_cat","embeddable":true,"href":"https:\/\/dinaturez.com\/pt\/wp-json\/wp\/v2\/product_cat?post=23359"},{"taxonomy":"product_tag","embeddable":true,"href":"https:\/\/dinaturez.com\/pt\/wp-json\/wp\/v2\/product_tag?post=23359"}],"curies":[{"name":"wp","href":"https:\/\/api.w.org\/{rel}","templated":true}]}}