{"id":23299,"date":"2024-03-18T21:32:33","date_gmt":"2024-03-18T20:32:33","guid":{"rendered":"https:\/\/dinaturez.com\/?post_type=product&#038;p=23299"},"modified":"2025-02-22T10:37:01","modified_gmt":"2025-02-22T09:37:01","slug":"cyclops640d","status":"publish","type":"product","link":"https:\/\/dinaturez.com\/pt\/product\/cyclops640d\/","title":{"rendered":"CYCLOPS640D"},"content":{"rendered":"<ul>\n<li>ThermEye CYCLOPS340-D<\/li>\n<li>Mon\u00f3culo t\u00e9rmico<\/li>\n<li>Resolu\u00e7\u00e3o 640\u00d7512 p\u00edxeis, sensor 12\u00b5m<\/li>\n<li>Objetiva 20 \/ 40 mm (zoom \u00f3tico 2x)<\/li>\n<li>Amplia\u00e7\u00f5es 1,1x-2,2x<\/li>\n<li>Grau de prote\u00e7\u00e3o IP67<\/li>\n<\/ul>\n<h2>Descri\u00e7\u00e3o<\/h2>\n<div class=\"content\">\n<ul class=\"article_list\">\n<li>ThermEye<\/li>\n<li>Mon\u00f3culo t\u00e9rmico<\/li>\n<li>Resolu\u00e7\u00e3o t\u00e9rmica 640\u00d7512 VOx<\/li>\n<li>NETD \u226425mK<\/li>\n<li>Tamanho do pixel 12\u00b5m<\/li>\n<li>Duplo campo de vis\u00e3o Lente 20\/40 mm<\/li>\n<li>Zoom \u00f3tico de 2x<\/li>\n<li>Zoom digital 6x<\/li>\n<li>Amplia\u00e7\u00f5es 1,1x-2,2x<\/li>\n<li>Redu\u00e7\u00e3o de ru\u00eddo 3D-DNR<\/li>\n<li>Mem\u00f3ria interna 32GB<\/li>\n<li>Medi\u00e7\u00e3o da dist\u00e2ncia AI<\/li>\n<li>GPS<\/li>\n<li>Ecr\u00e3 AMOLED<\/li>\n<li>Captura de imagens e grava\u00e7\u00e3o de v\u00eddeo<\/li>\n<li>Sa\u00edda de v\u00eddeo anal\u00f3gica<\/li>\n<li>WiFi<\/li>\n<li>APP para smartphone com notifica\u00e7\u00e3o push por movimento<\/li>\n<li>Bateria incorporada com autonomia de at\u00e9 12h<\/li>\n<li>Conector USB tipo C<\/li>\n<li>Prote\u00e7\u00e3o IP67<\/li>\n<\/ul>\n<\/div>\n<h2>Especifica\u00e7\u00f5es<\/h2>\n<div class=\"content\">\n<table class=\"specs\" border=\"0\" cellspacing=\"0\" cellpadding=\"0\">\n<tbody>\n<tr class=\"table-data\" align=\"left\" valign=\"middle\">\n<td width=\"30%\" height=\"22\"><strong>Marca<\/strong><\/td>\n<td width=\"70%\" height=\"22\">ThermEye<\/td>\n<\/tr>\n<tr class=\"table-data\" align=\"left\" valign=\"middle\">\n<td width=\"30%\" height=\"22\"><strong>Tipo de sensor<\/strong><\/td>\n<td width=\"70%\" height=\"22\">Microbol\u00f3metro VOx n\u00e3o arrefecido<\/td>\n<\/tr>\n<tr class=\"table-data\" align=\"left\" valign=\"middle\">\n<td width=\"30%\" height=\"22\"><strong>Resolu\u00e7\u00e3o<\/strong><\/td>\n<td width=\"70%\" height=\"22\">640\u00d7512 p\u00edxeis<\/td>\n<\/tr>\n<tr class=\"table-data\" align=\"left\" valign=\"middle\">\n<td width=\"30%\" height=\"22\"><strong>Tamanho do pixel<\/strong><\/td>\n<td width=\"70%\" height=\"22\">12\u00b5m<\/td>\n<\/tr>\n<tr class=\"table-data\" align=\"left\" valign=\"middle\">\n<td width=\"30%\" height=\"22\"><strong>NETD<\/strong><\/td>\n<td width=\"70%\" height=\"22\">\u226425mK@300K<\/td>\n<\/tr>\n<tr class=\"table-data\" align=\"left\" valign=\"middle\">\n<td width=\"30%\" height=\"22\"><strong>Gama espetral<\/strong><\/td>\n<td width=\"70%\" height=\"22\">8\uff5e14\u03bcm<\/td>\n<\/tr>\n<tr class=\"table-data\" align=\"left\" valign=\"middle\">\n<td width=\"30%\" height=\"22\"><strong>Lente<\/strong><\/td>\n<td width=\"70%\" height=\"22\">20 \/ 40mm (F#1.0, focagem manual)<\/td>\n<\/tr>\n<tr class=\"table-data\" align=\"left\" valign=\"middle\">\n<td width=\"30%\" height=\"22\"><strong>Aumentos<\/strong><\/td>\n<td width=\"70%\" height=\"22\">1,1x-2,2x<\/td>\n<\/tr>\n<tr class=\"table-data\" align=\"left\" valign=\"middle\">\n<td width=\"30%\" height=\"22\"><strong>Zoom \u00f3tico<\/strong><\/td>\n<td width=\"70%\" height=\"22\">2x (duplo campo de vis\u00e3o)<\/td>\n<\/tr>\n<tr class=\"table-data\" align=\"left\" valign=\"middle\">\n<td width=\"30%\" height=\"22\"><strong>\u00c2ngulo de vis\u00e3o<\/strong><\/td>\n<td width=\"70%\" height=\"22\">21,7\u00ba x 17,5\u00ba \/ 11,0\u00ba x 8,8\u00ba \/ 21,7\u00ba x 17,5\u00ba \/ 11,0\u00ba x 8,8\u00ba.<\/td>\n<\/tr>\n<tr class=\"table-data\" align=\"left\" valign=\"middle\">\n<td width=\"30%\" height=\"22\"><strong>Zoom digital<\/strong><\/td>\n<td width=\"70%\" height=\"22\">1-6x<\/td>\n<\/tr>\n<tr class=\"table-data\" align=\"left\" valign=\"middle\">\n<td width=\"30%\" height=\"22\"><strong>Alcance de dete\u00e7\u00e3o<\/strong><\/td>\n<td width=\"70%\" height=\"22\">20 mm<br \/>\nHumano: 1000 m<br \/>\nVe\u00edculo: 2222 m<\/p>\n<p>40 mm<br \/>\nHumano: 2000 m<br \/>\nVe\u00edculo: 4444 m<\/td>\n<\/tr>\n<tr class=\"table-data\" align=\"left\" valign=\"middle\">\n<td width=\"30%\" height=\"22\"><strong>Paletas de cores<\/strong><\/td>\n<td width=\"70%\" height=\"22\">6<\/td>\n<\/tr>\n<tr class=\"table-data\" align=\"left\" valign=\"middle\">\n<td width=\"30%\" height=\"22\"><strong>Tipo de ecr\u00e3<\/strong><\/td>\n<td width=\"70%\" height=\"22\">AMOLED 0,39\u2033, resolu\u00e7\u00e3o 1024\u00d7768 pix\u00e9is, 3 modos de imagem<\/td>\n<\/tr>\n<tr class=\"table-data\" align=\"left\" valign=\"middle\">\n<td width=\"30%\" height=\"22\"><strong>Ajuste di\u00f3ptrico<\/strong><\/td>\n<td width=\"70%\" height=\"22\">-5\uff5e+5<\/td>\n<\/tr>\n<tr class=\"table-data\" align=\"left\" valign=\"middle\">\n<td width=\"30%\" height=\"22\"><strong>Dist\u00e2ncia dos olhos<\/strong><\/td>\n<td width=\"70%\" height=\"22\">40 mm<\/td>\n<\/tr>\n<tr class=\"table-data\" align=\"left\" valign=\"middle\">\n<td width=\"30%\" height=\"22\"><strong>Reprodu\u00e7\u00e3o de v\u00eddeo e imagem<\/strong><\/td>\n<td width=\"70%\" height=\"22\">SIM<\/td>\n<\/tr>\n<tr class=\"table-data\" align=\"left\" valign=\"middle\">\n<td width=\"30%\" height=\"22\"><strong>Grava\u00e7\u00e3o de \u00e1udio durante a filmagem<\/strong><\/td>\n<td width=\"70%\" height=\"22\">SIM<\/td>\n<\/tr>\n<tr class=\"table-data\" align=\"left\" valign=\"middle\">\n<td width=\"30%\" height=\"22\"><strong>Mem\u00f3ria interna<\/strong><\/td>\n<td width=\"70%\" height=\"22\">32 GB<\/td>\n<\/tr>\n<tr class=\"table-data\" align=\"left\" valign=\"middle\">\n<td width=\"30%\" height=\"22\"><strong>Medi\u00e7\u00e3o de dist\u00e2ncias<\/strong><\/td>\n<td width=\"70%\" height=\"22\">IA (baseada na aprendizagem profunda), MIL<\/td>\n<\/tr>\n<tr class=\"table-data\" align=\"left\" valign=\"middle\">\n<td width=\"30%\" height=\"22\"><strong>Procurador de calor<\/strong><\/td>\n<td width=\"70%\" height=\"22\">SIM<\/td>\n<\/tr>\n<tr class=\"table-data\" align=\"left\" valign=\"middle\">\n<td width=\"30%\" height=\"22\"><strong>Imagem sobre imagem<\/strong><\/td>\n<td width=\"70%\" height=\"22\">Imagem em tamanho reduzido sobreposta \u00e0 imagem principal, com amplia\u00e7\u00e3o da vista central do mon\u00f3culo.<\/td>\n<\/tr>\n<tr class=\"table-data\" align=\"left\" valign=\"middle\">\n<td width=\"30%\" height=\"22\"><strong>Dete\u00e7\u00e3o de movimento<\/strong><\/td>\n<td width=\"70%\" height=\"22\">SIM (Trajet\u00f3ria do alvo no movimento)<\/td>\n<\/tr>\n<tr class=\"table-data\" align=\"left\" valign=\"middle\">\n<td width=\"30%\" height=\"22\"><strong>Notifica\u00e7\u00f5es<\/strong><\/td>\n<td width=\"70%\" height=\"22\">Notifica\u00e7\u00e3o PUSH sobre dete\u00e7\u00e3o de movimento<\/td>\n<\/tr>\n<tr class=\"table-data\" align=\"left\" valign=\"middle\">\n<td width=\"30%\" height=\"22\"><strong>Bateria<\/strong><\/td>\n<td width=\"70%\" height=\"22\">Interno<\/td>\n<\/tr>\n<tr class=\"table-data\" align=\"left\" valign=\"middle\">\n<td width=\"30%\" height=\"22\"><strong>Dura\u00e7\u00e3o da bateria<\/strong><\/td>\n<td width=\"70%\" height=\"22\">Tempo de funcionamento cont\u00ednuo \u2265 12h<\/td>\n<\/tr>\n<tr class=\"table-data\" align=\"left\" valign=\"middle\">\n<td width=\"30%\" height=\"22\"><strong>Liga\u00e7\u00f5es<\/strong><\/td>\n<td width=\"70%\" height=\"22\">USB tipo C para liga\u00e7\u00e3o ao PC para descarregar fotografias e v\u00eddeos<\/td>\n<\/tr>\n<tr class=\"table-data\" align=\"left\" valign=\"middle\">\n<td width=\"30%\" height=\"22\"><strong>Comunica\u00e7\u00e3o<\/strong><\/td>\n<td width=\"70%\" height=\"22\">Wi-Fi<br \/>\nLiga\u00e7\u00e3o Wi-Fi com a aplica\u00e7\u00e3o<br \/>\nLiga\u00e7\u00e3o Hotspot com a aplica\u00e7\u00e3o<\/td>\n<\/tr>\n<tr class=\"table-data\" align=\"left\" valign=\"middle\">\n<td width=\"30%\" height=\"22\"><strong>Temperatura de funcionamento<\/strong><\/td>\n<td width=\"70%\" height=\"22\">-20\u2103\uff5e+50\u2103<\/td>\n<\/tr>\n<tr class=\"table-data\" align=\"left\" valign=\"middle\">\n<td width=\"30%\" height=\"22\"><strong>\u00cdndice de prote\u00e7\u00e3o<\/strong><\/td>\n<td width=\"70%\" height=\"22\">IP67, resist\u00eancia a quedas de 1 metro<\/td>\n<\/tr>\n<tr class=\"table-data\" align=\"left\" valign=\"middle\">\n<td width=\"30%\" height=\"22\"><strong>Dimens\u00f5es<\/strong><\/td>\n<td width=\"70%\" height=\"22\">66 \u00d7 62 \u00d7 200 mm<\/td>\n<\/tr>\n<tr class=\"table-data\" align=\"left\" valign=\"middle\">\n<td width=\"30%\" height=\"22\"><strong>Peso<\/strong><\/td>\n<td width=\"70%\" height=\"22\">550g<\/td>\n<\/tr>\n<\/tbody>\n<\/table>\n<\/div>\n<h2>Conte\u00fado<\/h2>\n<div class=\"content\">\n<ul class=\"article_list\">\n<li>Mon\u00f3culo t\u00e9rmico ThermEye<\/li>\n<li>Cabo de dados USB-C<\/li>\n<li>Cabo de v\u00eddeo anal\u00f3gico<\/li>\n<li>Bracelete de pulso<\/li>\n<\/ul>\n<\/div>","protected":false},"excerpt":{"rendered":"<p>ThermEye CYCLOPS340-D Monocular t\u00e9rmico Resolu\u00e7\u00e3o 640\u00d7512 pixels, Sensor 12\u00b5m Lente 20 \/ 40 mm (2x zoom \u00f3tico) Amplia\u00e7\u00e3o 1.1x-2.2x \u00cdndice de prote\u00e7\u00e3o IP67 Descri\u00e7\u00e3o ThermEye Monocular t\u00e9rmico Resolu\u00e7\u00e3o t\u00e9rmica 640\u00d7512 VOx NETD \u226425mK Tamanho do pixel 12\u00b5m Campo de vis\u00e3o duplo Lente 20\/40 mm Zoom \u00f3tico 2x Zoom digital 6x Amplia\u00e7\u00e3o 1.1x-2.2x Redu\u00e7\u00e3o do ru\u00eddo [...]<\/p>","protected":false},"featured_media":23300,"template":"","meta":[],"product_brand":[],"product_cat":[152,147,131,144],"product_tag":[],"class_list":{"0":"post-23299","1":"product","2":"type-product","3":"status-publish","4":"has-post-thumbnail","6":"product_cat-monoculares-cyclops","7":"product_cat-monoculares-termicos","8":"product_cat-thermtec","9":"product_cat-vision-termica","11":"first","12":"instock","13":"sale","14":"taxable","15":"shipping-taxable","16":"purchasable","17":"product-type-simple","18":"add-to-wishlist-after_add_to_cart"},"_links":{"self":[{"href":"https:\/\/dinaturez.com\/pt\/wp-json\/wp\/v2\/product\/23299","targetHints":{"allow":["GET"]}}],"collection":[{"href":"https:\/\/dinaturez.com\/pt\/wp-json\/wp\/v2\/product"}],"about":[{"href":"https:\/\/dinaturez.com\/pt\/wp-json\/wp\/v2\/types\/product"}],"wp:featuredmedia":[{"embeddable":true,"href":"https:\/\/dinaturez.com\/pt\/wp-json\/wp\/v2\/media\/23300"}],"wp:attachment":[{"href":"https:\/\/dinaturez.com\/pt\/wp-json\/wp\/v2\/media?parent=23299"}],"wp:term":[{"taxonomy":"product_brand","embeddable":true,"href":"https:\/\/dinaturez.com\/pt\/wp-json\/wp\/v2\/product_brand?post=23299"},{"taxonomy":"product_cat","embeddable":true,"href":"https:\/\/dinaturez.com\/pt\/wp-json\/wp\/v2\/product_cat?post=23299"},{"taxonomy":"product_tag","embeddable":true,"href":"https:\/\/dinaturez.com\/pt\/wp-json\/wp\/v2\/product_tag?post=23299"}],"curies":[{"name":"wp","href":"https:\/\/api.w.org\/{rel}","templated":true}]}}